{"id":42,"date":"2022-05-12T18:58:11","date_gmt":"2022-05-12T18:58:11","guid":{"rendered":"http:\/\/it2021.innovandolatradicion.org\/?page_id=42"},"modified":"2024-10-07T16:41:30","modified_gmt":"2024-10-07T22:41:30","slug":"contacto","status":"publish","type":"page","link":"https:\/\/innovandolatradicion.org\/en\/contacto\/","title":{"rendered":"Contact us"},"content":{"rendered":"<p>[et_pb_section fb_built=&#8221;1&#8243; disabled_on=&#8221;on|on|off&#8221; admin_label=&#8221;lenguage-header-yellow&#8221; _builder_version=&#8221;4.17.4&#8243; _module_preset=&#8221;default&#8221; background_color=&#8221;gcid-a9e70928-2602-4962-82d5-9b476600946c&#8221; height=&#8221;100px&#8221; height_tablet=&#8221;70px&#8221; height_phone=&#8221;50px&#8221; height_last_edited=&#8221;on|phone&#8221; max_height=&#8221;100px&#8221; custom_padding=&#8221;0px|5vw|0px|5vw|true|true&#8221; custom_css_main_element=&#8221;width: calc(100% &#8211; 300px);||margin-left:300px !important;&#8221; border_width_bottom=&#8221;4px&#8221; border_color_bottom=&#8221;gcid-1e2fd13e-1b2f-4961-8527-1e8cfd255614&#8243; global_colors_info=&#8221;{%22gcid-a9e70928-2602-4962-82d5-9b476600946c%22:%91%22background_color%22%93,%22gcid-1e2fd13e-1b2f-4961-8527-1e8cfd255614%22:%91%22border_color_bottom%22%93}&#8221; custom_css_main_element_last_edited=&#8221;on|tablet&#8221; custom_css_main_element_tablet=&#8221;width: 100%;&#8221; custom_css_main_element_phone=&#8221;width: 100%;&#8221;][\/et_pb_section][et_pb_section fb_built=&#8221;1&#8243; custom_padding_last_edited=&#8221;on|phone&#8221; admin_label=&#8221;title-header-yellow&#8221; _builder_version=&#8221;4.19.4&#8243; _module_preset=&#8221;default&#8221; background_color=&#8221;gcid-a9e70928-2602-4962-82d5-9b476600946c&#8221; positioning=&#8221;none&#8221; custom_padding=&#8221;0px|3vw|0px|3vw|false|true&#8221; custom_padding_tablet=&#8221;0px|6vw|0px|6vw|true|true&#8221; custom_padding_phone=&#8221;0px|8vw|0px|8vw|true|true&#8221; custom_css_main_element=&#8221;width: calc(100% &#8211; 300px);||margin-left:300px !important;&#8221; global_colors_info=&#8221;{%22gcid-a9e70928-2602-4962-82d5-9b476600946c%22:%91%22background_color%22%93}&#8221; custom_css_main_element_last_edited=&#8221;on|phone&#8221; custom_css_main_element_tablet=&#8221;width: 100%;&#8221; custom_css_main_element_phone=&#8221;width: 100%;&#8221;][et_pb_row _builder_version=&#8221;4.17.4&#8243; _module_preset=&#8221;default&#8221; width=&#8221;100%&#8221; max_width=&#8221;100%&#8221; global_colors_info=&#8221;{}&#8221;][et_pb_column type=&#8221;4_4&#8243; _builder_version=&#8221;4.17.4&#8243; _module_preset=&#8221;default&#8221; global_colors_info=&#8221;{}&#8221;][lwp_divi_breadcrumbs font_icon=&#8221;&#x35;||divi||400&#8243; use_before_icon=&#8221;off&#8221; link_color=&#8221;gcid-cd28a455-10ce-4391-b769-b9d2c09cf429&#8243; separator_color=&#8221;gcid-1e2fd13e-1b2f-4961-8527-1e8cfd255614&#8243; current_text_color=&#8221;gcid-1e2fd13e-1b2f-4961-8527-1e8cfd255614&#8243; _builder_version=&#8221;4.19.4&#8243; _module_preset=&#8221;default&#8221; module_font=&#8221;Bebas Neue|||on|||||&#8221; module_font_size=&#8221;20px&#8221; sticky_position=&#8221;top&#8221; module_font_size_tablet=&#8221;16px&#8221; module_font_size_phone=&#8221;14px&#8221; module_font_size_last_edited=&#8221;on|phone&#8221; global_colors_info=&#8221;{%22gcid-cd28a455-10ce-4391-b769-b9d2c09cf429%22:%91%22link_color%22,%22link_color%22,%22link_color%22%93,%22gcid-1e2fd13e-1b2f-4961-8527-1e8cfd255614%22:%91%22separator_color%22,%22current_text_color%22,%22separator_color%22,%22current_text_color%22,%22separator_color%22,%22current_text_color%22%93,%22gcid-a9e70928-2602-4962-82d5-9b476600946c%22:%91%22background_color%22%93}&#8221; custom_padding__sticky=&#8221;16px||16px||true|false&#8221; custom_padding__sticky_enabled=&#8221;on|sticky&#8221; background_color__sticky=&#8221;gcid-a9e70928-2602-4962-82d5-9b476600946c&#8221; background__sticky_enabled=&#8221;on|sticky&#8221; background_enable_color__sticky=&#8221;on&#8221; z_index__sticky=&#8221;100&#8243; z_index__sticky_enabled=&#8221;on|sticky&#8221;][\/lwp_divi_breadcrumbs][et_pb_text _builder_version=&#8221;4.17.4&#8243; _dynamic_attributes=&#8221;content&#8221; _module_preset=&#8221;default&#8221; header_2_font=&#8221;Bebas Neue|||on|||||&#8221; header_2_text_color=&#8221;gcid-1e2fd13e-1b2f-4961-8527-1e8cfd255614&#8243; header_2_font_size=&#8221;120px&#8221; custom_margin_last_edited=&#8221;off|desktop&#8221; header_2_font_size_tablet=&#8221;60px&#8221; header_2_font_size_phone=&#8221;40px&#8221; header_2_font_size_last_edited=&#8221;on|phone&#8221; global_colors_info=&#8221;{%22gcid-1e2fd13e-1b2f-4961-8527-1e8cfd255614%22:%91%22header_2_text_color%22%93}&#8221;]@ET-DC@eyJkeW5hbWljIjp0cnVlLCJjb250ZW50IjoicG9zdF90aXRsZSIsInNldHRpbmdzIjp7ImJlZm9yZSI6IjxoMj4iLCJhZnRlciI6IjwvaDI+In19@[\/et_pb_text][\/et_pb_column][\/et_pb_row][\/et_pb_section][et_pb_section fb_built=&#8221;1&#8243; custom_padding_last_edited=&#8221;on|phone&#8221; _builder_version=&#8221;4.17.4&#8243; _module_preset=&#8221;default&#8221; background_color=&#8221;gcid-a9e70928-2602-4962-82d5-9b476600946c&#8221; positioning=&#8221;none&#8221; custom_padding=&#8221;10px|3vw|100px|3vw|false|true&#8221; custom_padding_tablet=&#8221;10px|6vw|100px|6vw|false|true&#8221; custom_padding_phone=&#8221;10px|8vw|50px|8vw|false|true&#8221; custom_css_main_element=&#8221;width: calc(100% &#8211; 300px);||margin-left:300px !important;&#8221; border_width_bottom_tablet=&#8221;3px&#8221; border_width_bottom_phone=&#8221;2px&#8221; border_width_bottom_last_edited=&#8221;off|desktop&#8221; global_colors_info=&#8221;{%22gcid-a9e70928-2602-4962-82d5-9b476600946c%22:%91%22background_color%22%93}&#8221; custom_css_main_element_last_edited=&#8221;on|phone&#8221; custom_css_main_element_tablet=&#8221;width: 100%;&#8221; custom_css_main_element_phone=&#8221;width: 100%;&#8221;][et_pb_row column_structure=&#8221;1_2,1_2&#8243; custom_padding_last_edited=&#8221;on|phone&#8221; _builder_version=&#8221;4.17.4&#8243; _module_preset=&#8221;default&#8221; z_index=&#8221;1&#8243; width=&#8221;100%&#8221; max_width=&#8221;1380px&#8221; module_alignment=&#8221;left&#8221; custom_padding=&#8221;||100px||false|false&#8221; custom_padding_tablet=&#8221;||70px||false|false&#8221; custom_padding_phone=&#8221;||50px||false|false&#8221; border_width_bottom=&#8221;4px&#8221; border_color_bottom=&#8221;gcid-1e2fd13e-1b2f-4961-8527-1e8cfd255614&#8243; border_width_bottom_tablet=&#8221;3px&#8221; border_width_bottom_phone=&#8221;2px&#8221; border_width_bottom_last_edited=&#8221;on|phone&#8221; global_colors_info=&#8221;{%22gcid-1e2fd13e-1b2f-4961-8527-1e8cfd255614%22:%91%22border_color_bottom%22%93}&#8221;][et_pb_column type=&#8221;1_2&#8243; _builder_version=&#8221;4.17.4&#8243; _module_preset=&#8221;default&#8221; global_colors_info=&#8221;{}&#8221;][et_pb_accordion open_toggle_text_color=&#8221;#0000ff&#8221; open_toggle_background_color=&#8221;RGBA(255,255,255,0)&#8221; closed_toggle_text_color=&#8221;#221f1f&#8221; closed_toggle_background_color=&#8221;RGBA(255,255,255,0)&#8221; icon_color=&#8221;#221f1f&#8221; module_class=&#8221;pa-accordion&#8221; _builder_version=&#8221;4.19.4&#8243; _module_preset=&#8221;default&#8221; toggle_text_color=&#8221;#221f1f&#8221; toggle_font_size=&#8221;26px&#8221; closed_toggle_font_size=&#8221;26px&#8221; body_font=&#8221;|300|||||||&#8221; toggle_font_size_tablet=&#8221;26px&#8221; toggle_font_size_phone=&#8221;22px&#8221; toggle_font_size_last_edited=&#8221;on|phone&#8221; closed_toggle_font_size_tablet=&#8221;26px&#8221; closed_toggle_font_size_phone=&#8221;22px&#8221; closed_toggle_font_size_last_edited=&#8221;on|desktop&#8221; global_colors_info=&#8221;{%22gcid-cd28a455-10ce-4391-b769-b9d2c09cf429%22:%91%22closed_toggle_text_color%22,%22toggle_text_color%22,%22icon_color%22%93,%22gcid-1e2fd13e-1b2f-4961-8527-1e8cfd255614%22:%91%22open_toggle_text_color%22,%22icon_color__hover%22%93}&#8221; icon_font_size__hover_enabled=&#8221;off|desktop&#8221; icon_color__hover_enabled=&#8221;on|hover&#8221; icon_color__hover=&#8221;#0000ff&#8221;][et_pb_accordion_item title=&#8221;soy alfarera\/o y quiero colaborar&#8221; _builder_version=&#8221;4.18.0&#8243; _module_preset=&#8221;default&#8221; global_colors_info=&#8221;{}&#8221; open=&#8221;off&#8221;]<\/p>\n<div data-canvas-width=\"452.12000000000023\">Nos emociona escuchar tu historia y ver posibilidades de colaborar. Cu\u00e9ntanos: \u00bfDe d\u00f3nde eres? \u00bfDesde cu\u00e1ndo trabajas con barro? \u00bfQu\u00e9 hace especiales a tus piezas? \u00bfQu\u00e9 te llam\u00f3 la atenci\u00f3n de nosotras?<\/div>\n<div data-canvas-width=\"452.12000000000023\"><\/div>\n<div data-canvas-width=\"452.12000000000023\"><\/div>\n<div data-canvas-width=\"452.12000000000023\"><\/div>\n<div data-canvas-width=\"452.12000000000023\"><\/div>\n<div data-canvas-width=\"452.12000000000023\"><\/div>\n<div data-canvas-width=\"452.12000000000023\"><\/div>\n<div data-canvas-width=\"452.12000000000023\"><\/div>\n<div data-canvas-width=\"452.12000000000023\"><\/div>\n<div data-canvas-width=\"452.12000000000023\"><\/div>\n<div data-canvas-width=\"452.12000000000023\"><\/div>\n<div data-canvas-width=\"69.62666666666667\">Escr\u00edbe a: <a href=\"mailto:info@innovandolatradici\u00f3n.org\">info@innovandolatradici\u00f3n.org<\/a> para acordar una<\/div>\n<div data-canvas-width=\"28.6\">cita.<\/div>\n<p>[\/et_pb_accordion_item][et_pb_accordion_item title=&#8221;servicio social \/ pr\u00e1cticas profesionales&#8221; open=&#8221;on&#8221; _builder_version=&#8221;4.18.0&#8243; _module_preset=&#8221;default&#8221; global_colors_info=&#8221;{}&#8221;]<\/p>\n<p class=\"p1\"><span style=\"color: #221f1f;\">Si est\u00e1s estudiando y quieres colaborar con nosotros, responde el siguiente cuestionario:<\/span><\/p>\n<p><span style=\"color: #0000ff;\"><a href=\"https:\/\/2k1h5tzoxim.typeform.com\/to\/rdAWtGVs\" style=\"color: #0000ff;\">https:\/\/2k1h5tzoxim.typeform.com\/to\/rdAWtGVs<\/a><\/span><\/p>\n<p class=\"p1\">\n<p class=\"p1\">A partir de esto podemos agendar una llamada o cita para platicar con m\u00e1s detalle.<\/p>\n<p>[\/et_pb_accordion_item][et_pb_accordion_item title=&#8221;voluntariado&#8221; _builder_version=&#8221;4.18.0&#8243; _module_preset=&#8221;default&#8221; global_colors_info=&#8221;{}&#8221; open=&#8221;off&#8221;]<\/p>\n<p class=\"p1\">\u00bfTe encanta nuestro proyecto y quieres ponerte al servicio del barro y las alfareras? \u00a1La ayuda siempre es bienvenida!<\/p>\n<p class=\"p1\">Las actividades que los voluntarixs hacen en Innovando la Tradici\u00f3n son muy variadas, dependen de <strong>los proyectos en curso y de las habilidades e intereses<\/strong> del voluntarix.<\/p>\n<p class=\"p1\">Escr\u00edbenos a:<span class=\"Apple-converted-space\">\u00a0<span class=\"Apple-tab-span\"> <\/span><\/span><\/p>\n<p class=\"p1\"><a href=\"mailto:voluntarixs@innovandolatradicion.org\">voluntarixs@innovandolatradicion.org<\/a><span class=\"Apple-tab-span\"> <\/span><span class=\"Apple-tab-span\"><\/span><\/p>\n<p class=\"p1\">con una breve <strong>carta de intenci\u00f3n<\/strong> donde nos cuentes sobre tu campo de experiencia, qu\u00e9 te motiva a colaborar en Innovando La Tradici\u00f3n y el tiempo que tienes para hacer el voluntariado.<\/p>\n<p class=\"p1\">A partir de esto podemos agendar una llamada o cita para platicar con m\u00e1s detalle las opciones y posibilidades.<\/p>\n<p>[\/et_pb_accordion_item][et_pb_accordion_item title=&#8221;kit de prensa&#8221; _builder_version=&#8221;4.18.0&#8243; _module_preset=&#8221;default&#8221; global_colors_info=&#8221;{}&#8221; open=&#8221;off&#8221;]<\/p>\n<div data-canvas-width=\"534.9466666666667\">Si necesitas informaci\u00f3n espec\u00edfica, deseas hacer una entrevista o tienes alg\u00fan proyecto en particular, escribe a:<\/div>\n<div data-canvas-width=\"225.52\"><a href=\"mailto:prensa@innovandolatradicion.org\">prensa@innovandolatradicion.org<\/a> para iniciar la conversaci\u00f3n.<\/div>\n<p>[\/et_pb_accordion_item][\/et_pb_accordion][\/et_pb_column][et_pb_column type=&#8221;1_2&#8243; _builder_version=&#8221;4.17.4&#8243; _module_preset=&#8221;default&#8221; global_colors_info=&#8221;{}&#8221;][et_pb_image src=&#8221;https:\/\/innovandolatradicion.org\/wp-content\/uploads\/2022\/10\/Screen-Shot-2022-10-04-at-16.03.16.png&#8221; title_text=&#8221;Horno&#8221; show_bottom_space=&#8221;off&#8221; align=&#8221;center&#8221; force_fullwidth=&#8221;on&#8221; _builder_version=&#8221;4.18.0&#8243; _module_preset=&#8221;default&#8221; global_colors_info=&#8221;{}&#8221;][\/et_pb_image][et_pb_code _builder_version=&#8221;4.18.0&#8243; _module_preset=&#8221;default&#8221; background_color=&#8221;gcid-1e2fd13e-1b2f-4961-8527-1e8cfd255614&#8243; custom_padding=&#8221;30px|30px|30px|30px|true|true&#8221; custom_padding_tablet=&#8221;30px|30px|30px|30px|true|true&#8221; custom_padding_phone=&#8221;30px|30px|30px|30px|true|true&#8221; custom_padding_last_edited=&#8221;on|phone&#8221; global_colors_info=&#8221;{%22gcid-1e2fd13e-1b2f-4961-8527-1e8cfd255614%22:%91%22background_color%22%93}&#8221;]<\/p>\n<h1 style=\"color: white;\"><!-- [et_pb_line_break_holder] -->  reci\u00e9n salidas del horno<!-- [et_pb_line_break_holder] --><\/h1>\n<p><!-- [et_pb_line_break_holder] --><pee style=\"color: white;\"><!-- [et_pb_line_break_holder] -->  Durante el a\u00f1o, Innovando la Tradici\u00f3n y la Cooperativa 1050\u00ba, enviamos algunos boletines con las noticias m\u00e1s frescas del mundo del barro: ventas, eventos, talleres, conferencias, etc.<!-- [et_pb_line_break_holder] -->\u00a1Suscr\u00edbete para recibirlo!<!-- [et_pb_line_break_holder] --><\/pee><!-- [et_pb_line_break_holder] --><!\u2013- [et_pb_br_holder] -\u2013><!-- [et_pb_line_break_holder] --><\/p>\n<h3 style=\"color: white;\"><!-- Begin Mailchimp Signup Form --><!-- [et_pb_line_break_holder] --><link href=\"\/\/cdn-images.mailchimp.com\/embedcode\/classic-071822.css\" rel=\"stylesheet\" type=\"text\/css\"><!-- [et_pb_line_break_holder] --><\/p>\n<style type=\"text\/css\"><!-- [et_pb_line_break_holder] -->\t#mc_embed_signup{background: none; clear:left; font-size:14px font-family: 'Roboto',Helvetica,Arial,Lucida,sans-serif;  width:auto;}<!-- [et_pb_line_break_holder] -->\t\/* Add your own Mailchimp form style overrides in your site stylesheet or in this style block.<!-- [et_pb_line_break_holder] -->\t   We recommend moving this block and the preceding CSS link to the HEAD of your HTML file. *\/<!-- [et_pb_line_break_holder] --><\/style>\n<p><!-- [et_pb_line_break_holder] --><\/p>\n<div id=\"mc_embed_signup\"><!-- [et_pb_line_break_holder] -->    <\/p>\n<form action=\"https:\/\/1050grados.us7.list-manage.com\/subscribe\/post?u=3e17d2b485e049487a85db34f&#038;id=f180a3c5d8&#038;f_id=0007c9e4f0\" method=\"post\" id=\"mc-embedded-subscribe-form\" name=\"mc-embedded-subscribe-form\" class=\"validate\" target=\"_blank\" novalidate><!-- [et_pb_line_break_holder] -->        <\/p>\n<div id=\"mc_embed_signup_scroll\"><!-- [et_pb_line_break_holder] -->        <!-- [et_pb_line_break_holder] -->        <\/p>\n<div class=\"indicates-required\"><span class=\"asterisk\">*<\/span> indicates required<\/div>\n<p><!-- [et_pb_line_break_holder] --><\/p>\n<div class=\"mc-field-group\"><!-- [et_pb_line_break_holder] -->\t<label for=\"mce-EMAIL\">Correo electronico  <span class=\"asterisk\">*<\/span><!-- [et_pb_line_break_holder] --><\/label><!-- [et_pb_line_break_holder] -->\t<input type=\"email\" value=\"\" name=\"EMAIL\" class=\"required email\" id=\"mce-EMAIL\" required><!-- [et_pb_line_break_holder] -->\t<span id=\"mce-EMAIL-HELPERTEXT\" class=\"helper_text\"><\/span><!-- [et_pb_line_break_holder] --><\/div>\n<p><!-- [et_pb_line_break_holder] --><\/p>\n<div class=\"mc-field-group\"><!-- [et_pb_line_break_holder] -->\t<label for=\"mce-FNAME\">Nombre <\/label><!-- [et_pb_line_break_holder] -->\t<input type=\"text\" value=\"\" name=\"FNAME\" class=\"\" id=\"mce-FNAME\"><!-- [et_pb_line_break_holder] -->\t<span id=\"mce-FNAME-HELPERTEXT\" class=\"helper_text\"><\/span><!-- [et_pb_line_break_holder] --><\/div>\n<p><!-- [et_pb_line_break_holder] --><\/p>\n<div class=\"mc-field-group\"><!-- [et_pb_line_break_holder] -->\t<label for=\"mce-LNAME\">Apellido <\/label><!-- [et_pb_line_break_holder] -->\t<input type=\"text\" value=\"\" name=\"LNAME\" class=\"\" id=\"mce-LNAME\"><!-- [et_pb_line_break_holder] -->\t<span id=\"mce-LNAME-HELPERTEXT\" class=\"helper_text\"><\/span><!-- [et_pb_line_break_holder] --><\/div>\n<p><!-- [et_pb_line_break_holder] --><\/p>\n<div class=\"mc-field-group\"><!-- [et_pb_line_break_holder] -->\t<label for=\"mce-MMERGE4\">Ciudad <\/label><!-- [et_pb_line_break_holder] -->\t<input type=\"text\" value=\"\" name=\"MMERGE4\" class=\"\" id=\"mce-MMERGE4\"><!-- [et_pb_line_break_holder] -->\t<span id=\"mce-MMERGE4-HELPERTEXT\" class=\"helper_text\"><\/span><!-- [et_pb_line_break_holder] --><\/div>\n<p><!-- [et_pb_line_break_holder] --><\/p>\n<div class=\"mc-field-group\"><!-- [et_pb_line_break_holder] -->\t<label for=\"mce-MMERGE5\">Pa\u00eds <\/label><!-- [et_pb_line_break_holder] -->\t<input type=\"text\" value=\"\" name=\"MMERGE5\" class=\"\" id=\"mce-MMERGE5\"><!-- [et_pb_line_break_holder] -->\t<span id=\"mce-MMERGE5-HELPERTEXT\" class=\"helper_text\"><\/span><!-- [et_pb_line_break_holder] --><\/div>\n<p><!-- [et_pb_line_break_holder] -->\t<\/p>\n<div id=\"mce-responses\" class=\"clear\"><!-- [et_pb_line_break_holder] -->\t\t<\/p>\n<div class=\"response\" id=\"mce-error-response\" style=\"display:none\"><\/div>\n<p><!-- [et_pb_line_break_holder] -->\t\t<\/p>\n<div class=\"response\" id=\"mce-success-response\" style=\"display:none\"><\/div>\n<p><!-- [et_pb_line_break_holder] -->\t<\/div>\n<p>    <!-- real people should not fill this in and expect good things - do not remove this or risk form bot signups--><!-- [et_pb_line_break_holder] -->    <\/p>\n<div style=\"position: absolute; left: -5000px;\" aria-hidden=\"true\"><input type=\"text\" name=\"b_3e17d2b485e049487a85db34f_f180a3c5d8\" tabindex=\"-1\" value=\"\"><\/div>\n<p><!-- [et_pb_line_break_holder] -->    <\/p>\n<div class=\"clear\"><input type=\"submit\" value=\"Subscribe\" name=\"subscribe\" id=\"mc-embedded-subscribe\" class=\"button\"><\/div>\n<p><!-- [et_pb_line_break_holder] -->    <\/div>\n<p><!-- [et_pb_line_break_holder] --><\/form>\n<p><!-- [et_pb_line_break_holder] --><\/div>\n<p><!-- [et_pb_line_break_holder] --><script type='text\/javascript' src='\/\/s3.amazonaws.com\/downloads.mailchimp.com\/js\/mc-validate.js'><\/script><script type='text\/javascript'>(function($) {window.fnames = new Array(); window.ftypes = new Array();fnames[0]='EMAIL';ftypes[0]='email';fnames[1]='FNAME';ftypes[1]='text';fnames[2]='LNAME';ftypes[2]='text';fnames[3]='MMERGE3';ftypes[3]='text';fnames[4]='MMERGE4';ftypes[4]='text';fnames[5]='MMERGE5';ftypes[5]='text';fnames[6]='MMERGE6';ftypes[6]='text';fnames[7]='NIVELRVH';ftypes[7]='dropdown';fnames[8]='MMERGE8';ftypes[8]='text'; \/*<!-- [et_pb_line_break_holder] --> * Translated default messages for the $ validation plugin.<!-- [et_pb_line_break_holder] --> * Locale: ES<!-- [et_pb_line_break_holder] --> *\/<!-- [et_pb_line_break_holder] -->$.extend($.validator.messages, {<!-- [et_pb_line_break_holder] -->  required: \"Este campo es obligatorio.\",<!-- [et_pb_line_break_holder] -->  remote: \"Por favor, rellena este campo.\",<!-- [et_pb_line_break_holder] -->  email: \"Por favor, escribe una direcci\u00f3n de correo v\u00e1lida\",<!-- [et_pb_line_break_holder] -->  url: \"Por favor, escribe una URL v\u00e1lida.\",<!-- [et_pb_line_break_holder] -->  date: \"Por favor, escribe una fecha v\u00e1lida.\",<!-- [et_pb_line_break_holder] -->  dateISO: \"Por favor, escribe una fecha (ISO) v\u00e1lida.\",<!-- [et_pb_line_break_holder] -->  number: \"Por favor, escribe un n\u00famero entero v\u00e1lido.\",<!-- [et_pb_line_break_holder] -->  digits: \"Por favor, escribe s\u00f3lo d\u00edgitos.\",<!-- [et_pb_line_break_holder] -->  creditcard: \"Por favor, escribe un n\u00famero de tarjeta v\u00e1lido.\",<!-- [et_pb_line_break_holder] -->  equalTo: \"Por favor, escribe el mismo valor de nuevo.\",<!-- [et_pb_line_break_holder] -->  accept: \"Por favor, escribe un valor con una extensi\u00f3n aceptada.\",<!-- [et_pb_line_break_holder] -->  maxlength: $.validator.format(\"Por favor, no escribas m\u00e1s de {0} caracteres.\"),<!-- [et_pb_line_break_holder] -->  minlength: $.validator.format(\"Por favor, no escribas menos de {0} caracteres.\"),<!-- [et_pb_line_break_holder] -->  rangelength: $.validator.format(\"Por favor, escribe un valor entre {0} y {1} caracteres.\"),<!-- [et_pb_line_break_holder] -->  range: $.validator.format(\"Por favor, escribe un valor entre {0} y {1}.\"),<!-- [et_pb_line_break_holder] -->  max: $.validator.format(\"Por favor, escribe un valor menor o igual a {0}.\"),<!-- [et_pb_line_break_holder] -->  min: $.validator.format(\"Por favor, escribe un valor mayor o igual a {0}.\")<!-- [et_pb_line_break_holder] -->});}(jQuery));var $mcj = jQuery.noConflict(true);<\/script><!-- [et_pb_line_break_holder] --><!--End mc_embed_signup--><\/h3>\n<p>[\/et_pb_code][\/et_pb_column][\/et_pb_row][\/et_pb_section]<\/p>\n","protected":false},"excerpt":{"rendered":"<p><div class=\"et_pb_module lwp_divi_breadcrumbs lwp_divi_breadcrumbs_0 et_pb_sticky_module\">\n\t\t\t\t\n\t\t\t\t\n\t\t\t\t\n\t\t\t\t\n\t\t\t\t\n\t\t\t\t\n\t\t\t\t<div class=\"et_pb_module_inner\">\n\t\t\t\t\t<div class=\"lwp-breadcrumbs\"> <span class=\"before\"><\/span> <span vocab=\"https:\/\/schema.org\/\" typeof=\"BreadcrumbList\"><span property=\"itemListElement\" typeof=\"ListItem\"><a property=\"item\" typeof=\"WebPage\" href=\"https:\/\/innovandolatradicion.org\/en\/\" class=\"home\"><span property=\"name\">Home<\/span><\/a><meta property=\"position\" content=\"1\"><\/span> <span class=\"separator et-pb-icon\">5<\/span> <\/span><\/div>\n\t\t\t\t<\/div>\n\t\t\t<\/div>Nos emociona escuchar tu historia y ver posibilidades de colaborar. Cu\u00e9ntanos: \u00bfDe d\u00f3nde eres? \u00bfDesde cu\u00e1ndo trabajas con barro? \u00bfQu\u00e9 hace especiales a tus piezas? \u00bfQu\u00e9 te llam\u00f3 la atenci\u00f3n de nosotras? Escr\u00edbe [&hellip;]<\/p>\n","protected":false},"author":1,"featured_media":0,"parent":0,"menu_order":0,"comment_status":"closed","ping_status":"closed","template":"","meta":{"_et_pb_use_builder":"on","_et_pb_old_content":"<!-- wp:divi\/placeholder \/-->","_et_gb_content_width":"","inline_featured_image":false,"footnotes":""},"class_list":["post-42","page","type-page","status-publish","hentry"],"_links":{"self":[{"href":"https:\/\/innovandolatradicion.org\/en\/wp-json\/wp\/v2\/pages\/42","targetHints":{"allow":["GET"]}}],"collection":[{"href":"https:\/\/innovandolatradicion.org\/en\/wp-json\/wp\/v2\/pages"}],"about":[{"href":"https:\/\/innovandolatradicion.org\/en\/wp-json\/wp\/v2\/types\/page"}],"author":[{"embeddable":true,"href":"https:\/\/innovandolatradicion.org\/en\/wp-json\/wp\/v2\/users\/1"}],"replies":[{"embeddable":true,"href":"https:\/\/innovandolatradicion.org\/en\/wp-json\/wp\/v2\/comments?post=42"}],"version-history":[{"count":30,"href":"https:\/\/innovandolatradicion.org\/en\/wp-json\/wp\/v2\/pages\/42\/revisions"}],"predecessor-version":[{"id":2873,"href":"https:\/\/innovandolatradicion.org\/en\/wp-json\/wp\/v2\/pages\/42\/revisions\/2873"}],"wp:attachment":[{"href":"https:\/\/innovandolatradicion.org\/en\/wp-json\/wp\/v2\/media?parent=42"}],"curies":[{"name":"wp","href":"https:\/\/api.w.org\/{rel}","templated":true}]}}