{"id":40,"date":"2022-05-12T18:57:58","date_gmt":"2022-05-12T18:57:58","guid":{"rendered":"http:\/\/it2021.innovandolatradicion.org\/?page_id=40"},"modified":"2023-01-12T20:40:56","modified_gmt":"2023-01-12T20:40:56","slug":"somos","status":"publish","type":"page","link":"https:\/\/innovandolatradicion.org\/en\/somos\/","title":{"rendered":"about us"},"content":{"rendered":"<p>[et_pb_section fb_built=&#8221;1&#8243; disabled_on=&#8221;on|on|off&#8221; admin_label=&#8221;lenguage-header-yellow&#8221; _builder_version=&#8221;4.17.4&#8243; _module_preset=&#8221;default&#8221; background_color=&#8221;gcid-93a75f22-bdbf-42d7-abf4-a31151a36829&#8243; height=&#8221;100px&#8221; height_tablet=&#8221;70px&#8221; height_phone=&#8221;50px&#8221; height_last_edited=&#8221;on|phone&#8221; max_height=&#8221;100px&#8221; custom_padding=&#8221;0px|5vw|0px|5vw|true|true&#8221; custom_css_main_element=&#8221;width: calc(100% &#8211; 300px);||margin-left:300px !important;&#8221; border_width_bottom=&#8221;4px&#8221; border_color_bottom=&#8221;gcid-b1f69fdd-467c-4ed9-b197-18bd30a05211&#8243; global_colors_info=&#8221;{%22gcid-93a75f22-bdbf-42d7-abf4-a31151a36829%22:%91%22background_color%22%93,%22gcid-b1f69fdd-467c-4ed9-b197-18bd30a05211%22:%91%22border_color_bottom%22%93}&#8221; custom_css_main_element_last_edited=&#8221;on|tablet&#8221; custom_css_main_element_tablet=&#8221;width: 100%;&#8221; custom_css_main_element_phone=&#8221;width: 100%;&#8221;][\/et_pb_section][et_pb_section fb_built=&#8221;1&#8243; custom_padding_last_edited=&#8221;on|phone&#8221; admin_label=&#8221;title-header-yellow&#8221; _builder_version=&#8221;4.19.4&#8243; _module_preset=&#8221;default&#8221; background_color=&#8221;gcid-93a75f22-bdbf-42d7-abf4-a31151a36829&#8243; positioning=&#8221;none&#8221; custom_padding=&#8221;0px|3vw|0px|3vw|false|true&#8221; custom_padding_tablet=&#8221;0px|6vw|0px|6vw|true|true&#8221; custom_padding_phone=&#8221;0px|8vw|0px|8vw|true|true&#8221; custom_css_main_element=&#8221;width: calc(100% &#8211; 300px);||margin-left:300px !important;&#8221; global_colors_info=&#8221;{%22gcid-93a75f22-bdbf-42d7-abf4-a31151a36829%22:%91%22background_color%22%93}&#8221; custom_css_main_element_last_edited=&#8221;on|phone&#8221; custom_css_main_element_tablet=&#8221;width: 100%;&#8221; custom_css_main_element_phone=&#8221;width: 100%;&#8221;][et_pb_row _builder_version=&#8221;4.17.4&#8243; _module_preset=&#8221;default&#8221; width=&#8221;100%&#8221; max_width=&#8221;100%&#8221; global_colors_info=&#8221;{}&#8221;][et_pb_column type=&#8221;4_4&#8243; _builder_version=&#8221;4.17.4&#8243; _module_preset=&#8221;default&#8221; global_colors_info=&#8221;{}&#8221;][lwp_divi_breadcrumbs font_icon=&#8221;&#x35;||divi||400&#8243; use_before_icon=&#8221;off&#8221; link_color=&#8221;gcid-b1f69fdd-467c-4ed9-b197-18bd30a05211&#8243; separator_color=&#8221;gcid-51e092f7-3f41-4be5-8df2-326198ab21a9&#8243; current_text_color=&#8221;gcid-51e092f7-3f41-4be5-8df2-326198ab21a9&#8243; _builder_version=&#8221;4.19.4&#8243; _module_preset=&#8221;default&#8221; module_font=&#8221;Bebas Neue|||on|||||&#8221; module_font_size=&#8221;20px&#8221; sticky_position=&#8221;top&#8221; hover_enabled=&#8221;0&#8243; module_font_size_tablet=&#8221;16px&#8221; module_font_size_phone=&#8221;14px&#8221; module_font_size_last_edited=&#8221;on|phone&#8221; global_colors_info=&#8221;{%22gcid-93a75f22-bdbf-42d7-abf4-a31151a36829%22:%91%22background_color%22%93,%22gcid-b1f69fdd-467c-4ed9-b197-18bd30a05211%22:%91%22link_color%22%93,%22gcid-51e092f7-3f41-4be5-8df2-326198ab21a9%22:%91%22separator_color%22,%22current_text_color%22%93}&#8221; background_color__sticky=&#8221;gcid-93a75f22-bdbf-42d7-abf4-a31151a36829&#8243; custom_padding__sticky=&#8221;16px||16px||true|false&#8221; custom_padding__sticky_enabled=&#8221;on|sticky&#8221; background__sticky_enabled=&#8221;on|sticky&#8221; background_enable_color__sticky=&#8221;on&#8221; z_index__sticky=&#8221;100&#8243; z_index__sticky_enabled=&#8221;on|sticky&#8221; sticky_enabled=&#8221;0&#8243;][\/lwp_divi_breadcrumbs][et_pb_text _builder_version=&#8221;4.19.4&#8243; _module_preset=&#8221;default&#8221; header_2_font=&#8221;Bebas Neue|||on|||||&#8221; header_2_text_color=&#8221;gcid-51e092f7-3f41-4be5-8df2-326198ab21a9&#8243; header_2_font_size=&#8221;120px&#8221; custom_margin_last_edited=&#8221;off|desktop&#8221; hover_enabled=&#8221;0&#8243; header_2_font_size_tablet=&#8221;60px&#8221; header_2_font_size_phone=&#8221;40px&#8221; header_2_font_size_last_edited=&#8221;on|phone&#8221; global_colors_info=&#8221;{%22gcid-51e092f7-3f41-4be5-8df2-326198ab21a9%22:%91%22header_2_text_color%22%93}&#8221; sticky_enabled=&#8221;0&#8243;]<\/p>\n<h2>Innovando la tradici\u00f3n<\/h2>\n<p>[\/et_pb_text][\/et_pb_column][\/et_pb_row][\/et_pb_section][et_pb_section fb_built=&#8221;1&#8243; custom_padding_last_edited=&#8221;on|phone&#8221; _builder_version=&#8221;4.17.4&#8243; _module_preset=&#8221;default&#8221; background_color=&#8221;gcid-93a75f22-bdbf-42d7-abf4-a31151a36829&#8243; positioning=&#8221;none&#8221; custom_padding=&#8221;10px|3vw|100px|3vw|false|true&#8221; custom_padding_tablet=&#8221;10px|6vw|100px|6vw|false|true&#8221; custom_padding_phone=&#8221;10px|8vw|50px|8vw|false|true&#8221; custom_css_main_element=&#8221;width: calc(100% &#8211; 300px);||margin-left:300px !important;&#8221; global_colors_info=&#8221;{%22gcid-93a75f22-bdbf-42d7-abf4-a31151a36829%22:%91%22background_color%22%93}&#8221; custom_css_main_element_last_edited=&#8221;on|phone&#8221; custom_css_main_element_tablet=&#8221;width: 100%;&#8221; custom_css_main_element_phone=&#8221;width: 100%;&#8221;][et_pb_row column_structure=&#8221;3_4,1_4&#8243; admin_label=&#8221;Contenido&#8221; _builder_version=&#8221;4.17.4&#8243; _module_preset=&#8221;default&#8221; z_index=&#8221;1&#8243; width=&#8221;100%&#8221; max_width=&#8221;1380px&#8221; module_alignment=&#8221;left&#8221; global_colors_info=&#8221;{}&#8221;][et_pb_column type=&#8221;3_4&#8243; admin_label=&#8221;Texto&#8221; _builder_version=&#8221;4.17.4&#8243; _module_preset=&#8221;default&#8221; global_colors_info=&#8221;{}&#8221;][et_pb_gallery gallery_ids=&#8221;1438,1437,1436,1435,1434,1433,1432,1431,1430&#8243; fullwidth=&#8221;on&#8221; _builder_version=&#8221;4.18.0&#8243; _module_preset=&#8221;default&#8221; global_colors_info=&#8221;{}&#8221;][\/et_pb_gallery][et_pb_text _builder_version=&#8221;4.18.0&#8243; _module_preset=&#8221;85a74ef5-e179-4af0-a4ca-c8517fbe9209&#8243; header_3_text_color=&#8221;gcid-b1f69fdd-467c-4ed9-b197-18bd30a05211&#8243; global_colors_info=&#8221;{%22gcid-b1f69fdd-467c-4ed9-b197-18bd30a05211%22:%91%22header_3_text_color%22%93}&#8221;]<\/p>\n<h3>NUESTRA HISTORIA<br \/>NOSOTRAS<\/h3>\n<p>[\/et_pb_text][et_pb_text _builder_version=&#8221;4.18.0&#8243; _module_preset=&#8221;42128a6d-6ae4-4332-a612-da7b53dc60e9&#8243; text_text_color=&#8221;gcid-b1f69fdd-467c-4ed9-b197-18bd30a05211&#8243; global_colors_info=&#8221;{%22gcid-b1f69fdd-467c-4ed9-b197-18bd30a05211%22:%91%22text_text_color%22%93}&#8221;]<\/p>\n<p>Somos Innovando la Tradici\u00f3n. Servimos a las comunidades alfareras desarrollando condiciones para su bienestar, prosperidad y autonom\u00eda.<\/p>\n<p>Nuestro objetivo es hacer visibles los saberes tradicionales de los pueblos, honrar y celebrar su sabidur\u00eda sutil para propiciar transformaciones hacia el buen vivir de personas, comunidades y sociedad en general.<\/p>\n<p>Hace m\u00e1s de dos d\u00e9cadas nos echamos a andar por los caminos de Oaxaca. Nos guiaban preguntas sobre la persistencia de los oficios artesanales en el M\u00e9xico contempor\u00e1neo, sobre el papel de los dise\u00f1adores en relaci\u00f3n a las tradiciones culturales ind\u00edgenas y sobre c\u00f3mo propiciar innovaciones sin perder la conexi\u00f3n con las ra\u00edces.<\/p>\n<p>El barro nos sedujo, se apoder\u00f3 de nosotros y nos molde\u00f3.<\/p>\n<p>Nos preguntamos entonces si el infinito, rico y complejo mundo alfarero podr\u00eda servir de plataforma para una reconciliaci\u00f3n humana y con el planeta.<\/p>\n<p>En el camino hemos aprendido, paso a paso, lo mucho que los alfareros pueden ense\u00f1arnos sobre la vida y el mundo, sobre la paz y el equilibrio, sobre la tierra y el esp\u00edritu.<\/p>\n<p>La tierra nos pidi\u00f3 escuchar con atenci\u00f3n. <a href=\"\/nuestra-milpa\">Sembramos las semillas<\/a> para una pr\u00e1ctica de dise\u00f1o consciente, basada en la generosidad y los afectos, atravesada por las pr\u00e1cticas narrativas, la econom\u00eda solidaria, la contracultura y las pedagog\u00edas de la tierra, entre otras formas de conocimiento.<\/p>\n<p>De la mano de alfareras, alfareros y muchos <a href=\"\/red-valle-de-huajes\">amigos que se han sumado al caminar<\/a>, ampliamos las narrativas sobre lo hecho a mano y logramos que la belleza an\u00f3nima y milenaria del barro de Oaxaca sea apreciada en lugares donde no hab\u00eda llegado antes.<\/p>\n<p>A trav\u00e9s de la <a href=\"\/nuestra-milpa\/cooperativa-1050\/\">Cooperativa 1050\u00b0<\/a>, la rama comercial del proyecto, las familias han encontrado estabilidad econ\u00f3mica, reconocimiento por parte de su comunidad y renovada esperanza para luchar por su oficio.<\/p>\n<p>El camino es largo. Tomar\u00e1 100 o 200 a\u00f1os lograr que la alfarer\u00eda crezca de nuevo como un \u00e1rbol grande y frondoso, regalando sombra para todos. Mientras tanto seguiremos alimentando la tierra para que los saberes de los pueblos se consoliden como una fuerza de transformaci\u00f3n social, econ\u00f3mica, educativa y ambiental.<\/p>\n<p>Te invitamos a caminar con nosotros.<\/p>\n<p style=\"text-align: right;\">Kythzia Barrera + Diego Mier y Ter\u00e1n<\/p>\n<p>[\/et_pb_text][\/et_pb_column][et_pb_column type=&#8221;1_4&#8243; admin_label=&#8221;Columna lateral&#8221; _builder_version=&#8221;4.17.4&#8243; _module_preset=&#8221;default&#8221; global_colors_info=&#8221;{}&#8221;][\/et_pb_column][\/et_pb_row][\/et_pb_section]<\/p>\n","protected":false},"excerpt":{"rendered":"<p><div class=\"et_pb_module lwp_divi_breadcrumbs lwp_divi_breadcrumbs_0 et_pb_sticky_module\">\n\t\t\t\t\n\t\t\t\t\n\t\t\t\t\n\t\t\t\t\n\t\t\t\t\n\t\t\t\t\n\t\t\t\t<div class=\"et_pb_module_inner\">\n\t\t\t\t\t<div class=\"lwp-breadcrumbs\"> <span class=\"before\"><\/span> <span vocab=\"https:\/\/schema.org\/\" typeof=\"BreadcrumbList\"><span property=\"itemListElement\" typeof=\"ListItem\"><a property=\"item\" typeof=\"WebPage\" href=\"https:\/\/innovandolatradicion.org\/en\/\" class=\"home\"><span property=\"name\">Home<\/span><\/a><meta property=\"position\" content=\"1\"><\/span> <span class=\"separator et-pb-icon\">5<\/span> <\/span><\/div>\n\t\t\t\t<\/div>\n\t\t\t<\/div>Innovando la tradici\u00f3nNUESTRA HISTORIANOSOTRASSomos Innovando la Tradici\u00f3n. Servimos a las comunidades alfareras desarrollando condiciones para su bienestar, prosperidad y autonom\u00eda. Nuestro objetivo es hacer visibles los saberes tradicionales de los pueblos, [&hellip;]<\/p>\n","protected":false},"author":1,"featured_media":0,"parent":0,"menu_order":0,"comment_status":"closed","ping_status":"closed","template":"","meta":{"_et_pb_use_builder":"on","_et_pb_old_content":"<!-- wp:divi\/placeholder \/-->","_et_gb_content_width":"","inline_featured_image":false,"footnotes":""},"class_list":["post-40","page","type-page","status-publish","hentry"],"_links":{"self":[{"href":"https:\/\/innovandolatradicion.org\/en\/wp-json\/wp\/v2\/pages\/40","targetHints":{"allow":["GET"]}}],"collection":[{"href":"https:\/\/innovandolatradicion.org\/en\/wp-json\/wp\/v2\/pages"}],"about":[{"href":"https:\/\/innovandolatradicion.org\/en\/wp-json\/wp\/v2\/types\/page"}],"author":[{"embeddable":true,"href":"https:\/\/innovandolatradicion.org\/en\/wp-json\/wp\/v2\/users\/1"}],"replies":[{"embeddable":true,"href":"https:\/\/innovandolatradicion.org\/en\/wp-json\/wp\/v2\/comments?post=40"}],"version-history":[{"count":42,"href":"https:\/\/innovandolatradicion.org\/en\/wp-json\/wp\/v2\/pages\/40\/revisions"}],"predecessor-version":[{"id":1950,"href":"https:\/\/innovandolatradicion.org\/en\/wp-json\/wp\/v2\/pages\/40\/revisions\/1950"}],"wp:attachment":[{"href":"https:\/\/innovandolatradicion.org\/en\/wp-json\/wp\/v2\/media?parent=40"}],"curies":[{"name":"wp","href":"https:\/\/api.w.org\/{rel}","templated":true}]}}