{"id":38,"date":"2022-05-12T18:57:47","date_gmt":"2022-05-12T18:57:47","guid":{"rendered":"http:\/\/it2021.innovandolatradicion.org\/?page_id=38"},"modified":"2023-01-12T20:29:44","modified_gmt":"2023-01-12T20:29:44","slug":"red-valle-de-huajes","status":"publish","type":"page","link":"https:\/\/innovandolatradicion.org\/en\/red-valle-de-huajes\/","title":{"rendered":"Huajes Valley Network"},"content":{"rendered":"<p>[et_pb_section fb_built=&#8221;1&#8243; disabled_on=&#8221;on|on|off&#8221; admin_label=&#8221;lenguage-header-yellow&#8221; _builder_version=&#8221;4.17.4&#8243; _module_preset=&#8221;default&#8221; background_color=&#8221;gcid-b1f69fdd-467c-4ed9-b197-18bd30a05211&#8243; height=&#8221;100px&#8221; height_tablet=&#8221;70px&#8221; height_phone=&#8221;50px&#8221; height_last_edited=&#8221;on|phone&#8221; max_height=&#8221;100px&#8221; custom_padding=&#8221;0px|5vw|0px|5vw|true|true&#8221; custom_css_main_element=&#8221;width: calc(100% &#8211; 300px);||margin-left:300px !important;&#8221; border_width_bottom=&#8221;4px&#8221; border_color_bottom=&#8221;gcid-1e2fd13e-1b2f-4961-8527-1e8cfd255614&#8243; global_colors_info=&#8221;{%22gcid-b1f69fdd-467c-4ed9-b197-18bd30a05211%22:%91%22background_color%22%93,%22gcid-1e2fd13e-1b2f-4961-8527-1e8cfd255614%22:%91%22border_color_bottom%22%93}&#8221; custom_css_main_element_last_edited=&#8221;on|tablet&#8221; custom_css_main_element_tablet=&#8221;width: 100%;&#8221; custom_css_main_element_phone=&#8221;width: 100%;&#8221;][\/et_pb_section][et_pb_section fb_built=&#8221;1&#8243; custom_padding_last_edited=&#8221;on|phone&#8221; admin_label=&#8221;title-header-yellow&#8221; _builder_version=&#8221;4.19.4&#8243; _module_preset=&#8221;default&#8221; background_color=&#8221;gcid-b1f69fdd-467c-4ed9-b197-18bd30a05211&#8243; positioning=&#8221;none&#8221; custom_padding=&#8221;0px|3vw|0px|3vw|false|true&#8221; custom_padding_tablet=&#8221;0px|6vw|0px|6vw|true|true&#8221; custom_padding_phone=&#8221;0px|8vw|0px|8vw|true|true&#8221; custom_css_main_element=&#8221;width: calc(100% &#8211; 300px);||margin-left:300px !important;&#8221; global_colors_info=&#8221;{%22gcid-b1f69fdd-467c-4ed9-b197-18bd30a05211%22:%91%22background_color%22%93}&#8221; custom_css_main_element_last_edited=&#8221;on|phone&#8221; custom_css_main_element_tablet=&#8221;width: 100%;&#8221; custom_css_main_element_phone=&#8221;width: 100%;&#8221;][et_pb_row _builder_version=&#8221;4.17.4&#8243; _module_preset=&#8221;default&#8221; width=&#8221;100%&#8221; max_width=&#8221;100%&#8221; global_colors_info=&#8221;{}&#8221;][et_pb_column type=&#8221;4_4&#8243; _builder_version=&#8221;4.17.4&#8243; _module_preset=&#8221;default&#8221; global_colors_info=&#8221;{}&#8221;][lwp_divi_breadcrumbs font_icon=&#8221;&#x35;||divi||400&#8243; use_before_icon=&#8221;off&#8221; link_color=&#8221;gcid-cd28a455-10ce-4391-b769-b9d2c09cf429&#8243; separator_color=&#8221;gcid-1e2fd13e-1b2f-4961-8527-1e8cfd255614&#8243; current_text_color=&#8221;gcid-1e2fd13e-1b2f-4961-8527-1e8cfd255614&#8243; _builder_version=&#8221;4.19.4&#8243; _module_preset=&#8221;default&#8221; module_font=&#8221;Bebas Neue|||on|||||&#8221; module_font_size=&#8221;20px&#8221; sticky_position=&#8221;top&#8221; module_font_size_tablet=&#8221;16px&#8221; module_font_size_phone=&#8221;14px&#8221; module_font_size_last_edited=&#8221;on|phone&#8221; global_colors_info=&#8221;{%22gcid-cd28a455-10ce-4391-b769-b9d2c09cf429%22:%91%22link_color%22,%22link_color%22,%22link_color%22%93,%22gcid-1e2fd13e-1b2f-4961-8527-1e8cfd255614%22:%91%22separator_color%22,%22current_text_color%22,%22separator_color%22,%22current_text_color%22,%22separator_color%22,%22current_text_color%22%93,%22gcid-b1f69fdd-467c-4ed9-b197-18bd30a05211%22:%91%22background_color%22%93}&#8221; custom_padding__sticky=&#8221;16px||16px||true|false&#8221; custom_padding__sticky_enabled=&#8221;on|sticky&#8221; background_color__sticky=&#8221;gcid-b1f69fdd-467c-4ed9-b197-18bd30a05211&#8243; background__sticky_enabled=&#8221;on|sticky&#8221; background_enable_color__sticky=&#8221;on&#8221; z_index__sticky=&#8221;100&#8243; z_index__sticky_enabled=&#8221;on|sticky&#8221;][\/lwp_divi_breadcrumbs][et_pb_text _builder_version=&#8221;4.19.4&#8243; _dynamic_attributes=&#8221;content&#8221; _module_preset=&#8221;default&#8221; header_2_font=&#8221;Bebas Neue|||on|||||&#8221; header_2_text_color=&#8221;gcid-1e2fd13e-1b2f-4961-8527-1e8cfd255614&#8243; header_2_font_size=&#8221;120px&#8221; custom_margin_last_edited=&#8221;off|desktop&#8221; hover_enabled=&#8221;0&#8243; header_2_font_size_tablet=&#8221;60px&#8221; header_2_font_size_phone=&#8221;40px&#8221; header_2_font_size_last_edited=&#8221;on|phone&#8221; global_colors_info=&#8221;{%22gcid-1e2fd13e-1b2f-4961-8527-1e8cfd255614%22:%91%22header_2_text_color%22%93}&#8221; sticky_enabled=&#8221;0&#8243;]@ET-DC@eyJkeW5hbWljIjp0cnVlLCJjb250ZW50IjoicG9zdF90aXRsZSIsInNldHRpbmdzIjp7ImJlZm9yZSI6IjxoMj4iLCJhZnRlciI6IjwvaDI+In19@[\/et_pb_text][\/et_pb_column][\/et_pb_row][\/et_pb_section][et_pb_section fb_built=&#8221;1&#8243; custom_padding_last_edited=&#8221;on|phone&#8221; _builder_version=&#8221;4.17.4&#8243; _module_preset=&#8221;default&#8221; background_color=&#8221;gcid-b1f69fdd-467c-4ed9-b197-18bd30a05211&#8243; positioning=&#8221;none&#8221; custom_padding=&#8221;10px|3vw|100px|3vw|false|true&#8221; custom_padding_tablet=&#8221;10px|6vw|100px|6vw|false|true&#8221; custom_padding_phone=&#8221;10px|8vw|50px|8vw|false|true&#8221; custom_css_main_element=&#8221;width: calc(100% &#8211; 300px);||margin-left:300px !important;&#8221; border_width_bottom_tablet=&#8221;3px&#8221; border_width_bottom_phone=&#8221;2px&#8221; border_width_bottom_last_edited=&#8221;off|desktop&#8221; global_colors_info=&#8221;{%22gcid-b1f69fdd-467c-4ed9-b197-18bd30a05211%22:%91%22background_color%22%93}&#8221; custom_css_main_element_last_edited=&#8221;on|phone&#8221; custom_css_main_element_tablet=&#8221;width: 100%;&#8221; custom_css_main_element_phone=&#8221;width: 100%;&#8221;][et_pb_row column_structure=&#8221;3_4,1_4&#8243; custom_padding_last_edited=&#8221;on|phone&#8221; _builder_version=&#8221;4.18.0&#8243; _module_preset=&#8221;default&#8221; z_index=&#8221;1&#8243; width=&#8221;100%&#8221; max_width=&#8221;1380px&#8221; module_alignment=&#8221;left&#8221; custom_padding=&#8221;||100px||false|false&#8221; custom_padding_tablet=&#8221;||70px||false|false&#8221; custom_padding_phone=&#8221;||50px||false|false&#8221; border_width_bottom=&#8221;4px&#8221; border_color_bottom=&#8221;gcid-1e2fd13e-1b2f-4961-8527-1e8cfd255614&#8243; border_width_bottom_tablet=&#8221;3px&#8221; border_width_bottom_phone=&#8221;2px&#8221; border_width_bottom_last_edited=&#8221;on|phone&#8221; global_colors_info=&#8221;{%22gcid-1e2fd13e-1b2f-4961-8527-1e8cfd255614%22:%91%22border_color_bottom%22%93}&#8221;][et_pb_column type=&#8221;3_4&#8243; _builder_version=&#8221;4.17.4&#8243; _module_preset=&#8221;default&#8221; global_colors_info=&#8221;{}&#8221;][et_pb_text _builder_version=&#8221;4.17.4&#8243; _module_preset=&#8221;42128a6d-6ae4-4332-a612-da7b53dc60e9&#8243; global_colors_info=&#8221;{}&#8221;]<\/p>\n<p><span style=\"font-weight: 500;\">La Red Valle de Huajes es un colectivo conformado por pioneros de todo tipo: artistas, chefs, empresarixs, promotorxs culturales, dise\u00f1adorxs, arquitectxs y activistas, interesados en acompa\u00f1ar a l\u00e5s alfarer\u00e5s de Oaxaca, aprender de ell\u00e5s y fortalecer su oficio milenario. <\/span><\/p>\n<p><span style=\"font-weight: 500;\">Despu\u00e9s de una d\u00e9cada de trabajo silencioso, en noviembre de 2016 lanzamos la Red Valle de Huajes en San Francisco, California, como un espacio para participar de nuestros esfuerzos. La respuesta fue fant\u00e1stica, casi abrumadora, y as\u00ed iniciamos esta red de solidaridad internacional para apoyar la forma de vida alfarera a trav\u00e9s del trabajo de Innovando la Tradici\u00f3n.<\/span><\/p>\n<p><span style=\"font-weight: 500;\">Nuestra Red acompa\u00f1a a las comunidades alfareras de Oaxaca y apoya su oficio -tan importante para nuestro pa\u00eds y su historia-, creando as\u00ed, a trav\u00e9s del barro, futuros m\u00e1s incluyentes, justos, ambientalmente responsables, basados en la paz y la comunalidad.<\/span><\/p>\n<p>[\/et_pb_text][et_pb_text _builder_version=&#8221;4.18.0&#8243; _module_preset=&#8221;3820e707-bfd3-4d79-80d9-54b68f732af6&#8243; text_text_color=&#8221;gcid-1e2fd13e-1b2f-4961-8527-1e8cfd255614&#8243; global_colors_info=&#8221;{%22gcid-1e2fd13e-1b2f-4961-8527-1e8cfd255614%22:%91%22text_text_color%22%93}&#8221;]<\/p>\n<p style=\"text-align: center;\"><i><span style=\"font-weight: 500;\">Ante la fragilidad actual de un conocimiento que ha perdurado por m\u00e1s de 4,000 a\u00f1os, gracias a su utilidad, belleza y la capacidad de expresi\u00f3n art\u00edstica de todo un pueblo, me siento, y as\u00ed lo estoy, totalmente comprometida con esta labor.<\/span><\/i><\/p>\n<p style=\"text-align: center;\">\u2014<span style=\"font-weight: 500;\">Patricia Ortiz Monasterio<\/span><\/p>\n<p>[\/et_pb_text][et_pb_gallery gallery_ids=&#8221;1148,1150,1149,1152,1151,1154,1153,1156,1155,1157,1158,1159,1160,1161,1162,1163,1164,1165,1166,1167&#8243; fullwidth=&#8221;on&#8221; _builder_version=&#8221;4.17.6&#8243; _module_preset=&#8221;default&#8221; global_colors_info=&#8221;{}&#8221;][\/et_pb_gallery][et_pb_text _builder_version=&#8221;4.17.6&#8243; _module_preset=&#8221;85a74ef5-e179-4af0-a4ca-c8517fbe9209&#8243; header_text_align=&#8221;center&#8221; text_orientation=&#8221;center&#8221; global_colors_info=&#8221;{}&#8221;]<\/p>\n<h3><span style=\"font-weight: 500;\">Juntxs hemos caminado junto a las artesanas del barro hacia un futuro pr\u00f3spero.<\/span><\/h3>\n<p>[\/et_pb_text][et_pb_text _builder_version=&#8221;4.18.0&#8243; _module_preset=&#8221;3820e707-bfd3-4d79-80d9-54b68f732af6&#8243; text_text_color=&#8221;gcid-1e2fd13e-1b2f-4961-8527-1e8cfd255614&#8243; global_colors_info=&#8221;{%22gcid-1e2fd13e-1b2f-4961-8527-1e8cfd255614%22:%91%22text_text_color%22%93}&#8221;]<\/p>\n<p style=\"text-align: center;\"><i><span style=\"font-weight: 500;\">En un momento hist\u00f3rico sumamente desafiante para nuestro pa\u00eds y el mundo, qu\u00e9 mejor manera de avanzar que voltear hacia nosotros mismos y encontrar, al alcance de nuestras manos, un camino para entender qui\u00e9nes somos y hacia d\u00f3nde queremos ir<\/span><\/i><\/p>\n<p style=\"text-align: center;\">\u2014<span style=\"font-weight: 500;\">Jos\u00e9 Kuri y M\u00f3nica Manzutto<\/span><\/p>\n<p>[\/et_pb_text][et_pb_video src=&#8221;https:\/\/vimeo.com\/307193418&#8243; _builder_version=&#8221;4.17.4&#8243; _module_preset=&#8221;default&#8221; global_colors_info=&#8221;{}&#8221;][\/et_pb_video][\/et_pb_column][et_pb_column type=&#8221;1_4&#8243; _builder_version=&#8221;4.17.4&#8243; _module_preset=&#8221;default&#8221; global_colors_info=&#8221;{}&#8221;][\/et_pb_column][\/et_pb_row][\/et_pb_section]<\/p>\n","protected":false},"excerpt":{"rendered":"<p><div class=\"et_pb_module lwp_divi_breadcrumbs lwp_divi_breadcrumbs_0 et_pb_sticky_module\">\n\t\t\t\t\n\t\t\t\t\n\t\t\t\t\n\t\t\t\t\n\t\t\t\t\n\t\t\t\t\n\t\t\t\t<div class=\"et_pb_module_inner\">\n\t\t\t\t\t<div class=\"lwp-breadcrumbs\"> <span class=\"before\"><\/span> <span vocab=\"https:\/\/schema.org\/\" typeof=\"BreadcrumbList\"><span property=\"itemListElement\" typeof=\"ListItem\"><a property=\"item\" typeof=\"WebPage\" href=\"https:\/\/innovandolatradicion.org\/en\/\" class=\"home\"><span property=\"name\">Home<\/span><\/a><meta property=\"position\" content=\"1\"><\/span> <span class=\"separator et-pb-icon\">5<\/span> <\/span><\/div>\n\t\t\t\t<\/div>\n\t\t\t<\/div>La Red Valle de Huajes es un colectivo conformado por pioneros de todo tipo: artistas, chefs, empresarixs, promotorxs culturales, dise\u00f1adorxs, arquitectxs y activistas, interesados en acompa\u00f1ar a l\u00e5s alfarer\u00e5s de Oaxaca, aprender de [&hellip;]<\/p>\n","protected":false},"author":1,"featured_media":0,"parent":0,"menu_order":0,"comment_status":"closed","ping_status":"closed","template":"","meta":{"_et_pb_use_builder":"on","_et_pb_old_content":"<!-- wp:divi\/placeholder \/-->","_et_gb_content_width":"","inline_featured_image":false,"footnotes":""},"class_list":["post-38","page","type-page","status-publish","hentry"],"_links":{"self":[{"href":"https:\/\/innovandolatradicion.org\/en\/wp-json\/wp\/v2\/pages\/38","targetHints":{"allow":["GET"]}}],"collection":[{"href":"https:\/\/innovandolatradicion.org\/en\/wp-json\/wp\/v2\/pages"}],"about":[{"href":"https:\/\/innovandolatradicion.org\/en\/wp-json\/wp\/v2\/types\/page"}],"author":[{"embeddable":true,"href":"https:\/\/innovandolatradicion.org\/en\/wp-json\/wp\/v2\/users\/1"}],"replies":[{"embeddable":true,"href":"https:\/\/innovandolatradicion.org\/en\/wp-json\/wp\/v2\/comments?post=38"}],"version-history":[{"count":23,"href":"https:\/\/innovandolatradicion.org\/en\/wp-json\/wp\/v2\/pages\/38\/revisions"}],"predecessor-version":[{"id":1939,"href":"https:\/\/innovandolatradicion.org\/en\/wp-json\/wp\/v2\/pages\/38\/revisions\/1939"}],"wp:attachment":[{"href":"https:\/\/innovandolatradicion.org\/en\/wp-json\/wp\/v2\/media?parent=38"}],"curies":[{"name":"wp","href":"https:\/\/api.w.org\/{rel}","templated":true}]}}