{"id":34,"date":"2022-05-12T18:57:15","date_gmt":"2022-05-12T18:57:15","guid":{"rendered":"http:\/\/it2021.innovandolatradicion.org\/?page_id=34"},"modified":"2023-01-12T18:27:54","modified_gmt":"2023-01-12T18:27:54","slug":"nuestra-milpa","status":"publish","type":"page","link":"https:\/\/innovandolatradicion.org\/en\/nuestra-milpa\/","title":{"rendered":"our milpa"},"content":{"rendered":"<p>[et_pb_section fb_built=&#8221;1&#8243; disabled_on=&#8221;on|on|off&#8221; admin_label=&#8221;lenguage-header-yellow&#8221; _builder_version=&#8221;4.17.4&#8243; _module_preset=&#8221;default&#8221; background_color=&#8221;gcid-51e092f7-3f41-4be5-8df2-326198ab21a9&#8243; height=&#8221;100px&#8221; height_tablet=&#8221;70px&#8221; height_phone=&#8221;50px&#8221; height_last_edited=&#8221;on|phone&#8221; max_height=&#8221;100px&#8221; custom_padding=&#8221;0px|5vw|0px|5vw|true|true&#8221; custom_css_main_element=&#8221;width: calc(100% &#8211; 300px);||margin-left:300px !important;&#8221; border_width_bottom=&#8221;4px&#8221; border_color_bottom=&#8221;gcid-1e2fd13e-1b2f-4961-8527-1e8cfd255614&#8243; border_width_bottom_tablet=&#8221;3px&#8221; border_width_bottom_phone=&#8221;2px&#8221; border_width_bottom_last_edited=&#8221;on|desktop&#8221; global_colors_info=&#8221;{%22gcid-51e092f7-3f41-4be5-8df2-326198ab21a9%22:%91%22background_color%22%93,%22gcid-1e2fd13e-1b2f-4961-8527-1e8cfd255614%22:%91%22border_color_bottom%22%93}&#8221; custom_css_main_element_last_edited=&#8221;on|tablet&#8221; custom_css_main_element_tablet=&#8221;width: 100%;&#8221; custom_css_main_element_phone=&#8221;width: 100%;&#8221;][\/et_pb_section][et_pb_section fb_built=&#8221;1&#8243; custom_padding_last_edited=&#8221;on|phone&#8221; admin_label=&#8221;title-header-yellow&#8221; _builder_version=&#8221;4.19.4&#8243; _module_preset=&#8221;default&#8221; background_color=&#8221;gcid-51e092f7-3f41-4be5-8df2-326198ab21a9&#8243; custom_padding=&#8221;0px|3vw|0px|3vw|false|true&#8221; custom_padding_tablet=&#8221;0px|6vw|0px|6vw|true|true&#8221; custom_padding_phone=&#8221;0px|8vw|0px|8vw|true|true&#8221; hover_enabled=&#8221;0&#8243; custom_css_main_element=&#8221;width: calc(100% &#8211; 300px);||margin-left:300px !important;&#8221; global_colors_info=&#8221;{%22gcid-51e092f7-3f41-4be5-8df2-326198ab21a9%22:%91%22background_color%22%93}&#8221; custom_css_main_element_last_edited=&#8221;on|phone&#8221; custom_css_main_element_tablet=&#8221;width: 100%;&#8221; custom_css_main_element_phone=&#8221;width: 100%;&#8221; z_index__sticky_enabled=&#8221;off|desktop&#8221; z_index__sticky=&#8221;10&#8243; sticky_enabled=&#8221;0&#8243;][et_pb_row _builder_version=&#8221;4.19.4&#8243; _module_preset=&#8221;default&#8221; width=&#8221;100%&#8221; max_width=&#8221;100%&#8221; hover_enabled=&#8221;0&#8243; global_colors_info=&#8221;{}&#8221; sticky_enabled=&#8221;0&#8243;][et_pb_column type=&#8221;4_4&#8243; _builder_version=&#8221;4.17.4&#8243; _module_preset=&#8221;default&#8221; global_colors_info=&#8221;{}&#8221;][lwp_divi_breadcrumbs font_icon=&#8221;&#x35;||divi||400&#8243; use_before_icon=&#8221;off&#8221; link_color=&#8221;gcid-cd28a455-10ce-4391-b769-b9d2c09cf429&#8243; separator_color=&#8221;gcid-1e2fd13e-1b2f-4961-8527-1e8cfd255614&#8243; current_text_color=&#8221;gcid-1e2fd13e-1b2f-4961-8527-1e8cfd255614&#8243; _builder_version=&#8221;4.19.4&#8243; _module_preset=&#8221;default&#8221; module_font=&#8221;Bebas Neue|||on|||||&#8221; module_font_size=&#8221;20px&#8221; custom_margin_last_edited=&#8221;off|desktop&#8221; hover_enabled=&#8221;0&#8243; module_font_size_tablet=&#8221;16px&#8221; module_font_size_phone=&#8221;14px&#8221; module_font_size_last_edited=&#8221;on|phone&#8221; global_colors_info=&#8221;{%22gcid-cd28a455-10ce-4391-b769-b9d2c09cf429%22:%91%22link_color%22%93,%22gcid-1e2fd13e-1b2f-4961-8527-1e8cfd255614%22:%91%22separator_color%22,%22current_text_color%22%93,%22gcid-51e092f7-3f41-4be5-8df2-326198ab21a9%22:%91%22background_color%22%93}&#8221; sticky_position=&#8221;top&#8221; sticky_enabled=&#8221;0&#8243; custom_padding_last_edited=&#8221;off|desktop&#8221; custom_padding__sticky_enabled=&#8221;on|sticky&#8221; custom_padding__sticky=&#8221;16px||16px||true|false&#8221; background__sticky_enabled=&#8221;on|sticky&#8221; background_color__sticky=&#8221;gcid-51e092f7-3f41-4be5-8df2-326198ab21a9&#8243; background_enable_color__sticky=&#8221;on&#8221; z_index__sticky_enabled=&#8221;on|sticky&#8221; z_index__sticky=&#8221;100&#8243;][\/lwp_divi_breadcrumbs][et_pb_text _builder_version=&#8221;4.17.4&#8243; _dynamic_attributes=&#8221;content&#8221; _module_preset=&#8221;default&#8221; header_2_font=&#8221;Bebas Neue|||on|||||&#8221; header_2_text_color=&#8221;#0000FF&#8221; header_2_font_size=&#8221;120px&#8221; custom_margin_last_edited=&#8221;off|desktop&#8221; header_2_font_size_tablet=&#8221;60px&#8221; header_2_font_size_phone=&#8221;40px&#8221; header_2_font_size_last_edited=&#8221;on|phone&#8221; global_colors_info=&#8221;{}&#8221;]@ET-DC@eyJkeW5hbWljIjp0cnVlLCJjb250ZW50IjoicG9zdF90aXRsZSIsInNldHRpbmdzIjp7ImJlZm9yZSI6IjxoMj4iLCJhZnRlciI6IjwvaDI+In19@[\/et_pb_text][\/et_pb_column][\/et_pb_row][\/et_pb_section][et_pb_section fb_built=&#8221;1&#8243; custom_padding_last_edited=&#8221;on|phone&#8221; admin_label=&#8221;Content&#8221; _builder_version=&#8221;4.17.4&#8243; _module_preset=&#8221;default&#8221; background_color=&#8221;gcid-51e092f7-3f41-4be5-8df2-326198ab21a9&#8243; positioning=&#8221;none&#8221; custom_padding=&#8221;10px|3vw|100px|3vw|false|true&#8221; custom_padding_tablet=&#8221;10px|6vw|100px|6vw|false|true&#8221; custom_padding_phone=&#8221;10px|8vw|50px|8vw|false|true&#8221; custom_css_main_element=&#8221;width: calc(100% &#8211; 300px);||margin-left:300px !important;&#8221; border_width_bottom_tablet=&#8221;3px&#8221; border_width_bottom_phone=&#8221;2px&#8221; border_width_bottom_last_edited=&#8221;off|desktop&#8221; global_colors_info=&#8221;{%22gcid-51e092f7-3f41-4be5-8df2-326198ab21a9%22:%91%22background_color%22%93}&#8221; custom_css_main_element_last_edited=&#8221;on|phone&#8221; custom_css_main_element_tablet=&#8221;width: 100%;&#8221; custom_css_main_element_phone=&#8221;width: 100%;&#8221;][et_pb_row column_structure=&#8221;3_4,1_4&#8243; custom_padding_last_edited=&#8221;on|phone&#8221; _builder_version=&#8221;4.17.4&#8243; _module_preset=&#8221;default&#8221; z_index=&#8221;1&#8243; width=&#8221;100%&#8221; max_width=&#8221;1380px&#8221; module_alignment=&#8221;left&#8221; custom_padding=&#8221;||100px||false|false&#8221; custom_padding_tablet=&#8221;||70px||false|false&#8221; custom_padding_phone=&#8221;||50px||false|false&#8221; border_width_bottom=&#8221;4px&#8221; border_color_bottom=&#8221;gcid-1e2fd13e-1b2f-4961-8527-1e8cfd255614&#8243; border_width_bottom_tablet=&#8221;3px&#8221; border_width_bottom_phone=&#8221;2px&#8221; border_width_bottom_last_edited=&#8221;on|phone&#8221; global_colors_info=&#8221;{%22gcid-1e2fd13e-1b2f-4961-8527-1e8cfd255614%22:%91%22border_color_bottom%22%93}&#8221;][et_pb_column type=&#8221;3_4&#8243; _builder_version=&#8221;4.17.4&#8243; _module_preset=&#8221;default&#8221; global_colors_info=&#8221;{}&#8221;][et_pb_text _builder_version=&#8221;4.17.4&#8243; _module_preset=&#8221;42128a6d-6ae4-4332-a612-da7b53dc60e9&#8243; global_colors_info=&#8221;{}&#8221;]<\/p>\n<p><span style=\"font-weight: 400;\">En M\u00e9xico llamamos milpa al ancestral sistema agr\u00edcola de mesoam\u00e9rica conformado por un policultivo, principalmente ma\u00edz, calabaza y frijol, adem\u00e1s de chiles y quelites varios. La interacci\u00f3n de estas especies genera un ecosistema en equilibrio ecol\u00f3gico donde se aprovechan de manera complementaria los diferentes recursos existentes: agua, luz y suelo, y que adem\u00e1s produce una dieta altamente nutritiva.<\/span><\/p>\n<p><span style=\"font-weight: 400;\"><b>La Milpa de Innovando la Tradici\u00f3n<\/b> se compone de <i>Cuatro Movimientos<\/i>, cuatro principios que gu\u00edan nuestro caminar, cuatro \u00e1reas que interact\u00faan y se complementan, tal como los cultivos de la milpa mesoamericana, para ofrecer una respuesta integral al debilitamiento de la alfarer\u00eda tradicional y los saberes de los pueblos.<\/span><\/p>\n<p><span style=\"font-weight: 400;\">En cada Movimiento hay ideas que germinan como experimentos, proyectos piloto o proyectos a largo plazo.<\/span><\/p>\n<p>[\/et_pb_text][et_pb_text _builder_version=&#8221;4.18.0&#8243; _module_preset=&#8221;7d853f4a-54ca-46cc-9889-80362fcb5ff8&#8243; global_colors_info=&#8221;{}&#8221;]<\/p>\n<h4>El ma\u00edz | Comunidad Alfarera de Aprendizaje<\/h4>\n<p>[\/et_pb_text][et_pb_text _builder_version=&#8221;4.17.4&#8243; _module_preset=&#8221;42128a6d-6ae4-4332-a612-da7b53dc60e9&#8243; global_colors_info=&#8221;{}&#8221;]<\/p>\n<p><span style=\"font-weight: 400;\">Un espacio de formaci\u00f3n donde alfareros y alfareras comparten sus saberes, expandiendo sus habilidades hacia otros campos de conocimiento o inter\u00e9s. Es un espacio de confianza, colaboraci\u00f3n, hermandad y convivencia, donde todxs tenemos algo que ense\u00f1ar y algo que aprender. <\/span><\/p>\n<p>[\/et_pb_text][et_pb_text _builder_version=&#8221;4.18.0&#8243; _module_preset=&#8221;7d853f4a-54ca-46cc-9889-80362fcb5ff8&#8243; global_colors_info=&#8221;{}&#8221;]<\/p>\n<h4>El frijol | Casas del Barro<\/h4>\n<p>[\/et_pb_text][et_pb_text _builder_version=&#8221;4.17.4&#8243; _module_preset=&#8221;42128a6d-6ae4-4332-a612-da7b53dc60e9&#8243; global_colors_info=&#8221;{}&#8221;]<\/p>\n<p><span style=\"font-weight: 400;\">Buscamos transformar las narrativas dominantes desde lo local a trav\u00e9s de una red de espacios (Casas de los Saberes) dedicados al barro, lo hecho a mano y los saberes de los pueblos. Una red de espacios para talleres, venta y exposiciones, que propicie encuentros y colaboraci\u00f3n entre alfarerxs, dise\u00f1adorxs, investigadorxs, artistaxs, educadorxs y aficionadxs. <\/span><\/p>\n<p>[\/et_pb_text][et_pb_text _builder_version=&#8221;4.17.4&#8243; _module_preset=&#8221;7d853f4a-54ca-46cc-9889-80362fcb5ff8&#8243; global_colors_info=&#8221;{}&#8221;]<\/p>\n<h4>La calabaza | El Saber est\u00e1 Hecho a Mano<\/h4>\n<p>[\/et_pb_text][et_pb_text _builder_version=&#8221;4.17.4&#8243; _module_preset=&#8221;42128a6d-6ae4-4332-a612-da7b53dc60e9&#8243; global_colors_info=&#8221;{}&#8221;]<\/p>\n<p><span style=\"font-weight: 400;\">Documentamos y compartimos c\u00f3mo hacemos lo que hacemos \u2014nuestras herramientas, procesos y principios\u2014, as\u00ed como los saberes de lxs artesanxs, para incentivar m\u00e1s proyectos\u2028de colaboraci\u00f3n y empresas basadas en la solidaridad. <\/span><\/p>\n<p>[\/et_pb_text][et_pb_text _builder_version=&#8221;4.18.0&#8243; _module_preset=&#8221;7d853f4a-54ca-46cc-9889-80362fcb5ff8&#8243; global_colors_info=&#8221;{}&#8221;]<\/p>\n<h4>El chile | Cooperativa SomosBarro 1050\u00b0<\/h4>\n<p>[\/et_pb_text][et_pb_text _builder_version=&#8221;4.17.4&#8243; _module_preset=&#8221;42128a6d-6ae4-4332-a612-da7b53dc60e9&#8243; custom_padding=&#8221;||0px|||&#8221; global_colors_info=&#8221;{}&#8221;]<\/p>\n<p><span style=\"font-weight: 400;\">Como empresa social y cooperativa, llevamos la alfarer\u00eda a todos los rincones del mundo, abriendo nuevos caminos para que m\u00e1s personas toquen su sabidur\u00eda profunda y su belleza. Con una econom\u00eda solidaria logramos transformaciones profundas en las familias alfareras, apoyadas en econom\u00edas justas, estables y dignas. <\/span><\/p>\n<p>[\/et_pb_text][\/et_pb_column][et_pb_column type=&#8221;1_4&#8243; _builder_version=&#8221;4.17.4&#8243; _module_preset=&#8221;default&#8221; global_colors_info=&#8221;{}&#8221;][\/et_pb_column][\/et_pb_row][\/et_pb_section]<\/p>\n","protected":false},"excerpt":{"rendered":"<p><div class=\"et_pb_module lwp_divi_breadcrumbs lwp_divi_breadcrumbs_0 et_pb_sticky_module\">\n\t\t\t\t\n\t\t\t\t\n\t\t\t\t\n\t\t\t\t\n\t\t\t\t\n\t\t\t\t\n\t\t\t\t<div class=\"et_pb_module_inner\">\n\t\t\t\t\t<div class=\"lwp-breadcrumbs\"> <span class=\"before\"><\/span> <span vocab=\"https:\/\/schema.org\/\" typeof=\"BreadcrumbList\"><span property=\"itemListElement\" typeof=\"ListItem\"><a property=\"item\" typeof=\"WebPage\" href=\"https:\/\/innovandolatradicion.org\/en\/\" class=\"home\"><span property=\"name\">Home<\/span><\/a><meta property=\"position\" content=\"1\"><\/span> <span class=\"separator et-pb-icon\">5<\/span> <\/span><\/div>\n\t\t\t\t<\/div>\n\t\t\t<\/div>En M\u00e9xico llamamos milpa al ancestral sistema agr\u00edcola de mesoam\u00e9rica conformado por un policultivo, principalmente ma\u00edz, calabaza y frijol, adem\u00e1s de chiles y quelites varios. La interacci\u00f3n de estas [&hellip;]<\/p>\n","protected":false},"author":1,"featured_media":0,"parent":0,"menu_order":0,"comment_status":"closed","ping_status":"closed","template":"","meta":{"_et_pb_use_builder":"on","_et_pb_old_content":"<!-- wp:divi\/placeholder \/-->","_et_gb_content_width":"","inline_featured_image":false,"footnotes":""},"class_list":["post-34","page","type-page","status-publish","hentry"],"_links":{"self":[{"href":"https:\/\/innovandolatradicion.org\/en\/wp-json\/wp\/v2\/pages\/34","targetHints":{"allow":["GET"]}}],"collection":[{"href":"https:\/\/innovandolatradicion.org\/en\/wp-json\/wp\/v2\/pages"}],"about":[{"href":"https:\/\/innovandolatradicion.org\/en\/wp-json\/wp\/v2\/types\/page"}],"author":[{"embeddable":true,"href":"https:\/\/innovandolatradicion.org\/en\/wp-json\/wp\/v2\/users\/1"}],"replies":[{"embeddable":true,"href":"https:\/\/innovandolatradicion.org\/en\/wp-json\/wp\/v2\/comments?post=34"}],"version-history":[{"count":36,"href":"https:\/\/innovandolatradicion.org\/en\/wp-json\/wp\/v2\/pages\/34\/revisions"}],"predecessor-version":[{"id":1896,"href":"https:\/\/innovandolatradicion.org\/en\/wp-json\/wp\/v2\/pages\/34\/revisions\/1896"}],"wp:attachment":[{"href":"https:\/\/innovandolatradicion.org\/en\/wp-json\/wp\/v2\/media?parent=34"}],"curies":[{"name":"wp","href":"https:\/\/api.w.org\/{rel}","templated":true}]}}