{"id":2912,"date":"2024-12-03T13:11:46","date_gmt":"2024-12-03T19:11:46","guid":{"rendered":"http:\/\/innovandolatradicion.org\/?page_id=2912"},"modified":"2024-12-03T13:31:03","modified_gmt":"2024-12-03T19:31:03","slug":"7o-encuentro","status":"publish","type":"page","link":"https:\/\/innovandolatradicion.org\/en\/red-valle-de-huajes\/eventos\/7o-encuentro\/","title":{"rendered":"7\u00ba ENCUENTRO"},"content":{"rendered":"\n<div class=\"wp-block-divi-layout\">[et_pb_section fb_built=&#8221;1&#8243; _builder_version=&#8221;4.27.4&#8243; _module_preset=&#8221;default&#8221; global_colors_info=&#8221;{}&#8221;][et_pb_row _builder_version=&#8221;4.27.4&#8243; _module_preset=&#8221;default&#8221; hover_enabled=&#8221;0&#8243; global_colors_info=&#8221;{}&#8221; width=&#8221;100%&#8221; sticky_enabled=&#8221;0&#8243;][et_pb_column type=&#8221;4_4&#8243; _builder_version=&#8221;4.27.4&#8243; _module_preset=&#8221;default&#8221; global_colors_info=&#8221;{}&#8221;][et_pb_gallery gallery_ids=&#8221;2915,2917,2916,2919,2918,2920,2921&#8243; fullwidth=&#8221;on&#8221; _builder_version=&#8221;4.27.4&#8243; _module_preset=&#8221;default&#8221; hover_enabled=&#8221;0&#8243; global_colors_info=&#8221;{}&#8221; sticky_enabled=&#8221;0&#8243;][\/et_pb_gallery][\/et_pb_column][\/et_pb_row][\/et_pb_section]<\/div>\n\n\n\n<p><\/p>\n\n\n\n<p>Igual que en a\u00f1os anteriores, el VII Encuentro de la RVH fue una experiencia fenomenal, divertida y conmovedora.<\/p>\n\n\n\n<p>Cada a\u00f1o tambi\u00e9n es diferente y esta vez dedicamos un d\u00eda completo a estar en Rio Blanco Tonaltepec, en casa de Goya Cruz Peralta, un paraje lleno de aire fresco y vida. Ella, su hermana Demetria, su nuera, su esposo y su cu\u00f1ado, nos dieron una c\u00e1lida bienvenida y nos llenaron la barriga con delicias locales: atole, frijoles, nopales, chileatole, tortillas de trigo y una salsa memorable.<\/p>\n\n\n\n<p>Visitamos la mina de barro e hicimos una ofrenda a la tierra guiados por Rodolfo y su familia, artesanos de Ixtl\u00e1n que se sumaron al viaje. Al parecer, el poder de la ofrenda trajo la muy esperada lluvia y caminamos de regreso mojados y felices.<\/p>\n\n\n\n<p>Tocamos el barro y escuchamos las historias de nuestr\u00e5s anfitrion\u00e5s. Al calor de la fogata re\u00edmos y tambi\u00e9n lloramos. Al d\u00eda siguiente conversamos sobre c\u00f3mo afrontar las diferentes crisis que nos afectan y c\u00f3mo construir nuevos futuros desde la escucha y desde el agradecimiento hacia la madre tierra.<\/p>\n\n\n\n<p>Gracias, gracias, gracias a quienes asistieron, nos acompa\u00f1aron e hicieron posible, con su presencia, esta reuni\u00f3n de corazones que cre\u00f3 lazos nuevos y fortaleci\u00f3 los existentes.<\/p>\n","protected":false},"excerpt":{"rendered":"<p>Cada a\u00f1o tambi\u00e9n es diferente y esta vez dedicamos un d\u00eda completo a estar en Rio Blanco Tonaltepec, en casa de Goya Cruz Peralta, un paraje lleno de aire fresco y vida. Ella, su hermana Demetria, su nuera, su esposo y su cu\u00f1ado, nos dieron una c\u00e1lida bienvenida y nos llenaron la barriga con delicias locales: atole, frijoles, nopales, chileatole, tortillas de trigo y una salsa memorable.<\/p>","protected":false},"author":1,"featured_media":2915,"parent":114,"menu_order":0,"comment_status":"closed","ping_status":"closed","template":"","meta":{"_et_pb_use_builder":"off","_et_pb_old_content":"","_et_gb_content_width":"1080","inline_featured_image":false,"footnotes":""},"class_list":["post-2912","page","type-page","status-publish","has-post-thumbnail","hentry"],"_links":{"self":[{"href":"https:\/\/innovandolatradicion.org\/en\/wp-json\/wp\/v2\/pages\/2912","targetHints":{"allow":["GET"]}}],"collection":[{"href":"https:\/\/innovandolatradicion.org\/en\/wp-json\/wp\/v2\/pages"}],"about":[{"href":"https:\/\/innovandolatradicion.org\/en\/wp-json\/wp\/v2\/types\/page"}],"author":[{"embeddable":true,"href":"https:\/\/innovandolatradicion.org\/en\/wp-json\/wp\/v2\/users\/1"}],"replies":[{"embeddable":true,"href":"https:\/\/innovandolatradicion.org\/en\/wp-json\/wp\/v2\/comments?post=2912"}],"version-history":[{"count":3,"href":"https:\/\/innovandolatradicion.org\/en\/wp-json\/wp\/v2\/pages\/2912\/revisions"}],"predecessor-version":[{"id":2923,"href":"https:\/\/innovandolatradicion.org\/en\/wp-json\/wp\/v2\/pages\/2912\/revisions\/2923"}],"up":[{"embeddable":true,"href":"https:\/\/innovandolatradicion.org\/en\/wp-json\/wp\/v2\/pages\/114"}],"wp:featuredmedia":[{"embeddable":true,"href":"https:\/\/innovandolatradicion.org\/en\/wp-json\/wp\/v2\/media\/2915"}],"wp:attachment":[{"href":"https:\/\/innovandolatradicion.org\/en\/wp-json\/wp\/v2\/media?parent=2912"}],"curies":[{"name":"wp","href":"https:\/\/api.w.org\/{rel}","templated":true}]}}