{"id":2479,"date":"2023-09-23T14:31:56","date_gmt":"2023-09-23T20:31:56","guid":{"rendered":"http:\/\/innovandolatradicion.org\/?page_id=2479"},"modified":"2024-12-03T12:55:08","modified_gmt":"2024-12-03T18:55:08","slug":"6o-encuentro","status":"publish","type":"page","link":"https:\/\/innovandolatradicion.org\/en\/red-valle-de-huajes\/eventos\/6o-encuentro\/","title":{"rendered":"6th ENCUENTRO"},"content":{"rendered":"<p>[et_pb_section fb_built=&#8221;1&#8243; _builder_version=&#8221;4.27.0&#8243; _module_preset=&#8221;default&#8221; background_color=&#8221;#DCFFD8&#8243; custom_padding=&#8221;0px|0px|0px|0px|true|true&#8221; global_colors_info=&#8221;{}&#8221; theme_builder_area=&#8221;post_content&#8221;][et_pb_row _builder_version=&#8221;4.22.0&#8243; _module_preset=&#8221;default&#8221; width=&#8221;100%&#8221; custom_padding=&#8221;0px|0px|0px|0px|false|false&#8221; global_colors_info=&#8221;{}&#8221; theme_builder_area=&#8221;post_content&#8221;][et_pb_column type=&#8221;4_4&#8243; _builder_version=&#8221;4.22.0&#8243; _module_preset=&#8221;default&#8221; global_colors_info=&#8221;{}&#8221; theme_builder_area=&#8221;post_content&#8221;][et_pb_gallery gallery_ids=&#8221;2505,2506,2507,2508,2509&#8243; fullwidth=&#8221;on&#8221; _builder_version=&#8221;4.22.0&#8243; _module_preset=&#8221;default&#8221; global_colors_info=&#8221;{}&#8221; theme_builder_area=&#8221;post_content&#8221;][\/et_pb_gallery][\/et_pb_column][\/et_pb_row][\/et_pb_section][et_pb_section fb_built=&#8221;1&#8243; _builder_version=&#8221;4.27.0&#8243; background_color=&#8221;#DCFFD8&#8243; global_colors_info=&#8221;{}&#8221; theme_builder_area=&#8221;post_content&#8221;][et_pb_row _builder_version=&#8221;4.16&#8243; background_size=&#8221;initial&#8221; background_position=&#8221;top_left&#8221; background_repeat=&#8221;repeat&#8221; global_colors_info=&#8221;{}&#8221; theme_builder_area=&#8221;post_content&#8221;][et_pb_column type=&#8221;4_4&#8243; _builder_version=&#8221;4.16&#8243; custom_padding=&#8221;|||&#8221; global_colors_info=&#8221;{}&#8221; custom_padding__hover=&#8221;|||&#8221; theme_builder_area=&#8221;post_content&#8221;][et_pb_text _builder_version=&#8221;4.27.4&#8243; background_size=&#8221;initial&#8221; background_position=&#8221;top_left&#8221; background_repeat=&#8221;repeat&#8221; hover_enabled=&#8221;0&#8243; global_colors_info=&#8221;{}&#8221; theme_builder_area=&#8221;post_content&#8221; sticky_enabled=&#8221;0&#8243;]<\/p>\n<p><!-- divi:paragraph --><span style=\"font-weight: 400;\">Durante el VI Encuentro de la RVH en 2023 disfrutamos un fin de semana dedicado a celebrar la tierra y a recuperar nuestra conexi\u00f3n con ella.<\/span><\/p>\n<p><span style=\"font-weight: 400;\">\u00a0<\/span><span style=\"font-weight: 400;\">Visitamos a Rodolfo P\u00e9rez en Ixtl\u00e1n, quien nos ense\u00f1\u00f3 a dar gracias a la tierra d\u00e1ndole de beber atole, antes de escarbar, amasar y darle forma al barro.<\/span><\/p>\n<p><span style=\"font-weight: 400;\">\u00a0<\/span><span style=\"font-size: 17px;\">Disfrutamos de una cena muy oaxaque\u00f1a y la proyecci\u00f3n del documental <\/span><i style=\"font-size: 17px;\">Amelia<\/i><span style=\"font-size: 17px;\">, para despu\u00e9s conversar con Juan Carlos S\u00e1nchez, fil\u00f3sofo zapoteca, alrededor del antropoceno (o capitaloceno) y las posibilidades de resiliencia a trav\u00e9s de la conexi\u00f3n con la tierra.<\/span><\/p>\n<p><span style=\"font-weight: 400;\">\u00a0<\/span><span style=\"font-size: 17px;\">La cereza en el pastel fue la inauguraci\u00f3n de nuestra exposici\u00f3n <\/span><a href=\"https:\/\/innovandolatradicion.org\/de-la-tierra-somos-exposicion-en-el-centro-de-las-artes-de-san-agustin\/\" style=\"font-size: 17px;\"><i>De la tierra somos<\/i><\/a><span style=\"font-size: 17px;\">, en el CaSa, tomad\u00e5s de la mano en un enorme c\u00edrculo con m\u00e1s de 50 artesan\u00e5s.<\/span><\/p>\n<p><span style=\"font-weight: 400;\">\u00a0<\/span><\/p>\n<blockquote>\n<p><span style=\"font-weight: 400;\">\u201cEl modelo de pensamiento occidental se antepone al modelo de los pueblos ancestrales. Es el modelo que cosifica la tierra el que trae la destrucci\u00f3n, con una visi\u00f3n instrumental que la ve s\u00f3lo como un medio al servicio del hombre\u201d.<\/span><\/p>\n<p><span style=\"font-weight: 400;\"><\/span><\/p>\n<p><span style=\"font-weight: 400;\"><\/span><\/p>\n<p><span style=\"font-weight: 400;\"><\/span><\/p>\n<p><b>\u2014<\/b><span style=\"font-weight: 400;\">Juan Carlos S\u00e1nchez<\/span><\/p>\n<\/blockquote>\n<p>[\/et_pb_text][\/et_pb_column][\/et_pb_row][\/et_pb_section]<\/p>\n","protected":false},"excerpt":{"rendered":"<p>During the 6th RVH Encuentro in 2023 we enjoyed a weekend dedicated to the celebration of the earth and to recover our connection with her.<\/p>","protected":false},"author":1,"featured_media":2504,"parent":114,"menu_order":0,"comment_status":"closed","ping_status":"closed","template":"","meta":{"_et_pb_use_builder":"on","_et_pb_old_content":"<!-- wp:paragraph -->\n<p>Junio 2023<\/p>\n<!-- \/wp:paragraph -->\n\n<!-- wp:divi\/layout -->\n<div class=\"wp-block-divi-layout\">[et_pb_section fb_built=\"1\" _builder_version=\"4.22.0\" _module_preset=\"default\" custom_padding=\"0px|0px|0px|0px|true|true\" global_colors_info=\"{}\" theme_builder_area=\"post_content\"][et_pb_row _builder_version=\"4.22.0\" _module_preset=\"default\" width=\"100%\" custom_padding=\"0px|0px|0px|0px|false|false\" global_colors_info=\"{}\" theme_builder_area=\"post_content\"][et_pb_column type=\"4_4\" _builder_version=\"4.22.0\" _module_preset=\"default\" global_colors_info=\"{}\" theme_builder_area=\"post_content\"][et_pb_gallery gallery_ids=\"2505,2506,2507,2508,2509\" fullwidth=\"on\" _builder_version=\"4.22.0\" _module_preset=\"default\" hover_enabled=\"0\" global_colors_info=\"{}\" theme_builder_area=\"post_content\" sticky_enabled=\"0\"][\/et_pb_gallery][\/et_pb_column][\/et_pb_row][\/et_pb_section]<\/div>\n<!-- \/wp:divi\/layout -->\n\n<!-- wp:paragraph -->\n<p><\/p>\n<!-- \/wp:paragraph -->\n\n<!-- wp:paragraph -->\n<p>Durante el 6\u00ba Encuentro RVH en 2023, disfrutamos un fin de semana dedicado a celebrar la tierra y a recuperar nuestra conexi\u00f3n con ella.<\/p>\n<!-- \/wp:paragraph -->\n\n<!-- wp:paragraph -->\n<p>Visitamos Ixtl\u00e1n para beber atole, escuchar la tierra, trabajar con barro, y convivir con la luminosa sabidur\u00eda y generosidad de los miembros de la cooperativa Rodolfo P\u00e9rez y Elia Mateo, de Tlapazola.<\/p>\n<!-- \/wp:paragraph -->\n\n<!-- wp:paragraph -->\n<p>\u00bfQu\u00e9 hay en una olla, en una tinaja?<br>\u00bfQu\u00e9 nos dicen sus formas?<\/p>\n<!-- \/wp:paragraph -->\n\n<!-- wp:paragraph -->\n<p>'El antropoceno'. Vivimos una etapa de transici\u00f3n, a punto de un colapso ambiental y civilizatorio, de una sexta extinci\u00f3n masiva de la vida. Mejor nombre ser\u00eda 'capitaloceno'.<\/p>\n<!-- \/wp:paragraph -->\n\n<!-- wp:paragraph -->\n<p>El modelo de pensamiento occidental se antepone al modelo de los pueblos ancestrales. Es el modelo que cosifica la tierra el que trae la destrucci\u00f3n, con una visi\u00f3n instrumental que ve la tierra s\u00f3lo como un medio al servicio del hombre.<\/p>\n<!-- \/wp:paragraph -->\n\n<!-- wp:paragraph -->\n<p>Entonces, \u00bfqu\u00e9 podemos hacer?<br>Escuchar a la tierra para aumentar el nivel de consciencia.<br>Conectar con las fuentes de conocimiento ancestral y abrirnos a ellas.<\/p>\n<!-- \/wp:paragraph -->\n\n<!-- wp:paragraph -->\n<p>Imagi\u0301nense todos los Rodolfos, todas las Elias, que tenemos en potencia en este pai\u0301s.<br>La Casa de los Saberes es una gran oportunidad de mantener vivos esos conocimientos.<\/p>\n<!-- \/wp:paragraph -->\n\n<!-- wp:paragraph -->\n<p>El legado no son las piezas de barro, sino esa forma de pensar, de relacionarse con el mundo, y la convicci\u00f3n de cavar profundo dentro de nosotros, como dijo la maestra Elia, porque en lo m\u00e1s profundo est\u00e1 la vida.<\/p>\n<!-- \/wp:paragraph -->\n\n<!-- wp:paragraph -->\n<p>Del colapso, la vida va a emerger.<br>La gente seguir\u00e1 sembrando y cosechando.<br>Van a sobrevivir aquellos que se apeguen a la mujer y al ombligo de la tierra.<\/p>\n<!-- \/wp:paragraph -->\n\n<!-- wp:paragraph -->\n<p>Aqu\u00ed estamos, juntos.<br>Aqu\u00ed hacemos un c\u00edrculo para salvaguardar la vida,<br>Porque nadie se salva solo y nadie salva a todos.<br>Esta es una comunidad de apoyo y estos encuentros han sido fundamentales.<br>Agradecemos estas reuniones que dan la posibilidad de acercarnos a la tierra.<\/p>\n<!-- \/wp:paragraph -->\n\n<!-- wp:paragraph -->\n<p>\u00bfPodemos realmente ser esa semilla para el futuro?<br>\u00a1Se necesitan en este mundo un mill\u00f3n de Red Valle de Huajes!<\/p>\n<!-- \/wp:paragraph -->\n\n<!-- wp:paragraph -->\n<p>Gracias por seguir dando vida a la RVH con sus visitas a Oaxaca:<br>Ivan Titkov, Heidi Basch-Harod, Roman Podkorytov, Claudia Flores, Asuka Hisa, Hannah Love, Scott Crocker, Julieta Gim\u00e9nez Cacho, Jorge Espinosa<\/p>\n<!-- \/wp:paragraph -->","_et_gb_content_width":"","inline_featured_image":false,"footnotes":""},"class_list":["post-2479","page","type-page","status-publish","has-post-thumbnail","hentry"],"_links":{"self":[{"href":"https:\/\/innovandolatradicion.org\/en\/wp-json\/wp\/v2\/pages\/2479","targetHints":{"allow":["GET"]}}],"collection":[{"href":"https:\/\/innovandolatradicion.org\/en\/wp-json\/wp\/v2\/pages"}],"about":[{"href":"https:\/\/innovandolatradicion.org\/en\/wp-json\/wp\/v2\/types\/page"}],"author":[{"embeddable":true,"href":"https:\/\/innovandolatradicion.org\/en\/wp-json\/wp\/v2\/users\/1"}],"replies":[{"embeddable":true,"href":"https:\/\/innovandolatradicion.org\/en\/wp-json\/wp\/v2\/comments?post=2479"}],"version-history":[{"count":12,"href":"https:\/\/innovandolatradicion.org\/en\/wp-json\/wp\/v2\/pages\/2479\/revisions"}],"predecessor-version":[{"id":2909,"href":"https:\/\/innovandolatradicion.org\/en\/wp-json\/wp\/v2\/pages\/2479\/revisions\/2909"}],"up":[{"embeddable":true,"href":"https:\/\/innovandolatradicion.org\/en\/wp-json\/wp\/v2\/pages\/114"}],"wp:featuredmedia":[{"embeddable":true,"href":"https:\/\/innovandolatradicion.org\/en\/wp-json\/wp\/v2\/media\/2504"}],"wp:attachment":[{"href":"https:\/\/innovandolatradicion.org\/en\/wp-json\/wp\/v2\/media?parent=2479"}],"curies":[{"name":"wp","href":"https:\/\/api.w.org\/{rel}","templated":true}]}}