{"id":2478,"date":"2023-09-23T14:29:26","date_gmt":"2023-09-23T20:29:26","guid":{"rendered":"http:\/\/innovandolatradicion.org\/?page_id=2478"},"modified":"2023-09-23T15:18:43","modified_gmt":"2023-09-23T21:18:43","slug":"5o-encuentro","status":"publish","type":"page","link":"https:\/\/innovandolatradicion.org\/en\/red-valle-de-huajes\/eventos\/5o-encuentro\/","title":{"rendered":"5th ENCUENTRO"},"content":{"rendered":"\n<p>2023<\/p>\n\n\n\n<div class=\"wp-block-divi-layout\">[et_pb_section fb_built=&#8221;1&#8243; _builder_version=&#8221;4.22.0&#8243; _module_preset=&#8221;default&#8221; custom_padding=&#8221;0px|0px|0px|0px|true|true&#8221; global_colors_info=&#8221;{}&#8221; theme_builder_area=&#8221;post_content&#8221;][et_pb_row _builder_version=&#8221;4.22.0&#8243; _module_preset=&#8221;default&#8221; width=&#8221;100%&#8221; custom_padding=&#8221;0px|0px|0px|0px|false|false&#8221; global_colors_info=&#8221;{}&#8221; theme_builder_area=&#8221;post_content&#8221;][et_pb_column type=&#8221;4_4&#8243; _builder_version=&#8221;4.22.0&#8243; _module_preset=&#8221;default&#8221; global_colors_info=&#8221;{}&#8221; theme_builder_area=&#8221;post_content&#8221;][et_pb_gallery gallery_ids=&#8221;2500,2501,2502,2503&#8243; fullwidth=&#8221;on&#8221; _builder_version=&#8221;4.22.0&#8243; _module_preset=&#8221;default&#8221; hover_enabled=&#8221;0&#8243; global_colors_info=&#8221;{}&#8221; theme_builder_area=&#8221;post_content&#8221; sticky_enabled=&#8221;0&#8243;][\/et_pb_gallery][\/et_pb_column][\/et_pb_row][\/et_pb_section]<\/div>\n\n\n\n<p><\/p>\n\n\n\n<p>El 5\u00ba Encuentro de la Red Valle de Huajes fue inolvidable y m\u00e1gico. La hermosa red de amistad que ha surgido contin\u00faa creciendo, compartiendo risas, curiosidad, profundas inquietudes y pasos de baile. Compartimos tambi\u00e9n historias y las tejimos con esperanza.<\/p>\n\n\n\n<p>Esos son los primeros pasos para construir un mundo m\u00e1s solidario y m\u00e1s equilibrado. Es tambi\u00e9n el objetivo de Innovando la Tradici\u00f3n y lo que la Red Valle de Huajes hace posible, gota a gota, como el colibr\u00ed.<\/p>\n\n\n\n<p>Las preguntas de los miembros de la Red nos alimentaron y nos ayudan a mejorar. Su honestidad nos dio energ\u00eda para continuar despu\u00e9s de la pandemia y nos dieron la tranquilidad de saber que podemos recurrir a su experiencia para obtener apoyo.<\/p>\n\n\n\n<p>Les esperamos de vuelta en Oaxaca<\/p>\n","protected":false},"excerpt":{"rendered":"<p>The 5th Encuentro of the Red Valle de Huajes was unforgettable and magical. The beautiful network of friendship that had manifested continued to grow, sharing laughs, curiosity, a deep restlessness, and dance steps. We also shared stories and wove them with hope.<\/p>","protected":false},"author":1,"featured_media":2500,"parent":114,"menu_order":0,"comment_status":"closed","ping_status":"closed","template":"","meta":{"_et_pb_use_builder":"off","_et_pb_old_content":"","_et_gb_content_width":"","inline_featured_image":false,"footnotes":""},"class_list":["post-2478","page","type-page","status-publish","has-post-thumbnail","hentry"],"_links":{"self":[{"href":"https:\/\/innovandolatradicion.org\/en\/wp-json\/wp\/v2\/pages\/2478","targetHints":{"allow":["GET"]}}],"collection":[{"href":"https:\/\/innovandolatradicion.org\/en\/wp-json\/wp\/v2\/pages"}],"about":[{"href":"https:\/\/innovandolatradicion.org\/en\/wp-json\/wp\/v2\/types\/page"}],"author":[{"embeddable":true,"href":"https:\/\/innovandolatradicion.org\/en\/wp-json\/wp\/v2\/users\/1"}],"replies":[{"embeddable":true,"href":"https:\/\/innovandolatradicion.org\/en\/wp-json\/wp\/v2\/comments?post=2478"}],"version-history":[{"count":3,"href":"https:\/\/innovandolatradicion.org\/en\/wp-json\/wp\/v2\/pages\/2478\/revisions"}],"predecessor-version":[{"id":2592,"href":"https:\/\/innovandolatradicion.org\/en\/wp-json\/wp\/v2\/pages\/2478\/revisions\/2592"}],"up":[{"embeddable":true,"href":"https:\/\/innovandolatradicion.org\/en\/wp-json\/wp\/v2\/pages\/114"}],"wp:featuredmedia":[{"embeddable":true,"href":"https:\/\/innovandolatradicion.org\/en\/wp-json\/wp\/v2\/media\/2500"}],"wp:attachment":[{"href":"https:\/\/innovandolatradicion.org\/en\/wp-json\/wp\/v2\/media?parent=2478"}],"curies":[{"name":"wp","href":"https:\/\/api.w.org\/{rel}","templated":true}]}}