{"id":2477,"date":"2023-09-23T14:23:36","date_gmt":"2023-09-23T20:23:36","guid":{"rendered":"http:\/\/innovandolatradicion.org\/?page_id=2477"},"modified":"2023-09-23T15:18:31","modified_gmt":"2023-09-23T21:18:31","slug":"4o-encuentro","status":"publish","type":"page","link":"https:\/\/innovandolatradicion.org\/en\/red-valle-de-huajes\/eventos\/4o-encuentro\/","title":{"rendered":"4th ENCUENTRO"},"content":{"rendered":"\n<p>Septiembre 2022<\/p>\n\n\n\n<div class=\"wp-block-divi-layout\">[et_pb_section fb_built=&#8221;1&#8243; _builder_version=&#8221;4.22.0&#8243; _module_preset=&#8221;default&#8221; custom_padding=&#8221;0px|0px|0px|0px|true|true&#8221; global_colors_info=&#8221;{}&#8221; theme_builder_area=&#8221;post_content&#8221;][et_pb_row _builder_version=&#8221;4.22.0&#8243; _module_preset=&#8221;default&#8221; width=&#8221;100%&#8221; custom_padding=&#8221;0px|0px|0px|0px|false|false&#8221; global_colors_info=&#8221;{}&#8221; theme_builder_area=&#8221;post_content&#8221;][et_pb_column type=&#8221;4_4&#8243; _builder_version=&#8221;4.22.0&#8243; _module_preset=&#8221;default&#8221; global_colors_info=&#8221;{}&#8221; theme_builder_area=&#8221;post_content&#8221;][et_pb_gallery gallery_ids=&#8221;2494,2495,2496,2497,2498,2499&#8243; fullwidth=&#8221;on&#8221; _builder_version=&#8221;4.22.0&#8243; _module_preset=&#8221;default&#8221; hover_enabled=&#8221;0&#8243; global_colors_info=&#8221;{}&#8221; theme_builder_area=&#8221;post_content&#8221; sticky_enabled=&#8221;0&#8243;][\/et_pb_gallery][\/et_pb_column][\/et_pb_row][\/et_pb_section]<\/div>\n\n\n\n<p><\/p>\n\n\n\n<p>En 2022, despu\u00e9s de dos a\u00f1os de pausa covid, nos alegremos por un nuevo Encuentro de la Red Valle de Huajes en Oaxaca.<\/p>\n\n\n\n<p>Este a\u00f1o nos deleitamos con la escucha atenta de los miembros que asistieron, con su inquietud por conocer m\u00e1s del proyecto, sus ganas de participar y sus sonrisas. Nos enriquecieron las conversaciones significativas, la conexi\u00f3n humana y claro, el barro.<\/p>\n\n\n\n<p>Tocamos el barro, tocamos la tierra y nos acercamos a entender qu\u00e9 significa la forma de vida alfarera y el esp\u00edritu de colaboraci\u00f3n que es tan importante para Innovando la Tradici\u00f3n.<\/p>\n\n\n\n<p>El primer d\u00eda dimos el banderazo de salida a nuestro proyecto m\u00e1s grande a la fecha: le centro comunitario Casa de los saberes, un sue\u00f1o que daba sus primeros pasos. Francisca Ocampo, alfarera de Santa Mar\u00eda Atzompa, gui\u00f3 una bella ceremonia para pedir permiso y bendecir el espacio que albergar\u00e1, honrar\u00e1 y celebrar\u00e1 los saberes de los pueblos de M\u00e9xico y el mundo. En la ofrenda depositamos intenciones como semillas para que crezcan \u201cel respeto, la cooperaci\u00f3n, la gratitud, la armon\u00eda, la uni\u00f3n, la abundancia en todas sus formas, la pasi\u00f3n y el respeto por las tradiciones, las infinitas posibilidades, las risas y la consciencia\u201d, entre otras.<\/p>\n\n\n\n<p>Acompa\u00f1adxs por 15 artesanas, visitamos la casa de Goya Cruz, en un paraje hermoso en R\u00edo Blanco Tonaltepec. Disfrutamos un delicioso mole amarillo de alverj\u00f3n y las alfareras nos dieron una mini clase de barro que nos dej\u00f3 asombrados, embarrados y felices.<\/p>\n\n\n\n<p>Esa noche Carmen Serra y Uzyel Karp nos recibieron en su espectacular casa. Cenamos y conversamos a fondo sobre las motivaciones del proyecto, lo que nos da y lo que podemos dar, arropados por una lluvia que auguraba prosperidad.<\/p>\n\n\n\n<p>\u00a1Muchas gracias a quienes asistieron e hicieron posible este IV Encuentro RVH!<\/p>\n\n\n\n<p>Gracias a Shelley Armistead por abrirnos las puertas al Criollo, al infatigable equipo de Innovando la Tradici\u00f3n, a quienes vinieron y tambi\u00e9n a quienes no pudieron venir pero apoyaron a la distancia.<\/p>\n\n\n\n<p>Llenos de energ\u00eda, agradecemos de coraz\u00f3n el compromiso de algunos miembros de caminar con nosotros por 10 a\u00f1os: Claudia Flores, Julieta Gim\u00e9nez Cacho y Jorge Espinosa, y Paula Williams.<\/p>\n","protected":false},"excerpt":{"rendered":"<p>In 2022, after two years of pause due to covid, we were thrilled to have a new RVH Encuentro in Oaxaca.<\/p>","protected":false},"author":1,"featured_media":2494,"parent":114,"menu_order":0,"comment_status":"closed","ping_status":"closed","template":"","meta":{"_et_pb_use_builder":"off","_et_pb_old_content":"","_et_gb_content_width":"","inline_featured_image":false,"footnotes":""},"class_list":["post-2477","page","type-page","status-publish","has-post-thumbnail","hentry"],"_links":{"self":[{"href":"https:\/\/innovandolatradicion.org\/en\/wp-json\/wp\/v2\/pages\/2477","targetHints":{"allow":["GET"]}}],"collection":[{"href":"https:\/\/innovandolatradicion.org\/en\/wp-json\/wp\/v2\/pages"}],"about":[{"href":"https:\/\/innovandolatradicion.org\/en\/wp-json\/wp\/v2\/types\/page"}],"author":[{"embeddable":true,"href":"https:\/\/innovandolatradicion.org\/en\/wp-json\/wp\/v2\/users\/1"}],"replies":[{"embeddable":true,"href":"https:\/\/innovandolatradicion.org\/en\/wp-json\/wp\/v2\/comments?post=2477"}],"version-history":[{"count":4,"href":"https:\/\/innovandolatradicion.org\/en\/wp-json\/wp\/v2\/pages\/2477\/revisions"}],"predecessor-version":[{"id":2591,"href":"https:\/\/innovandolatradicion.org\/en\/wp-json\/wp\/v2\/pages\/2477\/revisions\/2591"}],"up":[{"embeddable":true,"href":"https:\/\/innovandolatradicion.org\/en\/wp-json\/wp\/v2\/pages\/114"}],"wp:featuredmedia":[{"embeddable":true,"href":"https:\/\/innovandolatradicion.org\/en\/wp-json\/wp\/v2\/media\/2494"}],"wp:attachment":[{"href":"https:\/\/innovandolatradicion.org\/en\/wp-json\/wp\/v2\/media?parent=2477"}],"curies":[{"name":"wp","href":"https:\/\/api.w.org\/{rel}","templated":true}]}}