{"id":2476,"date":"2023-09-23T14:17:05","date_gmt":"2023-09-23T20:17:05","guid":{"rendered":"http:\/\/innovandolatradicion.org\/?page_id=2476"},"modified":"2023-09-23T15:18:14","modified_gmt":"2023-09-23T21:18:14","slug":"3er-encuentro","status":"publish","type":"page","link":"https:\/\/innovandolatradicion.org\/en\/red-valle-de-huajes\/eventos\/3er-encuentro\/","title":{"rendered":"3RD ENCUENTRO"},"content":{"rendered":"\n<p>Octubre 2019<\/p>\n\n\n\n<div class=\"wp-block-divi-layout\">[et_pb_section fb_built=&#8221;1&#8243; theme_builder_area=&#8221;post_content&#8221; _builder_version=&#8221;4.22.0&#8243; _module_preset=&#8221;default&#8221; custom_padding=&#8221;0px|0px|0px|0px|true|true&#8221; hover_enabled=&#8221;0&#8243; sticky_enabled=&#8221;0&#8243;][et_pb_row _builder_version=&#8221;4.22.0&#8243; _module_preset=&#8221;default&#8221; theme_builder_area=&#8221;post_content&#8221; width=&#8221;100%&#8221; hover_enabled=&#8221;0&#8243; sticky_enabled=&#8221;0&#8243; custom_padding=&#8221;0px|0px|0px|0px|false|false&#8221;][et_pb_column _builder_version=&#8221;4.22.0&#8243; _module_preset=&#8221;default&#8221; type=&#8221;4_4&#8243; theme_builder_area=&#8221;post_content&#8221;][et_pb_gallery _builder_version=&#8221;4.22.0&#8243; _module_preset=&#8221;default&#8221; theme_builder_area=&#8221;post_content&#8221; gallery_ids=&#8221;2487,2488,2489,2490,2491,2492,2493&#8243; fullwidth=&#8221;on&#8221; hover_enabled=&#8221;0&#8243; sticky_enabled=&#8221;0&#8243;][\/et_pb_gallery][\/et_pb_column][\/et_pb_row][\/et_pb_section]<\/div>\n\n\n\n<p><\/p>\n\n\n\n<p>La fuerza femenina de la Red Valle de Huajes se hizo presente en Oaxaca durante el oto\u00f1o de 2019. Durante tres intensos d\u00edas compartimos las alegr\u00edas y los esfuerzos del proyecto, en un viaje marcado por el re-conocimiento, la amistad y el agradecimiento mutuo.<\/p>\n\n\n\n<p>Este Encuentro inici\u00f3 con una cena y una conversaci\u00f3n \u00edntima con las 26 alfareras participantes de la Comunidad Alfarera de Aprendizaje. Juntas inauguramos la exposici\u00f3n \u201cExploraciones y Ra\u00edces\u201d, una muestra de los procesos y resultados de un a\u00f1o de sesiones de trabajo, en el restaurante Kintaro.<\/p>\n\n\n\n<blockquote class=\"wp-block-quote is-layout-flow wp-block-quote-is-layout-flow\">\n<p>\u201cLa exposici\u00f3n [Exploraciones y ra\u00edces] me mostr\u00f3 la solidez de un proyecto multidimensional, de co-creaci\u00f3n valiente, con un soporte maduro para repetirse en varios lugares. Pude ver los fundamentos de la colaboraci\u00f3n entre dos culturas curiosas que quieren convivir desde el respeto. Gracias a Innovando la Tradici\u00f3n por mostrarme c\u00f3mo desde el dise\u00f1o se pueden hacer cosas muy espec\u00edficas que nos ayudan a cuidar la biosfera y la antrop\u00f3sfera.\u201d<\/p>\n<cite>\u2014Carmen Serra, Ciudad de M\u00e9xico<\/cite><\/blockquote>\n\n\n\n<p>En Santa Mar\u00eda Atzompa, Francisca Ocampo nos deslumbr\u00f3 con su sabidur\u00eda y sus habilidades para desafiar las leyes de la f\u00edsica, haciendo enormes comales de barro. Result\u00f3 irresistible meter las manos al barro.<\/p>\n\n\n\n<p>Memo Ruiz, su esposo, nos cont\u00f3 c\u00f3mo se transform\u00f3 su vida y la de sus hijas despu\u00e9s de la construcci\u00f3n colectiva de su nuevo horno \u201cJaguar\u201d con la Comunidad Alfarera de Aprendizaje.<\/p>\n\n\n\n<p>La familia Mateo, como es costumbre, nos deleit\u00f3 con risas, colores y el mejor mole coloradito de Oaxaca. Conversamos sobre la \u00edntima relaci\u00f3n de su trabajo con su territorio, y sobre la reciente visita a Los \u00c1ngeles con Innovando la Tradici\u00f3n y el conmovedor encuentro con los familiares que viven all\u00e1 desde hace m\u00e1s de 20 a\u00f1os.<\/p>\n\n\n\n<p>En R\u00edo Blanco Tonaltepec, Demetria y su familia nos recibieron tambi\u00e9n generosa y alegremente con chileatole y tortillas reci\u00e9n hechas. Junto con Juan, de 11 a\u00f1os, nos hicieron una demostraci\u00f3n de sus habilidades para crear belleza con el barro. Conversamos, entre otras muchas cosas, sobre su participaci\u00f3n en la Comunidad de Aprendizaje y sobre sus esfuerzos para revivir una tradici\u00f3n de 4 mil a\u00f1os que estuvo a punto de desaparecer y ahora, gracias al esfuerzo de todos nosotros, est\u00e1 tomando fuerza de nuevo.<\/p>\n\n\n\n<blockquote class=\"wp-block-quote is-layout-flow wp-block-quote-is-layout-flow\">\n<p>Regres\u00e9 a mi cotidianidad contenta de saber que hay un futuro palpable, interesante y jubiloso para Innovando la Tradici\u00f3n y que en la Red del Valle de Huajes hay personas con voluntad y fuerza para hacer posible los cambios que tanto necesitamos.<\/p>\n<cite>\u2014Patricia Ortiz Monasterio, Presidenta RVH 2019<\/cite><\/blockquote>\n\n\n\n<p>Javier S\u00e1nchez, miembro de la RVH y socio de Criollo, uno de los mejores restaurantes de Oaxaca, nos facilit\u00f3 un servicio especial y conversamos sobre el futuro de Innovando la Tradici\u00f3n, disfrutando algunas delicias. Durante la charla, James Ritch, de Neural Taller, nos comparti\u00f3 el diagn\u00f3stico que han hecho de Innovando la Tradici\u00f3n, los retos que observan y los resultados del trabajo estrat\u00e9gico que estamos haciendo con ellos para fortalecer al equipo y nuestra operaci\u00f3n.<\/p>\n\n\n\n<p>La convivencia en este III Encuentro fue gozosa, la experiencia transformadora y llena de aprendizaje, pero sobre todo fue muy claro que es gracias a la confianza de la Red Valle de Huajes, que estos proyectos han podido crecer y florecer de manera s\u00f3lida.<\/p>\n\n\n\n<blockquote class=\"wp-block-quote is-layout-flow wp-block-quote-is-layout-flow\">\n<p>Fueron d\u00edas de volver al origen y de reconocer la gran necesidad que hay por conectarnos con lo esencial para poder lograr un impacto en la humanidad. La luz que radica entre toda la comunidad es el vivo testimonio de los grandes pasos \u00a1y el resultado de la transformaci\u00f3n que han logrado!.<\/p>\n<cite>\u2014M\u00f3nica Calder\u00f3n, Los Angeles.<\/cite><\/blockquote>\n","protected":false},"excerpt":{"rendered":"<p>The feminine force of RVH made its appearance in Oaxaca during the autumn of 2019. During three intense days we shared the joys and efforts of the project, in a journey marked by recognition, friendship, and mutual gratitude.<\/p>","protected":false},"author":1,"featured_media":2487,"parent":114,"menu_order":0,"comment_status":"closed","ping_status":"closed","template":"","meta":{"_et_pb_use_builder":"off","_et_pb_old_content":"","_et_gb_content_width":"","inline_featured_image":false,"footnotes":""},"class_list":["post-2476","page","type-page","status-publish","has-post-thumbnail","hentry"],"_links":{"self":[{"href":"https:\/\/innovandolatradicion.org\/en\/wp-json\/wp\/v2\/pages\/2476","targetHints":{"allow":["GET"]}}],"collection":[{"href":"https:\/\/innovandolatradicion.org\/en\/wp-json\/wp\/v2\/pages"}],"about":[{"href":"https:\/\/innovandolatradicion.org\/en\/wp-json\/wp\/v2\/types\/page"}],"author":[{"embeddable":true,"href":"https:\/\/innovandolatradicion.org\/en\/wp-json\/wp\/v2\/users\/1"}],"replies":[{"embeddable":true,"href":"https:\/\/innovandolatradicion.org\/en\/wp-json\/wp\/v2\/comments?post=2476"}],"version-history":[{"count":4,"href":"https:\/\/innovandolatradicion.org\/en\/wp-json\/wp\/v2\/pages\/2476\/revisions"}],"predecessor-version":[{"id":2590,"href":"https:\/\/innovandolatradicion.org\/en\/wp-json\/wp\/v2\/pages\/2476\/revisions\/2590"}],"up":[{"embeddable":true,"href":"https:\/\/innovandolatradicion.org\/en\/wp-json\/wp\/v2\/pages\/114"}],"wp:featuredmedia":[{"embeddable":true,"href":"https:\/\/innovandolatradicion.org\/en\/wp-json\/wp\/v2\/media\/2487"}],"wp:attachment":[{"href":"https:\/\/innovandolatradicion.org\/en\/wp-json\/wp\/v2\/media?parent=2476"}],"curies":[{"name":"wp","href":"https:\/\/api.w.org\/{rel}","templated":true}]}}