{"id":2475,"date":"2023-09-23T14:04:08","date_gmt":"2023-09-23T20:04:08","guid":{"rendered":"http:\/\/innovandolatradicion.org\/?page_id=2475"},"modified":"2023-09-23T15:17:52","modified_gmt":"2023-09-23T21:17:52","slug":"2o-encuentro","status":"publish","type":"page","link":"https:\/\/innovandolatradicion.org\/en\/red-valle-de-huajes\/eventos\/2o-encuentro\/","title":{"rendered":"2nd ENCUENTRO"},"content":{"rendered":"\n<p>Octubre 2018<\/p>\n\n\n\n<div class=\"wp-block-divi-layout\">[et_pb_section fb_built=&#8221;1&#8243; admin_label=&#8221;section&#8221; _builder_version=&#8221;4.22.0&#8243; hover_enabled=&#8221;0&#8243; global_colors_info=&#8221;{}&#8221; custom_padding=&#8221;0px|0px|0px|0px|true|true&#8221; sticky_enabled=&#8221;0&#8243;][et_pb_row admin_label=&#8221;row&#8221; _builder_version=&#8221;4.22.0&#8243; background_size=&#8221;initial&#8221; background_position=&#8221;top_left&#8221; background_repeat=&#8221;repeat&#8221; hover_enabled=&#8221;0&#8243; global_colors_info=&#8221;{}&#8221; width=&#8221;100%&#8221; custom_padding_last_edited=&#8221;off|desktop&#8221; custom_padding=&#8221;0px|0px|0px|0px|true|true&#8221; sticky_enabled=&#8221;0&#8243;][et_pb_column _builder_version=&#8221;4.22.0&#8243; _module_preset=&#8221;default&#8221; type=&#8221;4_4&#8243;][et_pb_gallery _builder_version=&#8221;4.22.0&#8243; _module_preset=&#8221;default&#8221; gallery_ids=&#8221;2482,2483,2484,2485,2486&#8243; fullwidth=&#8221;on&#8221; hover_enabled=&#8221;0&#8243; sticky_enabled=&#8221;0&#8243;][\/et_pb_gallery][\/et_pb_column][\/et_pb_row][\/et_pb_section]<\/div>\n\n\n\n<p><\/p>\n\n\n\n<p>En la segunda edici\u00f3n del Encuentro para miembros de la RVH en Oaxaca, vivimos tres d\u00edas de exploraci\u00f3n, sorpresas, trabajo duro y alegr\u00eda.<\/p>\n\n\n\n<p>Tras cruzar cerros y un r\u00edo, tuvimos la oportunidad de conocer y conversar con un grupo de encantadoras alfareras en la casa de Goya Cruz, en Tonaltepec. Nos contaron sobre el impacto de las ventas del Colectivo 1050\u00b0 (a\u00fan no conformado como Cooperativa) en sus vidas, y sobre la sorpresa que fue asistir a la exposici\u00f3n \u201cBarro y Fuego\u201d, exhibida en el Museo Franz Mayer.<\/p>\n\n\n\n<p>Disfrutamos de nuevo la magia de Francisca Ocampo, maestra de Santa Mar\u00eda Atzompa, que hace comales con asombrosa maestr\u00eda. Conversamos sobre la Comunidad de Alfarera de Aprendizaje con ella y otros artesanos.<\/p>\n\n\n\n<p>As\u00ed, los miembros de la Red pudieron vivir en vivo y en directo lo que constru\u00edmos juntos. Incluso se generaron muy \u00fatiles debates sobre la ruta a seguir.<\/p>\n\n\n\n<p>Agradecimos de coraz\u00f3n el entusiasmo de los 11 asistentes, y aplaudimos su esfuerzo por sumergirse, buscar entender y buscar nuevos caminos para el proyecto: lista de personas<\/p>\n\n\n\n<p>Este Encuentro nos permiti\u00f3 reconocer que s\u00ed podemos lograr un futuro poderoso para la tradici\u00f3n alfarera, con el apoyo de muchos.<\/p>\n","protected":false},"excerpt":{"rendered":"<p>In the second edition of the RVH Encuentro in Oaxaca we enjoyed three days of exploration, surprises and hard work.<\/p>","protected":false},"author":1,"featured_media":2482,"parent":114,"menu_order":0,"comment_status":"closed","ping_status":"closed","template":"","meta":{"_et_pb_use_builder":"off","_et_pb_old_content":"","_et_gb_content_width":"","inline_featured_image":false,"footnotes":""},"class_list":["post-2475","page","type-page","status-publish","has-post-thumbnail","hentry"],"_links":{"self":[{"href":"https:\/\/innovandolatradicion.org\/en\/wp-json\/wp\/v2\/pages\/2475","targetHints":{"allow":["GET"]}}],"collection":[{"href":"https:\/\/innovandolatradicion.org\/en\/wp-json\/wp\/v2\/pages"}],"about":[{"href":"https:\/\/innovandolatradicion.org\/en\/wp-json\/wp\/v2\/types\/page"}],"author":[{"embeddable":true,"href":"https:\/\/innovandolatradicion.org\/en\/wp-json\/wp\/v2\/users\/1"}],"replies":[{"embeddable":true,"href":"https:\/\/innovandolatradicion.org\/en\/wp-json\/wp\/v2\/comments?post=2475"}],"version-history":[{"count":4,"href":"https:\/\/innovandolatradicion.org\/en\/wp-json\/wp\/v2\/pages\/2475\/revisions"}],"predecessor-version":[{"id":2589,"href":"https:\/\/innovandolatradicion.org\/en\/wp-json\/wp\/v2\/pages\/2475\/revisions\/2589"}],"up":[{"embeddable":true,"href":"https:\/\/innovandolatradicion.org\/en\/wp-json\/wp\/v2\/pages\/114"}],"wp:featuredmedia":[{"embeddable":true,"href":"https:\/\/innovandolatradicion.org\/en\/wp-json\/wp\/v2\/media\/2482"}],"wp:attachment":[{"href":"https:\/\/innovandolatradicion.org\/en\/wp-json\/wp\/v2\/media?parent=2475"}],"curies":[{"name":"wp","href":"https:\/\/api.w.org\/{rel}","templated":true}]}}