{"id":2474,"date":"2023-09-23T13:55:27","date_gmt":"2023-09-23T19:55:27","guid":{"rendered":"http:\/\/innovandolatradicion.org\/?page_id=2474"},"modified":"2023-09-23T14:03:05","modified_gmt":"2023-09-23T20:03:05","slug":"1er-encuentro","status":"publish","type":"page","link":"https:\/\/innovandolatradicion.org\/en\/red-valle-de-huajes\/eventos\/1er-encuentro\/","title":{"rendered":"1st ENCUENTRO"},"content":{"rendered":"\n<p>Noviembre 2017<\/p>\n\n\n\n<div class=\"wp-block-divi-layout\">[et_pb_section fb_built=&#8221;1&#8243; admin_label=&#8221;section&#8221; _builder_version=&#8221;4.22.0&#8243; hover_enabled=&#8221;0&#8243; global_colors_info=&#8221;{}&#8221; custom_padding=&#8221;0px|0px|0px|0px|true|true&#8221; sticky_enabled=&#8221;0&#8243;][et_pb_row admin_label=&#8221;row&#8221; _builder_version=&#8221;4.22.0&#8243; background_size=&#8221;initial&#8221; background_position=&#8221;top_left&#8221; background_repeat=&#8221;repeat&#8221; hover_enabled=&#8221;0&#8243; global_colors_info=&#8221;{}&#8221; width=&#8221;100%&#8221; sticky_enabled=&#8221;0&#8243;][et_pb_column _builder_version=&#8221;4.22.0&#8243; _module_preset=&#8221;default&#8221; type=&#8221;4_4&#8243;][et_pb_gallery _builder_version=&#8221;4.22.0&#8243; _module_preset=&#8221;default&#8221; gallery_ids=&#8221;2480,2481&#8243; fullwidth=&#8221;on&#8221; hover_enabled=&#8221;0&#8243; sticky_enabled=&#8221;0&#8243;][\/et_pb_gallery][\/et_pb_column][\/et_pb_row][\/et_pb_section]<\/div>\n\n\n\n<blockquote class=\"wp-block-quote is-layout-flow wp-block-quote-is-layout-flow\">\n<p>Estamos sembrando la semilla de un \u00e1rbol<br>que dar\u00e1 una sombra muy grande para todos.<\/p>\n<cite>\u2014 Jos\u00e9 Kuri, durante el Encuentro<\/cite><\/blockquote>\n\n\n\n<p>En noviembre de 2017 la Red Valle de Huajes se reuni\u00f3 por primera vez en Oaxaca con la intenci\u00f3n de conocer de primera mano el trabajo de Innovando la Tradici\u00f3n.<\/p>\n\n\n\n<p>Cada qui\u00e9n prob\u00f3 su destreza con el barro siguiendo las instrucciones de la maestra Francisca Ocampo para hacer un comal. Disfrutamos una conmovedora charla con la mayor\u00eda de artesanos participantes en nuestros proyectos quienes hablaron de la importancia de su oficio, sus sue\u00f1os, compromisos y retos.<\/p>\n\n\n\n<p>El segundo d\u00eda visitamos a la familia Mateo, en San Marcos Tlapazola, quienes nos mostraron su asombrosa t\u00e9cnica para trabajar el barro y tambi\u00e9n nos abrieron sus corazones.<\/p>\n\n\n\n<p>A partir de las mesas de trabajo y conversaciones posteriores los miembros de la RVH pudieron profundizar en los objetivos, retos y filosof\u00eda de Innovando la Tradici\u00f3n.<\/p>\n\n\n\n<p>Este primer Encuentro result\u00f3 para todos \u2014artesanos, miembros de la Red y el equipo de Innovando la Tradici\u00f3n\u2014 una experiencia llena de preguntas y descubrimientos.<\/p>\n\n\n\n<p>Agradecemos la visita de: Eugenia Braniff, Marcela Echevarr\u00eda, Jorge Espinosa y Julieta Gim\u00e9nez Cacho, Patricia Ortiz Monasterio y Jaime Riestra, Robin Petrovic, Uzyel Karp y Carmen Serra. Y por supuesto a los presidentes 2017, Gabriela C\u00e1mara y Jos\u00e9 Kuri, quienes hicieron de este Encuentro un \u00e9xito.<\/p>\n","protected":false},"excerpt":{"rendered":"<p>In November 2017, the Valle de Huajes Network (RVH) gathered in Oaxaca for the first time to see first hand the work of Innovando la Tradici\u00f3n.<\/p>","protected":false},"author":1,"featured_media":2480,"parent":114,"menu_order":0,"comment_status":"closed","ping_status":"closed","template":"","meta":{"_et_pb_use_builder":"off","_et_pb_old_content":"","_et_gb_content_width":"","inline_featured_image":false,"footnotes":""},"class_list":["post-2474","page","type-page","status-publish","has-post-thumbnail","hentry"],"_links":{"self":[{"href":"https:\/\/innovandolatradicion.org\/en\/wp-json\/wp\/v2\/pages\/2474","targetHints":{"allow":["GET"]}}],"collection":[{"href":"https:\/\/innovandolatradicion.org\/en\/wp-json\/wp\/v2\/pages"}],"about":[{"href":"https:\/\/innovandolatradicion.org\/en\/wp-json\/wp\/v2\/types\/page"}],"author":[{"embeddable":true,"href":"https:\/\/innovandolatradicion.org\/en\/wp-json\/wp\/v2\/users\/1"}],"replies":[{"embeddable":true,"href":"https:\/\/innovandolatradicion.org\/en\/wp-json\/wp\/v2\/comments?post=2474"}],"version-history":[{"count":4,"href":"https:\/\/innovandolatradicion.org\/en\/wp-json\/wp\/v2\/pages\/2474\/revisions"}],"predecessor-version":[{"id":2517,"href":"https:\/\/innovandolatradicion.org\/en\/wp-json\/wp\/v2\/pages\/2474\/revisions\/2517"}],"up":[{"embeddable":true,"href":"https:\/\/innovandolatradicion.org\/en\/wp-json\/wp\/v2\/pages\/114"}],"wp:featuredmedia":[{"embeddable":true,"href":"https:\/\/innovandolatradicion.org\/en\/wp-json\/wp\/v2\/media\/2480"}],"wp:attachment":[{"href":"https:\/\/innovandolatradicion.org\/en\/wp-json\/wp\/v2\/media?parent=2474"}],"curies":[{"name":"wp","href":"https:\/\/api.w.org\/{rel}","templated":true}]}}