{"id":126,"date":"2022-05-20T20:41:10","date_gmt":"2022-05-20T20:41:10","guid":{"rendered":"http:\/\/it2021.innovandolatradicion.org\/?page_id=126"},"modified":"2023-01-13T23:56:02","modified_gmt":"2023-01-13T23:56:02","slug":"pueblos-alfareros","status":"publish","type":"page","link":"https:\/\/innovandolatradicion.org\/en\/somos\/pueblos-alfareros\/","title":{"rendered":"pottery villages"},"content":{"rendered":"<p>[et_pb_section fb_built=&#8221;1&#8243; disabled_on=&#8221;on|on|off&#8221; admin_label=&#8221;lenguage-header-yellow&#8221; _builder_version=&#8221;4.17.4&#8243; _module_preset=&#8221;default&#8221; background_color=&#8221;gcid-93a75f22-bdbf-42d7-abf4-a31151a36829&#8243; height=&#8221;100px&#8221; height_tablet=&#8221;70px&#8221; height_phone=&#8221;50px&#8221; height_last_edited=&#8221;on|phone&#8221; max_height=&#8221;100px&#8221; custom_padding=&#8221;0px|5vw|0px|5vw|true|true&#8221; custom_css_main_element=&#8221;width: calc(100% &#8211; 300px);||margin-left:300px !important;&#8221; border_width_bottom=&#8221;4px&#8221; border_color_bottom=&#8221;gcid-b1f69fdd-467c-4ed9-b197-18bd30a05211&#8243; global_colors_info=&#8221;{%22gcid-93a75f22-bdbf-42d7-abf4-a31151a36829%22:%91%22background_color%22%93,%22gcid-b1f69fdd-467c-4ed9-b197-18bd30a05211%22:%91%22border_color_bottom%22%93}&#8221; custom_css_main_element_last_edited=&#8221;on|tablet&#8221; custom_css_main_element_tablet=&#8221;width: 100%;&#8221; custom_css_main_element_phone=&#8221;width: 100%;&#8221;][\/et_pb_section][et_pb_section fb_built=&#8221;1&#8243; custom_padding_last_edited=&#8221;on|phone&#8221; admin_label=&#8221;title-header-yellow&#8221; _builder_version=&#8221;4.19.4&#8243; _module_preset=&#8221;default&#8221; background_color=&#8221;gcid-93a75f22-bdbf-42d7-abf4-a31151a36829&#8243; positioning=&#8221;none&#8221; custom_padding=&#8221;0px|3vw|0px|3vw|false|true&#8221; custom_padding_tablet=&#8221;0px|6vw|0px|6vw|true|true&#8221; custom_padding_phone=&#8221;0px|8vw|0px|8vw|true|true&#8221; custom_css_main_element=&#8221;width: calc(100% &#8211; 300px);||margin-left:300px !important;&#8221; global_colors_info=&#8221;{%22gcid-93a75f22-bdbf-42d7-abf4-a31151a36829%22:%91%22background_color%22%93}&#8221; custom_css_main_element_last_edited=&#8221;on|phone&#8221; custom_css_main_element_tablet=&#8221;width: 100%;&#8221; custom_css_main_element_phone=&#8221;width: 100%;&#8221;][et_pb_row _builder_version=&#8221;4.17.4&#8243; _module_preset=&#8221;default&#8221; width=&#8221;100%&#8221; max_width=&#8221;100%&#8221; global_colors_info=&#8221;{}&#8221;][et_pb_column type=&#8221;4_4&#8243; _builder_version=&#8221;4.17.4&#8243; _module_preset=&#8221;default&#8221; global_colors_info=&#8221;{}&#8221;][lwp_divi_breadcrumbs font_icon=&#8221;&#x35;||divi||400&#8243; use_before_icon=&#8221;off&#8221; link_color=&#8221;gcid-b1f69fdd-467c-4ed9-b197-18bd30a05211&#8243; separator_color=&#8221;gcid-51e092f7-3f41-4be5-8df2-326198ab21a9&#8243; current_text_color=&#8221;gcid-51e092f7-3f41-4be5-8df2-326198ab21a9&#8243; _builder_version=&#8221;4.19.4&#8243; _module_preset=&#8221;default&#8221; module_font=&#8221;Bebas Neue|||on|||||&#8221; module_font_size=&#8221;20px&#8221; sticky_position=&#8221;top&#8221; module_font_size_tablet=&#8221;16px&#8221; module_font_size_phone=&#8221;14px&#8221; module_font_size_last_edited=&#8221;on|phone&#8221; global_colors_info=&#8221;{%22gcid-93a75f22-bdbf-42d7-abf4-a31151a36829%22:%91%22background_color%22%93,%22gcid-b1f69fdd-467c-4ed9-b197-18bd30a05211%22:%91%22link_color%22,%22link_color%22%93,%22gcid-51e092f7-3f41-4be5-8df2-326198ab21a9%22:%91%22separator_color%22,%22current_text_color%22%93}&#8221; background_color__sticky=&#8221;gcid-93a75f22-bdbf-42d7-abf4-a31151a36829&#8243; background__sticky_enabled=&#8221;on|sticky&#8221; custom_padding__sticky=&#8221;16px||16px||true|false&#8221; custom_padding__sticky_enabled=&#8221;on|sticky&#8221; background_enable_color__sticky=&#8221;on&#8221; z_index__sticky=&#8221;100&#8243; z_index__sticky_enabled=&#8221;on|sticky&#8221;][\/lwp_divi_breadcrumbs][et_pb_text _builder_version=&#8221;4.19.4&#8243; _dynamic_attributes=&#8221;content&#8221; _module_preset=&#8221;default&#8221; header_2_font=&#8221;Bebas Neue|||on|||||&#8221; header_2_text_color=&#8221;gcid-51e092f7-3f41-4be5-8df2-326198ab21a9&#8243; header_2_font_size=&#8221;120px&#8221; custom_margin_last_edited=&#8221;off|desktop&#8221; header_2_font_size_tablet=&#8221;60px&#8221; header_2_font_size_phone=&#8221;40px&#8221; header_2_font_size_last_edited=&#8221;on|phone&#8221; global_colors_info=&#8221;{%22gcid-51e092f7-3f41-4be5-8df2-326198ab21a9%22:%91%22header_2_text_color%22%93}&#8221;]@ET-DC@eyJkeW5hbWljIjp0cnVlLCJjb250ZW50IjoicG9zdF90aXRsZSIsInNldHRpbmdzIjp7ImJlZm9yZSI6IjxoMj4iLCJhZnRlciI6IjwvaDI+In19@[\/et_pb_text][\/et_pb_column][\/et_pb_row][\/et_pb_section][et_pb_section fb_built=&#8221;1&#8243; custom_padding_last_edited=&#8221;on|phone&#8221; _builder_version=&#8221;4.17.4&#8243; _module_preset=&#8221;default&#8221; background_color=&#8221;gcid-93a75f22-bdbf-42d7-abf4-a31151a36829&#8243; positioning=&#8221;none&#8221; custom_padding=&#8221;10px|3vw|100px|3vw|false|true&#8221; custom_padding_tablet=&#8221;10px|6vw|100px|6vw|false|true&#8221; custom_padding_phone=&#8221;10px|8vw|50px|8vw|false|true&#8221; custom_css_main_element=&#8221;width: calc(100% &#8211; 300px);||margin-left:300px !important;&#8221; border_width_bottom=&#8221;4px&#8221; border_color_bottom=&#8221;gcid-b1f69fdd-467c-4ed9-b197-18bd30a05211&#8243; border_width_bottom_tablet=&#8221;3px&#8221; border_width_bottom_phone=&#8221;2px&#8221; border_width_bottom_last_edited=&#8221;on|desktop&#8221; global_colors_info=&#8221;{%22gcid-93a75f22-bdbf-42d7-abf4-a31151a36829%22:%91%22background_color%22%93,%22gcid-b1f69fdd-467c-4ed9-b197-18bd30a05211%22:%91%22border_color_bottom%22%93}&#8221; custom_css_main_element_last_edited=&#8221;on|phone&#8221; custom_css_main_element_tablet=&#8221;width: 100%;&#8221; custom_css_main_element_phone=&#8221;width: 100%;&#8221;][et_pb_row column_structure=&#8221;3_4,1_4&#8243; custom_padding_last_edited=&#8221;on|phone&#8221; _builder_version=&#8221;4.17.4&#8243; _module_preset=&#8221;default&#8221; z_index=&#8221;1&#8243; width=&#8221;100%&#8221; max_width=&#8221;1380px&#8221; module_alignment=&#8221;left&#8221; custom_padding=&#8221;||100px||false|false&#8221; custom_padding_tablet=&#8221;||70px||false|false&#8221; custom_padding_phone=&#8221;||50px||false|false&#8221; border_width_bottom=&#8221;4px&#8221; border_color_bottom=&#8221;gcid-b1f69fdd-467c-4ed9-b197-18bd30a05211&#8243; border_width_bottom_tablet=&#8221;3px&#8221; border_width_bottom_phone=&#8221;2px&#8221; border_width_bottom_last_edited=&#8221;on|desktop&#8221; global_colors_info=&#8221;{%22gcid-b1f69fdd-467c-4ed9-b197-18bd30a05211%22:%91%22border_color_bottom%22%93}&#8221;][et_pb_column type=&#8221;3_4&#8243; _builder_version=&#8221;4.17.4&#8243; _module_preset=&#8221;default&#8221; global_colors_info=&#8221;{}&#8221;][et_pb_image src=&#8221;https:\/\/innovandolatradicion.org\/wp-content\/uploads\/2022\/05\/mapa-pueblos-alfareros.jpg&#8221; alt=&#8221;Mapa de distribuci\u00f3n de los pueblos alfareros de Oaxaca&#8221; title_text=&#8221;mapa-pueblos-alfareros&#8221; _builder_version=&#8221;4.17.4&#8243; _module_preset=&#8221;default&#8221; global_colors_info=&#8221;{}&#8221;][\/et_pb_image][et_pb_video src=&#8221;https:\/\/vimeo.com\/223358697&#8243; _builder_version=&#8221;4.18.0&#8243; _module_preset=&#8221;default&#8221; global_colors_info=&#8221;{}&#8221;][\/et_pb_video][et_pb_text _builder_version=&#8221;4.18.0&#8243; _module_preset=&#8221;42128a6d-6ae4-4332-a612-da7b53dc60e9&#8243; text_text_color=&#8221;gcid-b1f69fdd-467c-4ed9-b197-18bd30a05211&#8243; global_colors_info=&#8221;{%22gcid-b1f69fdd-467c-4ed9-b197-18bd30a05211%22:%91%22text_text_color%22%93}&#8221;]<\/p>\n<p>&#8220;\u00bfA qu\u00e9 nos referimos cuando hablamos de un pueblo alfarero? Por un lado, se trata de lugares pr\u00f3speros como Atzompa, Coyotepec o Yojuela, donde la econom\u00eda de la comunidad se basa en la producci\u00f3n de cer\u00e1mica. En el otro extremo, las cosas comienzan a desmoronarse. En muchas de las comunidades (\u2026) puede haber s\u00f3lo 12 alfareros en un pueblo de mil habitantes, o a veces s\u00f3lo cinco o incluso hasta un alma solitaria, la \u00faltima en una l\u00ednea de quienes quiz\u00e1 fueron docenas. Sin embargo, gracias a ella y a alfareras como ella, persiste la tradici\u00f3n. Si un pueblo tiene una tradici\u00f3n alfarera arraigada y ah\u00ed a\u00fan existen alfareros que han heredado este oficio, entonces lo llamo pueblo alfarero.<\/p>\n<p>Setenta pueblos alfareros, repartidos en m\u00e1s de 64 300 kil\u00f3metros cuadrados (Oaxaca) y siglos de historia no escrita. Nadie sabe cu\u00e1ntos existieron ni c\u00f3mo desaparecieron. \u00bfAcaso algunos pueblos alfareros cayeron en el olvido a medida que los antiguos reinos comenzaron a decaer y derrumbarse hace 1 500 a\u00f1os? Es m\u00e1s que probable que los alfareros que hicieron las obras maestras de ornato que hoy vemos en los museos, hayan perdido las comisiones que les encomendaba la realeza. Pero, con o sin reino, se necesitaban utensilios de cocina y, aunque los arque\u00f3logos tienen un apetito mayor por las tumbas que por cocinas dom\u00e9sticas comunes, hay suficiente evidencia de que los alfareros continuaron ejerciendo su oficio.<\/p>\n<p>Luego lleg\u00f3 la conquista espa\u00f1ola. Las poblaciones fueron reubicadas, se reprimieron con violencia muchas costumbres y se impusieron nuevas creencias. Hasta 95 por ciento de la poblaci\u00f3n del continente americano pereci\u00f3, principalmente por enfermedades, durante el primer siglo posterior al contacto. Claramente se perdieron tradiciones alfareras. Pero lo sorprendente es que la alfarer\u00eda tradicional, junto con una gran diversidad de lenguas y costumbres ind\u00edgenas, sobrevivieron a la devastaci\u00f3n.<\/p>\n<p>Los pueblos alfareros evolucionaron en respuesta a la necesidad b\u00e1sica de vasijas para el hogar. En una sociedad dedicada por completo a la agricultura, los agricultores depend\u00edan de unos cuantos artesanos con habilidades excepcionales. Durante el florecimiento de la especializaci\u00f3n, ciertas familias, vecinos y pueblos enteros empezaron a adquirir maestr\u00eda en la producci\u00f3n de art\u00edculos estupendos. Rodeada de colinas ricas en barro, la gente de San Marcos Tlapazola aprendi\u00f3 a aprovechar la abundancia que prove\u00eda la naturaleza. Sin embargo, el proceso estaba lejos de ser autom\u00e1tico. Por alguna misteriosa raz\u00f3n, sus vecinos de Quialana y Magdalena, que viv\u00edan en las mismas pendientes, ignoraron el barro que ten\u00edan a sus pies. Ya sea por elecci\u00f3n o la voluntad de los dioses, San Marcos se convirti\u00f3 en el lugar donde se hizo cer\u00e1mica para el valle de Tlacolula. Y as\u00ed ocurri\u00f3 con todas las comunidades que crecieron para producir la cer\u00e1mica requerida por la gente de su regi\u00f3n.<\/p>\n<p>Los pueblos alfareros no son pueblos-f\u00e1brica. La mayor\u00eda son peque\u00f1os caser\u00edos que dependen del cultivo del ma\u00edz. Los alfareros trabajan en sus casas. El proceso creativo suele ser solitario. Parad\u00f3jicamente, aunque el trabajo se realiza de manera individual, el resultado es colectivo. Salvo unas pocas excepciones, todos los alfareros de un pueblo crean cer\u00e1mica id\u00e9ntica. De una casa a otra, forman, acaban y queman sus ollas de la misma manera.<\/p>\n<p>Esta empresa colectiva quiz\u00e1 haya comenzado el primer d\u00eda que alguien empez\u00f3 a trabajar con barro, tras lo cual su hermana decidi\u00f3 intentarlo y despu\u00e9s se lo ense\u00f1\u00f3 a su madre, quien a su vez lo comparti\u00f3 con una t\u00eda. Es cierto que ha habido \u00e9pocas de experimentaci\u00f3n intensa cuando los alfareros individuales desarrollaron nuevos estilos o adaptaron su trabajo a las nuevas t\u00e9cnicas, materiales o la cambiante demanda del mercado regional. Los pueblos son peque\u00f1os y muy cohesionados, y cuando a una persona se le ocurre una nueva idea, \u00e9sta se convierte en un notable progreso para otra. Estas innovaciones se difunden con rapidez dentro de un pueblito. Sin embargo, rara vez llegan hasta los pueblos alfareros lejanos, y as\u00ed surgen los estilos regionales.<\/p>\n<p>Rara vez no significa nunca. Hubo, y a\u00fan hay, una din\u00e1mica red comercial que une los pueblos del centro de M\u00e9xico y de m\u00e1s all\u00e1. La cer\u00e1mica y los alfareros que la produjeron forman parte de esta compleja red. Inevitablemente, han habido ocasiones en que las ideas se comparten por medio del comercio, el matrimonio entre personas de diferentes pueblos o la migraci\u00f3n. No es dif\u00edcil imaginar a dos alfareros de distintos pueblos sentados frente a un trozo de barro para empezar a trabajar, comparar y contrastar los m\u00e9todos de cada qui\u00e9n. Sin duda se reir\u00edan de las diferencias \u2014y de seguro, cada uno considerar\u00eda que su modo de trabajar es muy superior\u2014 pero tambi\u00e9n pondr\u00edan mucha atenci\u00f3n. De una u otra manera, a lo largo de los siglos, las ideas pasaron de un pueblo alfarero a otro, unas veces aceptadas y otras rechazadas, y como resultado podemos ver el uso difundido de t\u00e9cnicas similares dentro de ciertas regiones, incluso traspasando barreras culturales.<\/p>\n<p>Aunque ciertas t\u00e9cnicas han sido adoptadas de manera amplia, no ocurre lo mismo con el estilo. Por ejemplo, en la regi\u00f3n costera de Oaxaca hay 14 pueblos alfareros repartidos en un territorio de 200 kil\u00f3metros. Todos usan la misma t\u00e9cnica \u2014la cer\u00e1mica en molde\u2014 pero el aspecto exterior de las piezas es \u00fanico en cada pueblo. Ese aspecto es la identidad de la olla y, por extensi\u00f3n, es una parte de la identidad de la alfarera. El primer factor, y el m\u00e1s importante, es que la alfarera junto con su olla, su lenguaje y su identidad est\u00e9n arraigadas a su pueblo. Ella se tardar\u00eda m\u00e1s en adoptar la identidad de otra comunidad que en ofrecer la propia. Un pueblo es un clan, con v\u00ednculos tan estrechos como el del apellido.<\/p>\n<p>Aunque ciertas t\u00e9cnicas han sido adoptadas de manera amplia, no ocurre lo mismo con el estilo. Por ejemplo, en la regi\u00f3n costera de Oaxaca hay 14 pueblos alfareros repartidos en un territorio de 200 kil\u00f3metros. Todos usan la misma t\u00e9cnica \u2014la cer\u00e1mica en molde\u2014 pero el aspecto exterior de las piezas es \u00fanico en cada pueblo. Ese aspecto es la identidad de la olla y, por extensi\u00f3n, es una parte de la identidad de la alfarera. El primer factor, y el m\u00e1s importante, es que la alfarera junto con su olla, su lenguaje y su identidad est\u00e9n arraigadas a su pueblo.&#8221;<\/p>\n<p>Extracto del libro <a href=\"https:\/\/1050grados.com\/products\/libro-barro-y-fuego\">Barro y Fuego. El Arte de la Alfarer\u00eda en Oaxaca<\/a>. escrito por <a href=\"https:\/\/www.ericmindling.com\/\">Eric Mindling<\/a> y editado por Innovando la Tradici\u00f3n.<\/p>\n<p>[\/et_pb_text][\/et_pb_column][et_pb_column type=&#8221;1_4&#8243; _builder_version=&#8221;4.17.4&#8243; _module_preset=&#8221;default&#8221; global_colors_info=&#8221;{}&#8221;][et_pb_divider _builder_version=&#8221;4.19.4&#8243; _module_preset=&#8221;default&#8221; global_colors_info=&#8221;{%22gcid-51e092f7-3f41-4be5-8df2-326198ab21a9%22:%91%22color%22%93}&#8221; color=&#8221;gcid-51e092f7-3f41-4be5-8df2-326198ab21a9&#8243; divider_weight=&#8221;3px&#8221; hover_enabled=&#8221;0&#8243; sticky_enabled=&#8221;0&#8243;][\/et_pb_divider][et_pb_text _builder_version=&#8221;4.19.4&#8243; _module_preset=&#8221;default&#8221; global_colors_info=&#8221;{%22gcid-51e092f7-3f41-4be5-8df2-326198ab21a9%22:%91%22text_text_color%22%93}&#8221; text_text_color=&#8221;gcid-51e092f7-3f41-4be5-8df2-326198ab21a9&#8243; text_font_size=&#8221;14px&#8221; text_line_height=&#8221;1em&#8221; text_font=&#8221;|800|||||||&#8221; hover_enabled=&#8221;0&#8243; sticky_enabled=&#8221;0&#8243;]<\/p>\n<p>Comunidades<\/p>\n<p>[\/et_pb_text][et_pb_text _builder_version=&#8221;4.19.4&#8243; _module_preset=&#8221;default&#8221; hover_enabled=&#8221;0&#8243; sticky_enabled=&#8221;0&#8243; global_colors_info=&#8221;{%22gcid-a9e70928-2602-4962-82d5-9b476600946c%22:%91%22text_text_color%22%93}&#8221; text_text_color=&#8221;gcid-a9e70928-2602-4962-82d5-9b476600946c&#8221;]\u00b7 Amatenango del Valle<br \/>\n\u00b7 Santa Mar\u00eda Atzompa<br \/>\n\u00b7 San Bartolo Coyotepec<br \/>\n\u00b7 San Marcos Tlapazola<br \/>\n\u00b7 R\u00edo Blanco Tonaltepec<br \/>\n\u00b7 Tamazola<br \/>\n\u00b7 Los reyes Metzontla<br \/>\n\u00b7 Tavehua<br \/>\n\u00b7 Tlaxiaco<br \/>\n\u00b7 Tlatzala<br \/>\n\u00b7 Yojuela[\/et_pb_text][et_pb_divider _builder_version=&#8221;4.19.4&#8243; _module_preset=&#8221;default&#8221; global_colors_info=&#8221;{%22gcid-51e092f7-3f41-4be5-8df2-326198ab21a9%22:%91%22color%22%93}&#8221; color=&#8221;gcid-51e092f7-3f41-4be5-8df2-326198ab21a9&#8243; divider_weight=&#8221;3px&#8221; hover_enabled=&#8221;0&#8243; sticky_enabled=&#8221;0&#8243;][\/et_pb_divider][\/et_pb_column][\/et_pb_row][\/et_pb_section]<\/p>\n","protected":false},"excerpt":{"rendered":"<p><div class=\"et_pb_module lwp_divi_breadcrumbs lwp_divi_breadcrumbs_0 et_pb_sticky_module\">\n\t\t\t\t\n\t\t\t\t\n\t\t\t\t\n\t\t\t\t\n\t\t\t\t\n\t\t\t\t\n\t\t\t\t<div class=\"et_pb_module_inner\">\n\t\t\t\t\t<div class=\"lwp-breadcrumbs\"> <span class=\"before\"><\/span> <span vocab=\"https:\/\/schema.org\/\" typeof=\"BreadcrumbList\"><span property=\"itemListElement\" typeof=\"ListItem\"><a property=\"item\" typeof=\"WebPage\" href=\"https:\/\/innovandolatradicion.org\/en\/\" class=\"home\"><span property=\"name\">Home<\/span><\/a><meta property=\"position\" content=\"1\"><\/span> <span class=\"separator et-pb-icon\">5<\/span> <\/span><\/div>\n\t\t\t\t<\/div>\n\t\t\t<\/div>&#8220;\u00bfA qu\u00e9 nos referimos cuando hablamos de un pueblo alfarero? Por un lado, se trata de lugares pr\u00f3speros como Atzompa, Coyotepec o Yojuela, donde la econom\u00eda de la comunidad se basa en la [&hellip;]<\/p>\n","protected":false},"author":1,"featured_media":0,"parent":40,"menu_order":0,"comment_status":"closed","ping_status":"closed","template":"","meta":{"_et_pb_use_builder":"on","_et_pb_old_content":"<!-- wp:divi\/placeholder \/-->","_et_gb_content_width":"","inline_featured_image":false,"footnotes":""},"class_list":["post-126","page","type-page","status-publish","hentry"],"_links":{"self":[{"href":"https:\/\/innovandolatradicion.org\/en\/wp-json\/wp\/v2\/pages\/126","targetHints":{"allow":["GET"]}}],"collection":[{"href":"https:\/\/innovandolatradicion.org\/en\/wp-json\/wp\/v2\/pages"}],"about":[{"href":"https:\/\/innovandolatradicion.org\/en\/wp-json\/wp\/v2\/types\/page"}],"author":[{"embeddable":true,"href":"https:\/\/innovandolatradicion.org\/en\/wp-json\/wp\/v2\/users\/1"}],"replies":[{"embeddable":true,"href":"https:\/\/innovandolatradicion.org\/en\/wp-json\/wp\/v2\/comments?post=126"}],"version-history":[{"count":23,"href":"https:\/\/innovandolatradicion.org\/en\/wp-json\/wp\/v2\/pages\/126\/revisions"}],"predecessor-version":[{"id":2110,"href":"https:\/\/innovandolatradicion.org\/en\/wp-json\/wp\/v2\/pages\/126\/revisions\/2110"}],"up":[{"embeddable":true,"href":"https:\/\/innovandolatradicion.org\/en\/wp-json\/wp\/v2\/pages\/40"}],"wp:attachment":[{"href":"https:\/\/innovandolatradicion.org\/en\/wp-json\/wp\/v2\/media?parent=126"}],"curies":[{"name":"wp","href":"https:\/\/api.w.org\/{rel}","templated":true}]}}