{"id":125,"date":"2022-05-20T20:41:01","date_gmt":"2022-05-20T20:41:01","guid":{"rendered":"http:\/\/it2021.innovandolatradicion.org\/?page_id=125"},"modified":"2023-01-12T20:34:29","modified_gmt":"2023-01-12T20:34:29","slug":"manifiesto","status":"publish","type":"page","link":"https:\/\/innovandolatradicion.org\/en\/somos\/manifiesto\/","title":{"rendered":"Manifest"},"content":{"rendered":"<p>[et_pb_section fb_built=&#8221;1&#8243; disabled_on=&#8221;on|on|off&#8221; admin_label=&#8221;lenguage-header-yellow&#8221; _builder_version=&#8221;4.17.6&#8243; _module_preset=&#8221;default&#8221; background_color=&#8221;gcid-93a75f22-bdbf-42d7-abf4-a31151a36829&#8243; z_index=&#8221;10&#8243; height=&#8221;100px&#8221; height_tablet=&#8221;70px&#8221; height_phone=&#8221;50px&#8221; height_last_edited=&#8221;on|phone&#8221; max_height=&#8221;100px&#8221; custom_padding=&#8221;0px|5vw|0px|5vw|true|true&#8221; custom_css_main_element=&#8221;width: calc(100% &#8211; 300px);||margin-left:300px !important;&#8221; border_width_bottom=&#8221;4px&#8221; border_color_bottom=&#8221;gcid-b1f69fdd-467c-4ed9-b197-18bd30a05211&#8243; global_colors_info=&#8221;{%22gcid-b1f69fdd-467c-4ed9-b197-18bd30a05211%22:%91%22border_color_bottom%22%93,%22gcid-93a75f22-bdbf-42d7-abf4-a31151a36829%22:%91%22background_color%22%93}&#8221; custom_css_main_element_last_edited=&#8221;on|tablet&#8221; custom_css_main_element_tablet=&#8221;width: 100%;&#8221; custom_css_main_element_phone=&#8221;width: 100%;&#8221;][\/et_pb_section][et_pb_section fb_built=&#8221;1&#8243; custom_padding_last_edited=&#8221;on|phone&#8221; admin_label=&#8221;title-header-yellow&#8221; _builder_version=&#8221;4.19.4&#8243; _module_preset=&#8221;default&#8221; background_color=&#8221;gcid-93a75f22-bdbf-42d7-abf4-a31151a36829&#8243; positioning=&#8221;none&#8221; custom_padding=&#8221;0px|3vw|0px|3vw|false|true&#8221; custom_padding_tablet=&#8221;0px|6vw|0px|6vw|true|true&#8221; custom_padding_phone=&#8221;0px|8vw|0px|8vw|true|true&#8221; custom_css_main_element=&#8221;width: calc(100% &#8211; 300px);||margin-left:300px !important;&#8221; global_colors_info=&#8221;{%22gcid-93a75f22-bdbf-42d7-abf4-a31151a36829%22:%91%22background_color%22%93}&#8221; custom_css_main_element_last_edited=&#8221;on|phone&#8221; custom_css_main_element_tablet=&#8221;width: 100%;&#8221; custom_css_main_element_phone=&#8221;width: 100%;&#8221;][et_pb_row _builder_version=&#8221;4.17.4&#8243; _module_preset=&#8221;default&#8221; width=&#8221;100%&#8221; max_width=&#8221;100%&#8221; global_colors_info=&#8221;{}&#8221;][et_pb_column type=&#8221;4_4&#8243; _builder_version=&#8221;4.17.4&#8243; _module_preset=&#8221;default&#8221; global_colors_info=&#8221;{}&#8221;][lwp_divi_breadcrumbs font_icon=&#8221;&#x35;||divi||400&#8243; use_before_icon=&#8221;off&#8221; link_color=&#8221;gcid-b1f69fdd-467c-4ed9-b197-18bd30a05211&#8243; separator_color=&#8221;gcid-51e092f7-3f41-4be5-8df2-326198ab21a9&#8243; current_text_color=&#8221;gcid-51e092f7-3f41-4be5-8df2-326198ab21a9&#8243; _builder_version=&#8221;4.19.4&#8243; _module_preset=&#8221;default&#8221; module_font=&#8221;Bebas Neue|||on|||||&#8221; module_font_size=&#8221;20px&#8221; sticky_position=&#8221;top&#8221; hover_enabled=&#8221;0&#8243; module_font_size_tablet=&#8221;16px&#8221; module_font_size_phone=&#8221;14px&#8221; module_font_size_last_edited=&#8221;on|phone&#8221; global_colors_info=&#8221;{%22gcid-93a75f22-bdbf-42d7-abf4-a31151a36829%22:%91%22background_color%22%93,%22gcid-b1f69fdd-467c-4ed9-b197-18bd30a05211%22:%91%22link_color%22,%22link_color%22%93,%22gcid-51e092f7-3f41-4be5-8df2-326198ab21a9%22:%91%22separator_color%22,%22current_text_color%22%93}&#8221; background_color__sticky=&#8221;gcid-93a75f22-bdbf-42d7-abf4-a31151a36829&#8243; background__sticky_enabled=&#8221;on|sticky&#8221; custom_padding__sticky=&#8221;16px||16px||true|false&#8221; custom_padding__sticky_enabled=&#8221;on|sticky&#8221; background_enable_color__sticky=&#8221;on&#8221; z_index__sticky=&#8221;100&#8243; z_index__sticky_enabled=&#8221;on|sticky&#8221; sticky_enabled=&#8221;0&#8243;][\/lwp_divi_breadcrumbs][et_pb_text _builder_version=&#8221;4.19.4&#8243; _dynamic_attributes=&#8221;content&#8221; _module_preset=&#8221;default&#8221; header_2_font=&#8221;Bebas Neue|||on|||||&#8221; header_2_text_color=&#8221;gcid-51e092f7-3f41-4be5-8df2-326198ab21a9&#8243; header_2_font_size=&#8221;120px&#8221; custom_margin_last_edited=&#8221;off|desktop&#8221; hover_enabled=&#8221;0&#8243; header_2_font_size_tablet=&#8221;60px&#8221; header_2_font_size_phone=&#8221;40px&#8221; header_2_font_size_last_edited=&#8221;on|phone&#8221; global_colors_info=&#8221;{%22gcid-51e092f7-3f41-4be5-8df2-326198ab21a9%22:%91%22header_2_text_color%22%93}&#8221; sticky_enabled=&#8221;0&#8243;]@ET-DC@eyJkeW5hbWljIjp0cnVlLCJjb250ZW50IjoicG9zdF90aXRsZSIsInNldHRpbmdzIjp7ImJlZm9yZSI6IjxoMj4iLCJhZnRlciI6IjwvaDI+In19@[\/et_pb_text][\/et_pb_column][\/et_pb_row][\/et_pb_section][et_pb_section fb_built=&#8221;1&#8243; custom_padding_last_edited=&#8221;on|phone&#8221; admin_label=&#8221;Contenido&#8221; _builder_version=&#8221;4.17.6&#8243; _module_preset=&#8221;default&#8221; background_color=&#8221;gcid-93a75f22-bdbf-42d7-abf4-a31151a36829&#8243; positioning=&#8221;none&#8221; custom_padding=&#8221;10px|3vw|100px|3vw|false|true&#8221; custom_padding_tablet=&#8221;10px|6vw|100px|6vw|false|true&#8221; custom_padding_phone=&#8221;10px|8vw|50px|8vw|false|true&#8221; custom_css_main_element=&#8221;width: calc(100% &#8211; 300px);||margin-left:300px !important;&#8221; border_width_bottom_tablet=&#8221;3px&#8221; border_width_bottom_phone=&#8221;2px&#8221; border_width_bottom_last_edited=&#8221;off|desktop&#8221; global_colors_info=&#8221;{%22gcid-93a75f22-bdbf-42d7-abf4-a31151a36829%22:%91%22background_color%22%93}&#8221; custom_css_main_element_last_edited=&#8221;on|phone&#8221; custom_css_main_element_tablet=&#8221;width: 100%;&#8221; custom_css_main_element_phone=&#8221;width: 100%;&#8221;][et_pb_row custom_padding_last_edited=&#8221;on|phone&#8221; admin_label=&#8221;Row&#8221; _builder_version=&#8221;4.17.4&#8243; _module_preset=&#8221;default&#8221; z_index=&#8221;1&#8243; width=&#8221;100%&#8221; max_width=&#8221;1380px&#8221; module_alignment=&#8221;left&#8221; custom_padding=&#8221;||100px||false|false&#8221; custom_padding_tablet=&#8221;||70px||false|false&#8221; custom_padding_phone=&#8221;||50px||false|false&#8221; border_width_bottom=&#8221;4px&#8221; border_color_bottom=&#8221;#dcffd8&#8243; border_width_bottom_tablet=&#8221;3px&#8221; border_width_bottom_phone=&#8221;2px&#8221; border_width_bottom_last_edited=&#8221;on|phone&#8221; global_colors_info=&#8221;{}&#8221;][et_pb_column type=&#8221;4_4&#8243; admin_label=&#8221;Column&#8221; _builder_version=&#8221;4.17.4&#8243; _module_preset=&#8221;default&#8221; global_colors_info=&#8221;{}&#8221;][et_pb_image src=&#8221;https:\/\/innovandolatradicion.org\/wp-content\/uploads\/2022\/07\/manifiesto-innovando-la-tradicion-01.jpg&#8221; title_text=&#8221;manifiesto innovando la tradicion 01&#8243; _builder_version=&#8221;4.17.6&#8243; _module_preset=&#8221;default&#8221; positioning=&#8221;absolute&#8221; vertical_offset=&#8221;0px&#8221; horizontal_offset=&#8221;60%&#8221; vertical_offset_tablet=&#8221;5%&#8221; vertical_offset_phone=&#8221;7%&#8221; vertical_offset_last_edited=&#8221;on|tablet&#8221; horizontal_offset_tablet=&#8221;40%&#8221; horizontal_offset_phone=&#8221;40%&#8221; horizontal_offset_last_edited=&#8221;on|phone&#8221; width=&#8221;100%&#8221; max_width=&#8221;40%&#8221; max_width_tablet=&#8221;60%&#8221; max_width_phone=&#8221;60%&#8221; max_width_last_edited=&#8221;on|phone&#8221; hover_transition_speed_curve=&#8221;ease-in-out&#8221; scroll_vertical_motion_enable=&#8221;on&#8221; scroll_vertical_motion=&#8221;0|50|50|100|-2|0|-2&#8243; motion_trigger_start=&#8221;top&#8221; global_colors_info=&#8221;{}&#8221;][\/et_pb_image][et_pb_image src=&#8221;https:\/\/innovandolatradicion.org\/wp-content\/uploads\/2022\/07\/manifiesto-innovando-la-tradicion-05.jpg&#8221; title_text=&#8221;manifiesto innovando la tradicion 05&#8243; _builder_version=&#8221;4.17.6&#8243; _module_preset=&#8221;default&#8221; positioning=&#8221;absolute&#8221; vertical_offset=&#8221;30%&#8221; horizontal_offset=&#8221;30%&#8221; vertical_offset_tablet=&#8221;46%&#8221; vertical_offset_phone=&#8221;26%&#8221; vertical_offset_last_edited=&#8221;on|phone&#8221; horizontal_offset_tablet=&#8221;20%&#8221; horizontal_offset_phone=&#8221;-20%&#8221; horizontal_offset_last_edited=&#8221;on|desktop&#8221; width=&#8221;100%&#8221; max_width=&#8221;40%&#8221; max_width_tablet=&#8221;60%&#8221; max_width_phone=&#8221;60%&#8221; max_width_last_edited=&#8221;on|phone&#8221; hover_transition_speed_curve=&#8221;ease-in-out&#8221; scroll_vertical_motion_enable=&#8221;on&#8221; scroll_vertical_motion=&#8221;0|50|50|100|-2|0|0&#8243; scroll_fade=&#8221;0|50|50|100|0%|50%|90%&#8221; motion_trigger_start=&#8221;top&#8221; global_colors_info=&#8221;{}&#8221;][\/et_pb_image][et_pb_image src=&#8221;https:\/\/innovandolatradicion.org\/wp-content\/uploads\/2022\/07\/manifiesto-innovando-la-tradicion-04.jpeg&#8221; title_text=&#8221;manifiesto innovando la tradicion 04&#8243; _builder_version=&#8221;4.17.6&#8243; _module_preset=&#8221;default&#8221; positioning=&#8221;absolute&#8221; vertical_offset=&#8221;60%&#8221; horizontal_offset=&#8221;0px&#8221; vertical_offset_tablet=&#8221;80%&#8221; vertical_offset_phone=&#8221;46%&#8221; vertical_offset_last_edited=&#8221;on|tablet&#8221; horizontal_offset_tablet=&#8221;0%&#8221; horizontal_offset_phone=&#8221;40%&#8221; horizontal_offset_last_edited=&#8221;on|desktop&#8221; width=&#8221;100%&#8221; max_width=&#8221;40%&#8221; max_width_tablet=&#8221;60%&#8221; max_width_phone=&#8221;60%&#8221; max_width_last_edited=&#8221;on|phone&#8221; hover_transition_speed_curve=&#8221;ease-in-out&#8221; scroll_vertical_motion_enable=&#8221;on&#8221; scroll_vertical_motion=&#8221;0|50|50|100|-2|0|-2&#8243; motion_trigger_start=&#8221;top&#8221; global_colors_info=&#8221;{}&#8221;][\/et_pb_image][et_pb_image src=&#8221;https:\/\/innovandolatradicion.org\/wp-content\/uploads\/2022\/07\/manifiesto-innovando-la-tradicion-08.jpg&#8221; title_text=&#8221;manifiesto innovando la tradicion 08&#8243; disabled_on=&#8221;off|on|off&#8221; _builder_version=&#8221;4.17.6&#8243; _module_preset=&#8221;default&#8221; positioning=&#8221;absolute&#8221; vertical_offset=&#8221;90%&#8221; horizontal_offset=&#8221;40%&#8221; vertical_offset_tablet=&#8221;46%&#8221; vertical_offset_phone=&#8221;76%&#8221; vertical_offset_last_edited=&#8221;on|phone&#8221; horizontal_offset_tablet=&#8221;20%&#8221; horizontal_offset_phone=&#8221;10%&#8221; horizontal_offset_last_edited=&#8221;on|desktop&#8221; width=&#8221;100%&#8221; max_width=&#8221;40%&#8221; max_width_tablet=&#8221;60%&#8221; max_width_phone=&#8221;60%&#8221; max_width_last_edited=&#8221;on|phone&#8221; hover_transition_speed_curve=&#8221;ease-in-out&#8221; scroll_vertical_motion_enable=&#8221;on&#8221; scroll_vertical_motion=&#8221;0|50|50|100|-2|0|0&#8243; scroll_fade=&#8221;0|50|50|100|0%|50%|90%&#8221; motion_trigger_start=&#8221;top&#8221; global_colors_info=&#8221;{}&#8221;][\/et_pb_image][et_pb_text _builder_version=&#8221;4.17.6&#8243; _module_preset=&#8221;91032b02-940b-4564-aecb-ca8176098c52&#8243; header_2_text_color=&#8221;gcid-b1f69fdd-467c-4ed9-b197-18bd30a05211&#8243; global_colors_info=&#8221;{%22gcid-b1f69fdd-467c-4ed9-b197-18bd30a05211%22:%91%22header_2_text_color%22%93}&#8221;]<\/p>\n<h2><span style=\"font-weight: 500;\">El barro vive. Servimos a las comunidades alfareras, desarrollando condiciones para su autodeterminaci\u00f3n y el buen vivir. Polinizamos ideas y transformamos narrativas dominantes. Cuidamos de nuestro entorno humano, social, natural y espiritual. Creamos puentes entre el saber hecho a mano y el mundo. Somos y operamos como una comunidad. Aprendemos y nos transformamos junt\u00e5s. Sostenemos espacios para la creatividad individual y colectiva. Estamos orgullos\u00e5s de lo que hacemos. Tod\u00e5s somos barro. <\/span><\/h2>\n<p>[\/et_pb_text][\/et_pb_column][\/et_pb_row][\/et_pb_section]<\/p>\n","protected":false},"excerpt":{"rendered":"<p><div class=\"et_pb_module lwp_divi_breadcrumbs lwp_divi_breadcrumbs_0 et_pb_sticky_module\">\n\t\t\t\t\n\t\t\t\t\n\t\t\t\t\n\t\t\t\t\n\t\t\t\t\n\t\t\t\t\n\t\t\t\t<div class=\"et_pb_module_inner\">\n\t\t\t\t\t<div class=\"lwp-breadcrumbs\"> <span class=\"before\"><\/span> <span vocab=\"https:\/\/schema.org\/\" typeof=\"BreadcrumbList\"><span property=\"itemListElement\" typeof=\"ListItem\"><a property=\"item\" typeof=\"WebPage\" href=\"https:\/\/innovandolatradicion.org\/en\/\" class=\"home\"><span property=\"name\">Home<\/span><\/a><meta property=\"position\" content=\"1\"><\/span> <span class=\"separator et-pb-icon\">5<\/span> <\/span><\/div>\n\t\t\t\t<\/div>\n\t\t\t<\/div>El barro vive. Servimos a las comunidades alfareras, desarrollando condiciones para su autodeterminaci\u00f3n y el buen vivir. Polinizamos ideas y transformamos narrativas dominantes. Cuidamos de nuestro entorno humano, social, natural y [&hellip;]<\/p>\n","protected":false},"author":1,"featured_media":0,"parent":40,"menu_order":0,"comment_status":"closed","ping_status":"closed","template":"","meta":{"_et_pb_use_builder":"on","_et_pb_old_content":"<!-- wp:divi\/placeholder \/-->","_et_gb_content_width":"","inline_featured_image":false,"footnotes":""},"class_list":["post-125","page","type-page","status-publish","hentry"],"_links":{"self":[{"href":"https:\/\/innovandolatradicion.org\/en\/wp-json\/wp\/v2\/pages\/125","targetHints":{"allow":["GET"]}}],"collection":[{"href":"https:\/\/innovandolatradicion.org\/en\/wp-json\/wp\/v2\/pages"}],"about":[{"href":"https:\/\/innovandolatradicion.org\/en\/wp-json\/wp\/v2\/types\/page"}],"author":[{"embeddable":true,"href":"https:\/\/innovandolatradicion.org\/en\/wp-json\/wp\/v2\/users\/1"}],"replies":[{"embeddable":true,"href":"https:\/\/innovandolatradicion.org\/en\/wp-json\/wp\/v2\/comments?post=125"}],"version-history":[{"count":60,"href":"https:\/\/innovandolatradicion.org\/en\/wp-json\/wp\/v2\/pages\/125\/revisions"}],"predecessor-version":[{"id":1944,"href":"https:\/\/innovandolatradicion.org\/en\/wp-json\/wp\/v2\/pages\/125\/revisions\/1944"}],"up":[{"embeddable":true,"href":"https:\/\/innovandolatradicion.org\/en\/wp-json\/wp\/v2\/pages\/40"}],"wp:attachment":[{"href":"https:\/\/innovandolatradicion.org\/en\/wp-json\/wp\/v2\/media?parent=125"}],"curies":[{"name":"wp","href":"https:\/\/api.w.org\/{rel}","templated":true}]}}