{"id":113,"date":"2022-05-20T20:37:37","date_gmt":"2022-05-20T20:37:37","guid":{"rendered":"http:\/\/it2021.innovandolatradicion.org\/?page_id=113"},"modified":"2024-07-30T12:05:02","modified_gmt":"2024-07-30T18:05:02","slug":"miembros","status":"publish","type":"page","link":"https:\/\/innovandolatradicion.org\/en\/red-valle-de-huajes\/miembros\/","title":{"rendered":"Members"},"content":{"rendered":"<p>[et_pb_section fb_built=&#8221;1&#8243; disabled_on=&#8221;on|on|off&#8221; admin_label=&#8221;lenguage-header-yellow&#8221; _builder_version=&#8221;4.17.6&#8243; _module_preset=&#8221;default&#8221; background_color=&#8221;gcid-b1f69fdd-467c-4ed9-b197-18bd30a05211&#8243; z_index=&#8221;10&#8243; height=&#8221;100px&#8221; height_tablet=&#8221;70px&#8221; height_phone=&#8221;50px&#8221; height_last_edited=&#8221;on|phone&#8221; max_height=&#8221;100px&#8221; custom_padding=&#8221;0px|5vw|0px|5vw|true|true&#8221; custom_css_main_element=&#8221;width: calc(100% &#8211; 300px);||margin-left:300px !important;&#8221; border_width_bottom=&#8221;4px&#8221; border_color_bottom=&#8221;gcid-1e2fd13e-1b2f-4961-8527-1e8cfd255614&#8243; global_colors_info=&#8221;{%22gcid-b1f69fdd-467c-4ed9-b197-18bd30a05211%22:%91%22background_color%22%93,%22gcid-1e2fd13e-1b2f-4961-8527-1e8cfd255614%22:%91%22border_color_bottom%22%93}&#8221; custom_css_main_element_last_edited=&#8221;on|tablet&#8221; custom_css_main_element_tablet=&#8221;width: 100%;&#8221; custom_css_main_element_phone=&#8221;width: 100%;&#8221;][\/et_pb_section][et_pb_section fb_built=&#8221;1&#8243; custom_padding_last_edited=&#8221;on|phone&#8221; admin_label=&#8221;title-header-yellow&#8221; _builder_version=&#8221;4.19.4&#8243; _module_preset=&#8221;default&#8221; background_color=&#8221;gcid-b1f69fdd-467c-4ed9-b197-18bd30a05211&#8243; positioning=&#8221;none&#8221; custom_padding=&#8221;0px|3vw|0px|3vw|false|true&#8221; custom_padding_tablet=&#8221;0px|6vw|0px|6vw|true|true&#8221; custom_padding_phone=&#8221;0px|8vw|0px|8vw|true|true&#8221; custom_css_main_element=&#8221;width: calc(100% &#8211; 300px);||margin-left:300px !important;&#8221; global_colors_info=&#8221;{%22gcid-b1f69fdd-467c-4ed9-b197-18bd30a05211%22:%91%22background_color%22%93}&#8221; custom_css_main_element_last_edited=&#8221;on|phone&#8221; custom_css_main_element_tablet=&#8221;width: 100%;&#8221; custom_css_main_element_phone=&#8221;width: 100%;&#8221;][et_pb_row _builder_version=&#8221;4.17.4&#8243; _module_preset=&#8221;default&#8221; width=&#8221;100%&#8221; max_width=&#8221;100%&#8221; global_colors_info=&#8221;{}&#8221;][et_pb_column type=&#8221;4_4&#8243; _builder_version=&#8221;4.17.4&#8243; _module_preset=&#8221;default&#8221; global_colors_info=&#8221;{}&#8221;][lwp_divi_breadcrumbs font_icon=&#8221;&#x35;||divi||400&#8243; use_before_icon=&#8221;off&#8221; link_color=&#8221;gcid-cd28a455-10ce-4391-b769-b9d2c09cf429&#8243; separator_color=&#8221;gcid-1e2fd13e-1b2f-4961-8527-1e8cfd255614&#8243; current_text_color=&#8221;gcid-1e2fd13e-1b2f-4961-8527-1e8cfd255614&#8243; _builder_version=&#8221;4.19.4&#8243; _module_preset=&#8221;default&#8221; module_font=&#8221;Bebas Neue|||on|||||&#8221; module_font_size=&#8221;20px&#8221; sticky_position=&#8221;top&#8221; module_font_size_tablet=&#8221;16px&#8221; module_font_size_phone=&#8221;14px&#8221; module_font_size_last_edited=&#8221;on|phone&#8221; global_colors_info=&#8221;{%22gcid-cd28a455-10ce-4391-b769-b9d2c09cf429%22:%91%22link_color%22,%22link_color%22,%22link_color%22,%22link_color%22%93,%22gcid-b1f69fdd-467c-4ed9-b197-18bd30a05211%22:%91%22background_color%22%93,%22gcid-1e2fd13e-1b2f-4961-8527-1e8cfd255614%22:%91%22separator_color%22,%22current_text_color%22%93}&#8221; custom_padding__sticky=&#8221;16px||16px||true|false&#8221; custom_padding__sticky_enabled=&#8221;on|sticky&#8221; background_color__sticky=&#8221;gcid-b1f69fdd-467c-4ed9-b197-18bd30a05211&#8243; background__sticky_enabled=&#8221;on|sticky&#8221; background_enable_color__sticky=&#8221;on&#8221; z_index__sticky=&#8221;100&#8243; z_index__sticky_enabled=&#8221;on|sticky&#8221;][\/lwp_divi_breadcrumbs][et_pb_text _builder_version=&#8221;4.19.4&#8243; _dynamic_attributes=&#8221;content&#8221; _module_preset=&#8221;default&#8221; header_2_font=&#8221;Bebas Neue|||on|||||&#8221; header_2_text_color=&#8221;gcid-1e2fd13e-1b2f-4961-8527-1e8cfd255614&#8243; header_2_font_size=&#8221;120px&#8221; custom_margin_last_edited=&#8221;off|desktop&#8221; header_2_font_size_tablet=&#8221;60px&#8221; header_2_font_size_phone=&#8221;40px&#8221; header_2_font_size_last_edited=&#8221;on|phone&#8221; global_colors_info=&#8221;{%22gcid-1e2fd13e-1b2f-4961-8527-1e8cfd255614%22:%91%22header_2_text_color%22%93}&#8221;]@ET-DC@eyJkeW5hbWljIjp0cnVlLCJjb250ZW50IjoicG9zdF90aXRsZSIsInNldHRpbmdzIjp7ImJlZm9yZSI6IjxoMj4iLCJhZnRlciI6IjwvaDI+In19@[\/et_pb_text][\/et_pb_column][\/et_pb_row][\/et_pb_section][et_pb_section fb_built=&#8221;1&#8243; custom_padding_last_edited=&#8221;on|phone&#8221; _builder_version=&#8221;4.17.6&#8243; _module_preset=&#8221;default&#8221; background_color=&#8221;gcid-b1f69fdd-467c-4ed9-b197-18bd30a05211&#8243; positioning=&#8221;none&#8221; custom_padding=&#8221;10px|3vw|100px|3vw|false|true&#8221; custom_padding_tablet=&#8221;10px|6vw|100px|6vw|false|true&#8221; custom_padding_phone=&#8221;10px|8vw|50px|8vw|false|true&#8221; custom_css_main_element=&#8221;width: calc(100% &#8211; 300px);||margin-left:300px !important;&#8221; border_width_bottom_tablet=&#8221;3px&#8221; border_width_bottom_phone=&#8221;2px&#8221; border_width_bottom_last_edited=&#8221;off|desktop&#8221; global_colors_info=&#8221;{%22gcid-b1f69fdd-467c-4ed9-b197-18bd30a05211%22:%91%22background_color%22%93}&#8221; custom_css_main_element_last_edited=&#8221;on|phone&#8221; custom_css_main_element_tablet=&#8221;width: 100%;&#8221; custom_css_main_element_phone=&#8221;width: 100%;&#8221;][et_pb_row custom_padding_last_edited=&#8221;on|phone&#8221; _builder_version=&#8221;4.17.6&#8243; _module_preset=&#8221;default&#8221; z_index=&#8221;1&#8243; width=&#8221;100%&#8221; max_width=&#8221;1380px&#8221; module_alignment=&#8221;left&#8221; custom_padding=&#8221;||100px||false|false&#8221; custom_padding_tablet=&#8221;||70px||false|false&#8221; custom_padding_phone=&#8221;||50px||false|false&#8221; border_width_bottom=&#8221;4px&#8221; border_color_bottom=&#8221;gcid-1e2fd13e-1b2f-4961-8527-1e8cfd255614&#8243; border_width_bottom_tablet=&#8221;3px&#8221; border_width_bottom_phone=&#8221;2px&#8221; border_width_bottom_last_edited=&#8221;on|phone&#8221; global_colors_info=&#8221;{%22gcid-1e2fd13e-1b2f-4961-8527-1e8cfd255614%22:%91%22border_color_bottom%22%93}&#8221;][et_pb_column type=&#8221;4_4&#8243; _builder_version=&#8221;4.17.4&#8243; _module_preset=&#8221;default&#8221; global_colors_info=&#8221;{}&#8221;][et_pb_tabs active_tab_background_color=&#8221;RGBA(255,255,255,0)&#8221; inactive_tab_background_color=&#8221;RGBA(255,255,255,0)&#8221; active_tab_text_color=&#8221;gcid-1e2fd13e-1b2f-4961-8527-1e8cfd255614&#8243; module_class=&#8221;rvh-tabs&#8221; _builder_version=&#8221;4.27.0&#8243; _module_preset=&#8221;default&#8221; tab_text_color=&#8221;gcid-cd28a455-10ce-4391-b769-b9d2c09cf429&#8243; tab_font=&#8221;Roboto||||||||&#8221; background_color=&#8221;RGBA(255,255,255,0)&#8221; module_alignment=&#8221;center&#8221; hover_enabled=&#8221;0&#8243; custom_css_tabs_controls=&#8221;display: flex !important;||justify-content: center !important;&#8221; border_width_all=&#8221;0px&#8221; border_style_all=&#8221;none&#8221; global_colors_info=&#8221;{%22gcid-1e2fd13e-1b2f-4961-8527-1e8cfd255614%22:%91%22active_tab_text_color%22,%22tab_text_color__hover%22%93,%22gcid-cd28a455-10ce-4391-b769-b9d2c09cf429%22:%91%22tab_text_color%22%93}&#8221; tab_text_color__hover_enabled=&#8221;on|hover&#8221; tab_text_color__hover=&#8221;#0000ff&#8221; sticky_enabled=&#8221;0&#8243;][et_pb_tab title=&#8221;2023&#8243; _builder_version=&#8221;4.27.0&#8243; _module_preset=&#8221;default&#8221; hover_enabled=&#8221;0&#8243; global_colors_info=&#8221;{}&#8221; sticky_enabled=&#8221;0&#8243;]<span style=\"font-family: 'Bebas Neue',display; font-size: 24px;\">M\u00c9XICO<\/span><\/p>\n<ul class=\"rvh-members\">\n<li>JULIETA GIM\u00c9NEZ CACHO &#038; JORGE ESPINOSA,<\/li>\n<li>INTERCAM GRUPO FINANCIERO \/ EDUARDO LECUONA, <\/li>\n<li>ANA CRISTINA ARANA L\u00d3PEZ,<\/li>\n<li>LUIS ANDR\u00c9S GIM\u00c9NEZ CACHO,<\/li>\n<li>ALEJANDRA SERVITJE,<\/li>\n<li>LORENZA AZC\u00c1RRAGA,<\/li>\n<li>FEDERICO RIGOLETTI,<\/li>\n<li>RAMIRO MART\u00cdNEZ,<\/li>\n<li>ALEJANDRA CERVANTES,<\/li>\n<li>PATRICIA ORTIZ MONASTERIO &#038; JAIME RIESTRA,<\/li>\n<li>JOS\u00c9 KURI &#038; M\u00d3NICA MANZUTTO,<\/li>\n<li>AIM\u00c9E SERVITJE,<\/li>\n<li>MARIV\u00cd ESTEVE,<\/li>\n<li>ELOISA SU\u00c1REZ,<\/li>\n<li>JAVIER S\u00c1NCHEZ,<\/li>\n<li>DEREK DELLEKAMP,<\/li>\n<li>MARIANA PAZ &#038; HERN\u00c1N S\u00c1NCHEZ,<\/li>\n<li>MAR\u00cdA ANG\u00c9LICA LINARES,<\/li>\n<li>GERMAINE G\u00d3MEZ-HARO,<\/li>\n<li>LARA BECERRA,<\/li>\n<li>ENRIQUE OLVERA,<\/li>\n<li>ANA PALOMA PORRAZ,<\/li>\n<li>MART\u00cdN GARC\u00cdA URTIAGA,<\/li>\n<li>GIGI MIZRAHI,<\/li>\n<li>CLAUDIA PI\u00d1A,<\/li>\n<li>AMARIANNA DELLEKAMP,<\/li>\n<li>ROC\u00cdO GONZ\u00c1LEZ D\u00cdAZ,<\/li>\n<li>AUREO BAQUERIO.<\/li>\n<\/ul>\n<p><span style=\"font-family: 'Bebas Neue',display; font-size: 24px;\"><\/span><\/p>\n<p><span style=\"font-family: 'Bebas Neue',display; font-size: 24px;\"><\/span><\/p>\n<p><span style=\"font-family: 'Bebas Neue',display; font-size: 24px;\">CHICAGO<\/span><\/p>\n<ul class=\"rvh-members\">\n<li>JOE &#038; JESSICA COLOSI,<\/li>\n<li>MADELEINE GRYNSZTEJN &#038; TOM SHAPIRO,<\/li>\n<li>DEBRA DOBBS,<\/li>\n<li>JANA &#038; BERNARDO HEES,<\/li>\n<li>ASHLEY LUKASIK &#038; MICKEY.<\/li>\n<\/ul>\n<p><span style=\"font-family: 'Bebas Neue',display; font-size: 24px;\"><\/span><\/p>\n<p><span style=\"font-family: 'Bebas Neue',display; font-size: 24px;\"><\/span><\/p>\n<p><span style=\"font-family: 'Bebas Neue',display; font-size: 24px;\">HOUSTON<\/span><\/p>\n<ul class=\"rvh-members\">\n<li>KATHY GEIB,<\/li>\n<li>CINDY SELIGMANN &#038; JOHN KNOX,<\/li>\n<li>FEDERICA SIMON.<\/li>\n<\/ul>\n<p><span style=\"font-family: 'Bebas Neue',display; font-size: 24px;\"><\/span><\/p>\n<p><span style=\"font-family: 'Bebas Neue',display; font-size: 24px;\"><\/span><\/p>\n<p><span style=\"font-family: 'Bebas Neue',display; font-size: 24px;\">SAN FRANCISCO<\/span><\/p>\n<ul class=\"rvh-members\">\n<li>TAKASHI FUKUDA &#038; ANNA,<\/li>\n<li>ISABEL ALLENDE FOUNDATION,<\/li>\n<li>SUZIE ALEXANDER &#038; GARY STOLZOFF,<\/li>\n<li>NATALIE FOSTER, PAULA WILLIAMS,<\/li>\n<li>HANNAH LOVE &#038; SCOTT CROCKER,<\/li>\n<li>VICTORIA MOLINAROLO,<\/li>\n<li>MARK FLASHEN.<\/li>\n<\/ul>\n<p><span style=\"font-family: 'Bebas Neue',display; font-size: 24px;\"><\/span><\/p>\n<p><span style=\"font-family: 'Bebas Neue',display; font-size: 24px;\"><\/span><\/p>\n<p><span style=\"font-family: 'Bebas Neue',display; font-size: 24px;\">LOS \u00c1NGELES<\/span><\/p>\n<ul class=\"rvh-members\">\n<li>KATE SEATON,<\/li>\n<li>AMILIA PRIETO CHIAPA,<\/li>\n<li>MAGGIE GALTON &#038; ANDREI NICOLAYEVSKY,<\/li>\n<li>HEIDI BASCH-HAROD,<\/li>\n<li>VANESSA NACIF,<\/li>\n<li>CLAUDIA G. FLORES,<\/li>\n<li>STEPHANIE MORTON-MILLSTEIN &#038; ERIC MILLISTEIN,<\/li>\n<li>KENDRA SOSOTHIKUL,<\/li>\n<li>ELENA PODKORYTOVA,<\/li>\n<li>ROMAN PODKORYTOV,<\/li>\n<li>TIZIANA ALESSANDRO MITCHELL,<\/li>\n<li>SHELLEY ARMISTEAD,<\/li>\n<li>MARIA ELADIA HAGERMAN,<\/li>\n<li>MILA DIEZ BARROSO,<\/li>\n<li>EMILIO JR. DIEZ BARROSO.<\/li>\n<\/ul>\n<p><span style=\"font-family: 'Bebas Neue',display; font-size: 24px;\"><\/span><\/p>\n<p><span style=\"font-family: 'Bebas Neue',display; font-size: 24px;\"><\/span><\/p>\n<p><span style=\"font-family: 'Bebas Neue',display; font-size: 24px;\">RUSIA<\/span><\/p>\n<ul class=\"rvh-members\">\n<li>ANNA STOLYAROVA.<\/li>\n<\/ul>\n<p><span style=\"font-family: 'Bebas Neue',display; font-size: 24px;\"><\/span><\/p>\n<p><span style=\"font-family: 'Bebas Neue',display; font-size: 24px;\"><\/span><\/p>\n<p><span style=\"font-family: 'Bebas Neue',display; font-size: 24px;\">CANAD\u00c1<\/span><\/p>\n<ul class=\"rvh-members\">\n<li>MARNIE FLEMING &#038; COLIN MOOERS.<\/li>\n<\/ul>\n<p>[\/et_pb_tab][et_pb_tab title=&#8221;2022&#8243; _builder_version=&#8221;4.19.5&#8243; _module_preset=&#8221;default&#8221; global_colors_info=&#8221;{}&#8221;]<\/p>\n<p><span style=\"font-family: 'Bebas Neue',display; font-size: 24px;\">M\u00c9XICO<\/span><\/p>\n<ul class=\"rvh-members\">\n<li>Ana Cristina Arana L\u00f3pez,<\/li>\n<li>Gigi Arquelles,<\/li>\n<li>Lorenza Azc\u00e1rraga,<\/li>\n<li>Ernesto Canales,<\/li>\n<li>Lorenia Castillo,<\/li>\n<li>Alejandra Cervantes,<\/li>\n<li>Ana de Murga,<\/li>\n<li>Ana Paula de Alba,<\/li>\n<li>Derek Dellekamp,<\/li>\n<li>Maria Victoria Esteve,<\/li>\n<li>Blanca A. Fernandez y \u00d3scar H. Matus,<\/li>\n<li>Luis Emilio Gimenez Cacho y Hortensia Santiago,<\/li>\n<li>Ferm\u00edn Espinosa Mart\u00ednez y Guadalupe Lecona,<\/li>\n<li>Intercam \/ Eduardo Garcia Lecuona,<\/li>\n<li>Julieta Gim\u00e9nez Cacho y Jorge Espinosa,<\/li>\n<li>Luis Andr\u00e9s Gim\u00e9nez Cacho,<\/li>\n<li>Germaine G\u00f3mez-Haro,<\/li>\n<li>Rodrigo Gonz\u00e1lez,<\/li>\n<li>Jos\u00e9 Kuri y M\u00f3nica Manzutto,<\/li>\n<li>Mar\u00eda Ang\u00e9lica Linares,<\/li>\n<li>Ramiro Mart\u00ednez,<\/li>\n<li>Jorge Murgu\u00eda y Blanca Richardson,<\/li>\n<li>Patricia Ortiz Monasterio y Jaime Riestra,<\/li>\n<li>Mariana Paz y Hern\u00e1n S\u00e1nchez,<\/li>\n<li>Federico Rigoletti,<\/li>\n<li>Ritch Muller \/ James Ritch,<\/li>\n<li>Adolfo Rodr\u00edguez,<\/li>\n<li>Javier S\u00e1nchez,<\/li>\n<li>Alejandra Servitje,<\/li>\n<li>Aim\u00e9e Servitje,<\/li>\n<li>Eloisa Su\u00e1rez,<\/li>\n<li>Diego Yturbe.<\/li>\n<\/ul>\n<p><span style=\"font-family: 'Bebas Neue',display; font-size: 24px;\"><\/span><\/p>\n<p><span style=\"font-family: 'Bebas Neue',display; font-size: 24px;\"><\/span><\/p>\n<p><span style=\"font-family: 'Bebas Neue',display; font-size: 24px;\">LOS \u00c1NGELES<\/span><\/p>\n<ul class=\"rvh-members\">\n<li>Shelley Armistead,<\/li>\n<li>Aureo Baquerio,<\/li>\n<li>Heidi Basch-Harod,<\/li>\n<li>Tamar Ben Dov,<\/li>\n<li>M\u00f3nica Calder\u00f3n y Ezequiel Farca,<\/li>\n<li>Claudia Flores,<\/li>\n<li>Maggie Galton y Andrei Nicolayevsky,<\/li>\n<li>Maria Eladia Hagerman,<\/li>\n<li>Victoria Milano,<\/li>\n<li>Tiziana Mitchell,<\/li>\n<li>Stephanie Morton-Millstein y Eric Millistein,<\/li>\n<li>Vanessa Nacif,<\/li>\n<li>Familia Nicolayevsky\/,<\/li>\n<li>Roman Podkorytov,<\/li>\n<li>Elena Podkorytova,<\/li>\n<li>Familia Prieto Chiapa,<\/li>\n<li>Mariana Ram\u00edrez,<\/li>\n<li>Sara Reyes y Todd Ziman,<\/li>\n<li>Kate Seaton,<\/li>\n<li>Kendra Sosothikul.<\/li>\n<\/ul>\n<p><span style=\"font-family: 'Bebas Neue',display; font-size: 24px;\"><\/span><\/p>\n<p><span style=\"font-family: 'Bebas Neue',display; font-size: 24px;\"><\/span><\/p>\n<p><span style=\"font-family: 'Bebas Neue',display; font-size: 24px;\">EUA Y OTROS PA\u00cdSES<\/span><\/p>\n<ul class=\"rvh-members\">\n<li>Suzie Alexander y Gary Stolzoff,<\/li>\n<li>Isabel Allende foundation,<\/li>\n<li>Dawn Carlson y Emmet\u00a0 Schkloven,<\/li>\n<li>Thistle Farms,<\/li>\n<li>Steve Farneth y Elizabeth Rintoul,<\/li>\n<li>Mark Flashen,<\/li>\n<li>Marnie Fleming y Colin Mooers,<\/li>\n<li>Natalie Foster,<\/li>\n<li>Takashi Fukuda y Ana de Arce,<\/li>\n<li>Madeleine Grynsztejn y Thomas Shapiro,<\/li>\n<li>Betsy Hale,<\/li>\n<li>Helena y Joseph del Pesco,<\/li>\n<li>Kress Jack,<\/li>\n<li>Hannah Love y Scott Crocker,<\/li>\n<li>Victoria Molinarolo,<\/li>\n<li>Treana Peake,<\/li>\n<li>Kimberly Rider,<\/li>\n<li>Emily Scott,<\/li>\n<li>Rirkrit Tiravanija,<\/li>\n<li>Ivan Titkov,<\/li>\n<li>Paula Williams.<\/li>\n<\/ul>\n<p>[\/et_pb_tab][et_pb_tab title=&#8221;2021&#8243; _builder_version=&#8221;4.18.0&#8243; _module_preset=&#8221;default&#8221; global_colors_info=&#8221;{}&#8221;]<\/p>\n<ul class=\"rvh-members\">\n<li>Aimee Servitje,<\/li>\n<li>Alejandra Cano,<\/li>\n<li>Alisa Becket,<\/li>\n<li>Betsy Hale,<\/li>\n<li>Carlie Wilmans,<\/li>\n<li>Caroline Sebastiani,<\/li>\n<li>Claudia Flores,<\/li>\n<li>Eduardo Garcia Lecuona \/ Intercam,<\/li>\n<li>Eloisa Su\u00e1rez,<\/li>\n<li>Germaine G\u00f3mez Haro,<\/li>\n<li>Hannah Love &#038; Scott Crocker,<\/li>\n<li>Ivan Titkov,<\/li>\n<li>Jaemie Ballesteros Altman,<\/li>\n<li>Javier S\u00e1nchez,<\/li>\n<li>Jos\u00e9 Kuri &#038; M\u00f3nica Manzutto,<\/li>\n<li>Juan Manuel Rullan,<\/li>\n<li>Julieta Gim\u00e9nez Cacho &#038; Jorge Espinosa,<\/li>\n<li>Kate Seton,<\/li>\n<li>Kendra Sosothikul,<\/li>\n<li>Kress Jack,<\/li>\n<li>Lara Becerra,<\/li>\n<li>Lars Hirsch,<\/li>\n<li>Laurie Ziegler,<\/li>\n<li>Madeleine Grynsztejn &#038; Thomas Shapiro,<\/li>\n<li>Maggie Galton &#038; Andrei Nicolayevsky \/ Papalotla,<\/li>\n<li>Maria Eladia Hagerman &#038; Alejandro G. I\u00f1arritu,<\/li>\n<li>Maria Victoria Esteve de Murga,<\/li>\n<li>Mariana Ram\u00edrez,<\/li>\n<li>Mark Flashen,<\/li>\n<li>Marnie Fleming &#038; Colin Mooers,<\/li>\n<li>M\u00f3nica Calder\u00f3n &#038; Ezequiel Farca,<\/li>\n<li>Natalie Foster &#038; Matthew R. Ewing,<\/li>\n<li>Olga Krigman,<\/li>\n<li>Patricia Fajer &#038; Bruno Lambertini,<\/li>\n<li>Patricia Ortiz Monasterio,<\/li>\n<li>Jimena Gim\u00e9nez Cacho &#038; Paul Weir,<\/li>\n<li>Paula Williams,<\/li>\n<li>Rirkrit Tiravanija,<\/li>\n<li>Robyn Watson,<\/li>\n<li>Rocio Aquino &#038; Angel Orengo,<\/li>\n<li>Roman Podkorytov,<\/li>\n<li>Sara Reyes &#038; Todd Ziman,<\/li>\n<li>Shelley Armistead,<\/li>\n<li>Stephanie Morton-Millstein,<\/li>\n<li>Steve Farneth &#038; Elizabeth Rintoul,<\/li>\n<li>Susan Swig,<\/li>\n<li>Suzanne Golin \/ Angelica foundation,<\/li>\n<li>Tiziana Mitchell,<\/li>\n<li>Uzyel Karp &#038; Carmen Serra,<\/li>\n<li>Vanessa Nacif &#038; Aureo Baqueiro,<\/li>\n<li>Victoria Molinarolo.<\/li>\n<\/ul>\n<p>[\/et_pb_tab][et_pb_tab title=&#8221;2020&#8243; _builder_version=&#8221;4.18.0&#8243; _module_preset=&#8221;default&#8221; global_colors_info=&#8221;{}&#8221;]<\/p>\n<ul class=\"rvh-members\">\n<li>Aimee Servitje,<\/li>\n<li>Alejandra Cervantes,<\/li>\n<li>Alisa Becket,<\/li>\n<li>Barbara Silberbusch &#038; Charlie Arneson,<\/li>\n<li>Betsy Hale,<\/li>\n<li>Claudia Flores,<\/li>\n<li>Derek Dellekamp,<\/li>\n<li>Diego Yturbe,<\/li>\n<li>Eloisa Su\u00e1rez,<\/li>\n<li>Ernesto canales,<\/li>\n<li>Germaine G\u00f3mez Haro,<\/li>\n<li>Hannah Love &#038; Scott Crocker,<\/li>\n<li>Helen Woldenberg,<\/li>\n<li>Javier S\u00e1nchez,<\/li>\n<li>Julieta Gim\u00e9nez Cacho &#038; Jorge Espinosa,<\/li>\n<li>Kathia Molina,<\/li>\n<li>Lara Becerra,<\/li>\n<li>Madeleine Grynsztejn &#038; Thomas Shapiro,<\/li>\n<li>Maggie Galton &#038; Andrei Nicolayevsky,<\/li>\n<li>Maria Eladia Hagerman &#038; Alejandro Gonz\u00e1lez I\u00f1arritu,<\/li>\n<li>Maria Victoria Esteve de Murga,<\/li>\n<li>Mariana Ramirez,<\/li>\n<li>Marnie Fleming &#038; Colin Mooers,<\/li>\n<li>M\u00f3nica Calder\u00f3n &#038; Ezequiel Farca,<\/li>\n<li>Natalie Foster &#038; Matthew R. Ewing,<\/li>\n<li>Patricia Fajer &#038; Bruno Lambertini,<\/li>\n<li>Patricia Ortiz Monasterio &#038; Jaime Riestra,<\/li>\n<li>Paula Williams,<\/li>\n<li>Ramiro Mart\u00ednez,<\/li>\n<li>Rebecca Stevens,<\/li>\n<li>Rosalba Garza,<\/li>\n<li>Sara Reyes Ziman,<\/li>\n<li>Shelley Armistead,<\/li>\n<li>Sof\u00eda Fregoso,<\/li>\n<li>Stephanie Morton-Millstein,<\/li>\n<li>Steve Farneth &#038; Elizabeth Rintoul,<\/li>\n<li>Susan Swig,<\/li>\n<li>Vanessa Nacif &#038; Aureo Baqueiro.<\/li>\n<\/ul>\n<p>[\/et_pb_tab][et_pb_tab title=&#8221;2019&#8243; _builder_version=&#8221;4.18.0&#8243; _module_preset=&#8221;default&#8221; global_colors_info=&#8221;{}&#8221;]<\/p>\n<ul class=\"rvh-members\">\n<li>Aimee Servitje,<\/li>\n<li>Alejandro G\u00f3mez,<\/li>\n<li>Arturo &#038; Vanessa Filio,<\/li>\n<li>Barbara Silberbusch,<\/li>\n<li>Betsy Hale,<\/li>\n<li>Charlie Arneson,<\/li>\n<li>Claudia Flores,<\/li>\n<li>Claudia Kahn,<\/li>\n<li>Diego Yturbe,<\/li>\n<li>Familia Prieto Chiapa,<\/li>\n<li>Gabriela C\u00e1mara,<\/li>\n<li>Germaine G\u00f3mez Haro,<\/li>\n<li>Jimena Gim\u00e9nez Cacho &#038; Paul Weir,<\/li>\n<li>Julieta Gim\u00e9nez Cacho &#038; Jorge Espinosa,<\/li>\n<li>Loni Rush,<\/li>\n<li>Madeleine Grynsztejn &#038; Thomas Shapiro,<\/li>\n<li>Mariana Ramirez,<\/li>\n<li>Martha Colignon,<\/li>\n<li>Mercedes Vilardell,<\/li>\n<li>M\u00f3nica Calder\u00f3n &#038; Ezequiel Farca,<\/li>\n<li>Natalie Foster &#038; Matthew R. Ewing,<\/li>\n<li>Patricia Fajer &#038; Bruno Lambertini,<\/li>\n<li>Patricia Ortiz Monasterio,<\/li>\n<li>Paula Williams,<\/li>\n<li>Sara Reyes Ziman,<\/li>\n<li>Shelley Armistead,<\/li>\n<li>Susan Swig,<\/li>\n<li>Tere Iturralde,<\/li>\n<li>Vanessa Nacif &#038; Aureo Baqueiro.<\/li>\n<\/ul>\n<p>[\/et_pb_tab][et_pb_tab title=&#8221;2018&#8243; _builder_version=&#8221;4.18.0&#8243; _module_preset=&#8221;default&#8221; global_colors_info=&#8221;{}&#8221;]<\/p>\n<ul class=\"rvh-members\">\n<li>Aimee Servitje,<\/li>\n<li>Alejandra Cervantes,<\/li>\n<li>Alejandro Gonz\u00e1lez I\u00f1\u00e1rritu,<\/li>\n<li>Alejandro Ram\u00edrez,<\/li>\n<li>Andrei Nicolayevsky (Semillas Papalotla) ,<\/li>\n<li>Barbara Braniff,<\/li>\n<li>Betsy Hale,<\/li>\n<li>Carlos Prieto,<\/li>\n<li>Carolina Coppel &amp; Cesar L\u00f3pez Negrete,<\/li>\n<li>Cathy Bailey,<\/li>\n<li>Charles Hemminger,<\/li>\n<li>Cristina Barbachano,<\/li>\n<li>Cristina G\u00e1lvez Guzzy,<\/li>\n<li>Cristina Salas Porras Hudson,<\/li>\n<li>Cristobal Riestra,<\/li>\n<li>Daniel Vogel,<\/li>\n<li>Derek Dellekamp,<\/li>\n<li>Diego Yturbe,<\/li>\n<li>Dolores de Beistegui,<\/li>\n<li>Dominique Bendixen,<\/li>\n<li>Elizabeth Rintoul &amp; Steve Farneth,<\/li>\n<li>Eungie Joo,<\/li>\n<li>Gabriela C\u00e1mara,<\/li>\n<li>Germaine G\u00f3mez Haro,<\/li>\n<li>Gloria Cortina,<\/li>\n<li>James Martin,<\/li>\n<li>Javier S\u00e1nchez,<\/li>\n<li>Julieta Gim\u00e9nez Cacho &amp; Jorge Espinosa,<\/li>\n<li>Karen Walther,<\/li>\n<li>Kress Jack,<\/li>\n<li>Lisa Meltz,<\/li>\n<li>Maggie Galton ,<\/li>\n<li>Maria Eladia Hagerman,<\/li>\n<li>Marilyn London &amp; Tom Ewing,<\/li>\n<li>M\u00f3nica Calder\u00f3n &amp; Ezequiel Farca,<\/li>\n<li>M\u00f3nica Manzutto &amp; Jos\u00e9 Kuri,<\/li>\n<li>Natalie Foster &amp; Matthew R. Ewing,<\/li>\n<li>Patricia Ortiz Monasterio,<\/li>\n<li>Paula Williams,<\/li>\n<li>PIVOTAL,<\/li>\n<li>Ra\u00fal Zorrilla &amp; Alberto Bremermann,<\/li>\n<li>Renee Zellweger,<\/li>\n<li>Rob Forbes,<\/li>\n<li>Robin Petravic,<\/li>\n<li>Stanlee Gatti,<\/li>\n<li>Tania Rodr\u00edguez,<\/li>\n<li>Tatiana Bilbao &amp; Sandro Landucci.<\/li>\n<\/ul>\n<p>[\/et_pb_tab][et_pb_tab title=&#8221;2017&#8243; _builder_version=&#8221;4.18.0&#8243; _module_preset=&#8221;default&#8221; global_colors_info=&#8221;{}&#8221;]<\/p>\n<ul class=\"rvh-members\">\n<li>Abraham Cruzvillegas,<\/li>\n<li>Alejandra Cervantes,<\/li>\n<li>Arturo &amp; Vanessa Filio,<\/li>\n<li>Bill Roe,<\/li>\n<li>Carolina Coppel &amp; Cesar L\u00f3pez Negrete,<\/li>\n<li>Cathy Bailey &amp; Robin Petravic,<\/li>\n<li>Colin Mooers,<\/li>\n<li>Damian Ortega &amp; Isadora Hastings,<\/li>\n<li>Derek Dellekamp,<\/li>\n<li>Dietel Partners,<\/li>\n<li>Eugenia Braniff,<\/li>\n<li>Gabriela C\u00e1mara,<\/li>\n<li>Gina Barrios,<\/li>\n<li>Ignacio Garza,<\/li>\n<li>Javier Arredondo,<\/li>\n<li>Joni Parman,<\/li>\n<li>M\u00f3nica Manzutto &amp; Jos\u00e9 Kuri,<\/li>\n<li>Julieta Gim\u00e9nez Cacho &amp; Jorge Espinosa,<\/li>\n<li>Laura Laviada,<\/li>\n<li>Luis Barrios,<\/li>\n<li>Marcella Echavarria,<\/li>\n<li>Marnie Fleming,<\/li>\n<li>Natalie Foster &amp; Matthew R. Ewing,<\/li>\n<li>Patricia D\u00edaz Romo,<\/li>\n<li>Patricia Ortiz Monasterio &amp; Jaime Riestra,<\/li>\n<li>Paula Williams,<\/li>\n<li>Ra\u00fal Zorrilla,<\/li>\n<li>Sergio Hernandez,<\/li>\n<li>Elizabeth Rintoul &amp; Steve Farneth,<\/li>\n<li>Tatiana Bilbao &amp; Sandro Landucci,<\/li>\n<li>Uzyel Karp.<\/li>\n<\/ul>\n<p>[\/et_pb_tab][\/et_pb_tabs][\/et_pb_column][\/et_pb_row][\/et_pb_section]<\/p>\n","protected":false},"excerpt":{"rendered":"<p><div class=\"et_pb_module lwp_divi_breadcrumbs lwp_divi_breadcrumbs_0 et_pb_sticky_module\">\n\t\t\t\t\n\t\t\t\t\n\t\t\t\t\n\t\t\t\t\n\t\t\t\t\n\t\t\t\t\n\t\t\t\t<div class=\"et_pb_module_inner\">\n\t\t\t\t\t<div class=\"lwp-breadcrumbs\"> <span class=\"before\"><\/span> <span vocab=\"https:\/\/schema.org\/\" typeof=\"BreadcrumbList\"><span property=\"itemListElement\" typeof=\"ListItem\"><a property=\"item\" typeof=\"WebPage\" href=\"https:\/\/innovandolatradicion.org\/en\/\" class=\"home\"><span property=\"name\">Home<\/span><\/a><meta property=\"position\" content=\"1\"><\/span> <span class=\"separator et-pb-icon\">5<\/span> <\/span><\/div>\n\t\t\t\t<\/div>\n\t\t\t<\/div>M\u00c9XICO JULIETA GIM\u00c9NEZ CACHO &#038; JORGE ESPINOSA, INTERCAM GRUPO FINANCIERO \/ EDUARDO LECUONA, ANA CRISTINA ARANA L\u00d3PEZ, LUIS ANDR\u00c9S GIM\u00c9NEZ CACHO, ALEJANDRA SERVITJE, LORENZA AZC\u00c1RRAGA, FEDERICO RIGOLETTI, RAMIRO MART\u00cdNEZ, ALEJANDRA CERVANTES, PATRICIA ORTIZ [&hellip;]<\/p>\n","protected":false},"author":1,"featured_media":0,"parent":38,"menu_order":0,"comment_status":"closed","ping_status":"closed","template":"","meta":{"_et_pb_use_builder":"on","_et_pb_old_content":"<!-- wp:divi\/placeholder \/-->","_et_gb_content_width":"","inline_featured_image":false,"footnotes":""},"class_list":["post-113","page","type-page","status-publish","hentry"],"_links":{"self":[{"href":"https:\/\/innovandolatradicion.org\/en\/wp-json\/wp\/v2\/pages\/113","targetHints":{"allow":["GET"]}}],"collection":[{"href":"https:\/\/innovandolatradicion.org\/en\/wp-json\/wp\/v2\/pages"}],"about":[{"href":"https:\/\/innovandolatradicion.org\/en\/wp-json\/wp\/v2\/types\/page"}],"author":[{"embeddable":true,"href":"https:\/\/innovandolatradicion.org\/en\/wp-json\/wp\/v2\/users\/1"}],"replies":[{"embeddable":true,"href":"https:\/\/innovandolatradicion.org\/en\/wp-json\/wp\/v2\/comments?post=113"}],"version-history":[{"count":48,"href":"https:\/\/innovandolatradicion.org\/en\/wp-json\/wp\/v2\/pages\/113\/revisions"}],"predecessor-version":[{"id":2598,"href":"https:\/\/innovandolatradicion.org\/en\/wp-json\/wp\/v2\/pages\/113\/revisions\/2598"}],"up":[{"embeddable":true,"href":"https:\/\/innovandolatradicion.org\/en\/wp-json\/wp\/v2\/pages\/38"}],"wp:attachment":[{"href":"https:\/\/innovandolatradicion.org\/en\/wp-json\/wp\/v2\/media?parent=113"}],"curies":[{"name":"wp","href":"https:\/\/api.w.org\/{rel}","templated":true}]}}