{"id":100,"date":"2022-05-20T20:35:01","date_gmt":"2022-05-20T20:35:01","guid":{"rendered":"http:\/\/it2021.innovandolatradicion.org\/?page_id=100"},"modified":"2023-01-12T20:27:33","modified_gmt":"2023-01-12T20:27:33","slug":"comunidad-de-aprendizaje","status":"publish","type":"page","link":"https:\/\/innovandolatradicion.org\/en\/nuestra-milpa\/comunidad-de-aprendizaje\/","title":{"rendered":"Learning community of potters"},"content":{"rendered":"<p>[et_pb_section fb_built=&#8221;1&#8243; disabled_on=&#8221;on|on|off&#8221; admin_label=&#8221;lenguage-header-yellow&#8221; _builder_version=&#8221;4.17.6&#8243; _module_preset=&#8221;default&#8221; background_color=&#8221;gcid-51e092f7-3f41-4be5-8df2-326198ab21a9&#8243; z_index=&#8221;10&#8243; height=&#8221;100px&#8221; height_tablet=&#8221;70px&#8221; height_phone=&#8221;50px&#8221; height_last_edited=&#8221;on|phone&#8221; max_height=&#8221;100px&#8221; custom_padding=&#8221;0px|5vw|0px|5vw|true|true&#8221; custom_css_main_element=&#8221;width: calc(100% &#8211; 300px);||margin-left:300px !important;&#8221; border_width_bottom=&#8221;4px&#8221; border_color_bottom=&#8221;gcid-1e2fd13e-1b2f-4961-8527-1e8cfd255614&#8243; global_colors_info=&#8221;{%22gcid-51e092f7-3f41-4be5-8df2-326198ab21a9%22:%91%22background_color%22%93,%22gcid-1e2fd13e-1b2f-4961-8527-1e8cfd255614%22:%91%22border_color_bottom%22%93}&#8221; custom_css_main_element_last_edited=&#8221;on|tablet&#8221; custom_css_main_element_tablet=&#8221;width: 100%;&#8221; custom_css_main_element_phone=&#8221;width: 100%;&#8221;][\/et_pb_section][et_pb_section fb_built=&#8221;1&#8243; custom_padding_last_edited=&#8221;on|phone&#8221; admin_label=&#8221;title-header-yellow&#8221; _builder_version=&#8221;4.19.4&#8243; _module_preset=&#8221;default&#8221; background_color=&#8221;gcid-51e092f7-3f41-4be5-8df2-326198ab21a9&#8243; positioning=&#8221;none&#8221; custom_padding=&#8221;0px|3vw|0px|3vw|false|true&#8221; custom_padding_tablet=&#8221;0px|6vw|0px|6vw|true|true&#8221; custom_padding_phone=&#8221;0px|8vw|0px|8vw|true|true&#8221; custom_css_main_element=&#8221;width: calc(100% &#8211; 300px);||margin-left:300px !important;&#8221; global_colors_info=&#8221;{%22gcid-51e092f7-3f41-4be5-8df2-326198ab21a9%22:%91%22background_color%22%93}&#8221; custom_css_main_element_last_edited=&#8221;on|phone&#8221; custom_css_main_element_tablet=&#8221;width: 100%;&#8221; custom_css_main_element_phone=&#8221;width: 100%;&#8221;][et_pb_row _builder_version=&#8221;4.17.4&#8243; _module_preset=&#8221;default&#8221; width=&#8221;100%&#8221; max_width=&#8221;100%&#8221; global_colors_info=&#8221;{}&#8221;][et_pb_column type=&#8221;4_4&#8243; _builder_version=&#8221;4.17.4&#8243; _module_preset=&#8221;default&#8221; global_colors_info=&#8221;{}&#8221;][lwp_divi_breadcrumbs font_icon=&#8221;&#x35;||divi||400&#8243; use_before_icon=&#8221;off&#8221; link_color=&#8221;gcid-cd28a455-10ce-4391-b769-b9d2c09cf429&#8243; separator_color=&#8221;gcid-1e2fd13e-1b2f-4961-8527-1e8cfd255614&#8243; current_text_color=&#8221;gcid-1e2fd13e-1b2f-4961-8527-1e8cfd255614&#8243; _builder_version=&#8221;4.17.6&#8243; _module_preset=&#8221;default&#8221; module_font=&#8221;Bebas Neue|||on|||||&#8221; module_font_size=&#8221;20px&#8221; sticky_position=&#8221;top&#8221; module_font_size_tablet=&#8221;16px&#8221; module_font_size_phone=&#8221;14px&#8221; module_font_size_last_edited=&#8221;on|phone&#8221; global_colors_info=&#8221;{%22gcid-cd28a455-10ce-4391-b769-b9d2c09cf429%22:%91%22link_color%22,%22link_color%22%93,%22gcid-1e2fd13e-1b2f-4961-8527-1e8cfd255614%22:%91%22separator_color%22,%22current_text_color%22,%22separator_color%22,%22current_text_color%22%93,%22gcid-51e092f7-3f41-4be5-8df2-326198ab21a9%22:%91%22background_color%22%93}&#8221; custom_padding__sticky=&#8221;16px||16px||true|false&#8221; custom_padding__sticky_enabled=&#8221;on|sticky&#8221; background_color__sticky=&#8221;gcid-51e092f7-3f41-4be5-8df2-326198ab21a9&#8243; background__sticky_enabled=&#8221;on|sticky&#8221; background_enable_color__sticky=&#8221;on&#8221; z_index__sticky=&#8221;100&#8243; z_index__sticky_enabled=&#8221;on|sticky&#8221;][\/lwp_divi_breadcrumbs][et_pb_text _builder_version=&#8221;4.19.4&#8243; _dynamic_attributes=&#8221;content&#8221; _module_preset=&#8221;default&#8221; header_2_font=&#8221;Bebas Neue|||on|||||&#8221; header_2_text_color=&#8221;gcid-1e2fd13e-1b2f-4961-8527-1e8cfd255614&#8243; header_2_font_size=&#8221;120px&#8221; custom_margin_last_edited=&#8221;off|desktop&#8221; hover_enabled=&#8221;0&#8243; header_2_font_size_tablet=&#8221;60px&#8221; header_2_font_size_phone=&#8221;40px&#8221; header_2_font_size_last_edited=&#8221;on|phone&#8221; global_colors_info=&#8221;{%22gcid-1e2fd13e-1b2f-4961-8527-1e8cfd255614%22:%91%22header_2_text_color%22%93}&#8221; sticky_enabled=&#8221;0&#8243;]@ET-DC@eyJkeW5hbWljIjp0cnVlLCJjb250ZW50IjoicG9zdF90aXRsZSIsInNldHRpbmdzIjp7ImJlZm9yZSI6IjxoMj4iLCJhZnRlciI6IjwvaDI+In19@[\/et_pb_text][\/et_pb_column][\/et_pb_row][\/et_pb_section][et_pb_section fb_built=&#8221;1&#8243; custom_padding_last_edited=&#8221;on|phone&#8221; _builder_version=&#8221;4.17.6&#8243; _module_preset=&#8221;default&#8221; background_color=&#8221;gcid-51e092f7-3f41-4be5-8df2-326198ab21a9&#8243; positioning=&#8221;none&#8221; custom_padding=&#8221;10px|3vw|100px|3vw|false|true&#8221; custom_padding_tablet=&#8221;10px|6vw|100px|6vw|false|true&#8221; custom_padding_phone=&#8221;10px|8vw|50px|8vw|false|true&#8221; custom_css_main_element=&#8221;width: calc(100% &#8211; 300px);||margin-left:300px !important;&#8221; border_width_bottom_tablet=&#8221;3px&#8221; border_width_bottom_phone=&#8221;2px&#8221; border_width_bottom_last_edited=&#8221;off|desktop&#8221; global_colors_info=&#8221;{%22gcid-51e092f7-3f41-4be5-8df2-326198ab21a9%22:%91%22background_color%22%93}&#8221; custom_css_main_element_last_edited=&#8221;on|phone&#8221; custom_css_main_element_tablet=&#8221;width: 100%;&#8221; custom_css_main_element_phone=&#8221;width: 100%;&#8221;][et_pb_row column_structure=&#8221;3_4,1_4&#8243; custom_padding_last_edited=&#8221;on|phone&#8221; _builder_version=&#8221;4.17.6&#8243; _module_preset=&#8221;default&#8221; z_index=&#8221;1&#8243; width=&#8221;100%&#8221; max_width=&#8221;1380px&#8221; module_alignment=&#8221;left&#8221; custom_padding=&#8221;||100px||false|false&#8221; custom_padding_tablet=&#8221;||70px||false|false&#8221; custom_padding_phone=&#8221;||50px||false|false&#8221; border_width_bottom=&#8221;4px&#8221; border_color_bottom=&#8221;gcid-1e2fd13e-1b2f-4961-8527-1e8cfd255614&#8243; border_width_bottom_tablet=&#8221;3px&#8221; border_width_bottom_phone=&#8221;2px&#8221; border_width_bottom_last_edited=&#8221;on|phone&#8221; global_colors_info=&#8221;{%22gcid-1e2fd13e-1b2f-4961-8527-1e8cfd255614%22:%91%22border_color_bottom%22%93}&#8221;][et_pb_column type=&#8221;3_4&#8243; _builder_version=&#8221;4.17.4&#8243; _module_preset=&#8221;default&#8221; global_colors_info=&#8221;{}&#8221;][et_pb_text _builder_version=&#8221;4.17.6&#8243; _module_preset=&#8221;default&#8221; global_colors_info=&#8221;{}&#8221;]<\/p>\n<p><span style=\"font-weight: 400;\">Un espacio de formaci\u00f3n donde alfareros y alfareras comparten sus saberes, expandiendo sus habilidades hacia otros campos de conocimiento o inter\u00e9s. Es un espacio de confianza, colaboraci\u00f3n, hermandad y convivencia, donde todxs tenemos algo que ense\u00f1ar y algo que aprender. <\/span><\/p>\n<p>[\/et_pb_text][dpdfg_filtergrid custom_query=&#8221;advanced&#8221; use_taxonomy_terms=&#8221;on&#8221; multiple_taxonomies=&#8221;movimiento&#8221; include_terms=&#8221;37&#8243; no_results=&#8221;Sin resultados.&#8221; thumbnail_size=&#8221;dfg_full&#8221; show_post_meta=&#8221;off&#8221; show_content=&#8221;on&#8221; custom_content_container=&#8221;off&#8221; trigger_filters=&#8221;last_level&#8221; filter_layout=&#8221;select&#8221; multilevel=&#8221;on&#8221; multilevel_tax_data=&#8221;%91{%22name%22:%22comunidad%22,%22label%22:%22Comunidades%22,%22all%22:%22%22},{%22name%22:%22a\u00f1o%22,%22label%22:%22A\u00f1o%22,%22all%22:%22%22}%93&#8243; pagination_type=&#8221;scroll&#8221; items_layout=&#8221;dp-dfg-layout-masonry&#8221; items_skin=&#8221;dp-dfg-skin-default dp-dfg-skin-itemsinoverlay&#8221; items_width=&#8221;30%&#8221; column_gutter=&#8221;1em&#8221; row_gutter=&#8221;1em&#8221; use_overlay_icon=&#8221;off&#8221; hover_overlay_color=&#8221;rgba(255,90,51,0.8)&#8221; show_search=&#8221;on&#8221; search_placeholder=&#8221;Buscar&#8221; search_position=&#8221;right&#8221; filters_width_tablet=&#8221;2&#8243; filters_width_phone=&#8221;1&#8243; filters_width_last_edited=&#8221;on|phone&#8221; items_width_phone=&#8221;100%&#8221; items_width_flex_tablet=&#8221;33.2%&#8221; row_gutter_flex_tablet=&#8221;0.3%&#8221; row_gutter_flex_phone=&#8221;2.6%&#8221; _builder_version=&#8221;4.17.6&#8243; _module_preset=&#8221;default&#8221; dpdfg_entry_title_text_color=&#8221;gcid-a9e70928-2602-4962-82d5-9b476600946c&#8221; dpdfg_entry_title_font_size=&#8221;30px&#8221; dpdfg_entry_summary_text_color=&#8221;gcid-a9e70928-2602-4962-82d5-9b476600946c&#8221; dpdfg_search_font=&#8221;Open Sans|||on|||||&#8221; dpdfg_search_text_color=&#8221;gcid-cd28a455-10ce-4391-b769-b9d2c09cf429&#8243; dpdfg_filters_font=&#8221;Merriweather||||||||&#8221; dpdfg_filters_text_color=&#8221;gcid-cd28a455-10ce-4391-b769-b9d2c09cf429&#8243; dpdfg_filters_active_text_color=&#8221;gcid-51e092f7-3f41-4be5-8df2-326198ab21a9&#8243; dpdfg_levels_labels_font=&#8221;Open Sans||||||||&#8221; dpdfg_dropdown_labels_font=&#8221;Open Sans|||on|||||&#8221; dpdfg_dropdown_labels_text_color=&#8221;gcid-cd28a455-10ce-4391-b769-b9d2c09cf429&#8243; dpdfg_entry_title_font_size_tablet=&#8221;20px&#8221; dpdfg_entry_title_font_size_phone=&#8221;20px&#8221; dpdfg_entry_title_font_size_last_edited=&#8221;on|phone&#8221; custom_css_dp-dfg-dropdown-tags=&#8221;||&#8221; global_colors_info=&#8221;{%22gcid-a9e70928-2602-4962-82d5-9b476600946c%22:%91%22overlay_icon_color%22,%22dpdfg_entry_title_text_color%22,%22dpdfg_entry_summary_text_color%22%93,%22gcid-cd28a455-10ce-4391-b769-b9d2c09cf429%22:%91%22dpdfg_filters_text_color%22,%22dpdfg_dropdown_labels_text_color%22,%22dpdfg_search_text_color%22%93,%22gcid-51e092f7-3f41-4be5-8df2-326198ab21a9%22:%91%22dpdfg_filters_active_text_color%22%93}&#8221; child_filter_saturate__hover_enabled=&#8221;off|desktop&#8221; child_filter_saturate__hover=&#8221;100%&#8221;][\/dpdfg_filtergrid][\/et_pb_column][et_pb_column type=&#8221;1_4&#8243; _builder_version=&#8221;4.17.4&#8243; _module_preset=&#8221;default&#8221; global_colors_info=&#8221;{}&#8221;][\/et_pb_column][\/et_pb_row][\/et_pb_section]<\/p>\n","protected":false},"excerpt":{"rendered":"<p><div class=\"et_pb_module lwp_divi_breadcrumbs lwp_divi_breadcrumbs_0 et_pb_sticky_module\">\n\t\t\t\t\n\t\t\t\t\n\t\t\t\t\n\t\t\t\t\n\t\t\t\t\n\t\t\t\t\n\t\t\t\t<div class=\"et_pb_module_inner\">\n\t\t\t\t\t<div class=\"lwp-breadcrumbs\"> <span class=\"before\"><\/span> <span vocab=\"https:\/\/schema.org\/\" typeof=\"BreadcrumbList\"><span property=\"itemListElement\" typeof=\"ListItem\"><a property=\"item\" typeof=\"WebPage\" href=\"https:\/\/innovandolatradicion.org\/en\/\" class=\"home\"><span property=\"name\">Home<\/span><\/a><meta property=\"position\" content=\"1\"><\/span> <span class=\"separator et-pb-icon\">5<\/span> <\/span><\/div>\n\t\t\t\t<\/div>\n\t\t\t<\/div>Un espacio de formaci\u00f3n donde alfareros y alfareras comparten sus saberes, expandiendo sus habilidades hacia otros campos de conocimiento o inter\u00e9s. Es un espacio de confianza, colaboraci\u00f3n, hermandad y convivencia, donde todxs tenemos [&hellip;]<\/p>\n","protected":false},"author":1,"featured_media":0,"parent":34,"menu_order":0,"comment_status":"closed","ping_status":"closed","template":"","meta":{"_et_pb_use_builder":"on","_et_pb_old_content":"<!-- wp:divi\/placeholder \/-->","_et_gb_content_width":"","inline_featured_image":false,"footnotes":""},"class_list":["post-100","page","type-page","status-publish","hentry"],"_links":{"self":[{"href":"https:\/\/innovandolatradicion.org\/en\/wp-json\/wp\/v2\/pages\/100","targetHints":{"allow":["GET"]}}],"collection":[{"href":"https:\/\/innovandolatradicion.org\/en\/wp-json\/wp\/v2\/pages"}],"about":[{"href":"https:\/\/innovandolatradicion.org\/en\/wp-json\/wp\/v2\/types\/page"}],"author":[{"embeddable":true,"href":"https:\/\/innovandolatradicion.org\/en\/wp-json\/wp\/v2\/users\/1"}],"replies":[{"embeddable":true,"href":"https:\/\/innovandolatradicion.org\/en\/wp-json\/wp\/v2\/comments?post=100"}],"version-history":[{"count":23,"href":"https:\/\/innovandolatradicion.org\/en\/wp-json\/wp\/v2\/pages\/100\/revisions"}],"predecessor-version":[{"id":1935,"href":"https:\/\/innovandolatradicion.org\/en\/wp-json\/wp\/v2\/pages\/100\/revisions\/1935"}],"up":[{"embeddable":true,"href":"https:\/\/innovandolatradicion.org\/en\/wp-json\/wp\/v2\/pages\/34"}],"wp:attachment":[{"href":"https:\/\/innovandolatradicion.org\/en\/wp-json\/wp\/v2\/media?parent=100"}],"curies":[{"name":"wp","href":"https:\/\/api.w.org\/{rel}","templated":true}]}}